{"id":6537,"date":"2025-09-01T15:26:36","date_gmt":"2025-09-01T13:26:36","guid":{"rendered":"https:\/\/titanacademy.eu\/buscas-clases-de-kickboxing-cerca-de-ti-en-gibraltar\/"},"modified":"2025-09-02T12:31:14","modified_gmt":"2025-09-02T10:31:14","slug":"kickboxing-cerca-de-mi","status":"publish","type":"page","link":"https:\/\/titanacademy.eu\/es\/kickboxing-cerca-de-mi\/","title":{"rendered":"\u00bfBuscas clases de kickboxing cerca de ti en Gibraltar?"},"content":{"rendered":"\n<div class=\"wp-block-columns is-layout-flex wp-container-core-columns-is-layout-9d6595d7 wp-block-columns-is-layout-flex\">\n<div class=\"wp-block-column is-vertically-aligned-center is-layout-flow wp-block-column-is-layout-flow\">\n<p>Descubre el programa de kickboxing de alta energ\u00eda de Titan Academy, donde el fitness se une a las artes marciales en un entorno de apoyo y centrado en la t\u00e9cnica. <\/p>\n<\/div>\n\n\n\n<div class=\"wp-block-column is-layout-flow wp-block-column-is-layout-flow\">\n<p>Ya sea que busques ponerte en forma, aprender defensa personal o simplemente probar algo nuevo, nuestras clases de kickboxing ofrecen la combinaci\u00f3n perfecta de cardio, fuerza y desarrollo de habilidades para todos los niveles.<\/p>\n<\/div>\n<\/div>\n\n<div style=\"height:31px\" aria-hidden=\"true\" class=\"wp-block-spacer\"><\/div>\n\n<h2 class=\"wp-block-heading has-text-align-center\"><strong>Kickboxing en Titan Academy: entrena como un luchador<\/strong><\/h2>\n\n<h3 class=\"wp-block-heading\">Clases de kickboxing para fitness, potencia y autoconfianza<\/h3>\n\n<p>En Titan Academy, hemos creado un programa de kickboxing que ofrece resultados a la vez que da la bienvenida a practicantes de todos los niveles de experiencia. Nuestras clases combinan aut\u00e9nticas t\u00e9cnicas de golpeo con entrenamiento centrado en el fitness para ayudarte a desarrollar fuerza, resistencia y confianza. <\/p>\n\n<p>Lo que hace que nuestro programa de kickboxing sea especial:<\/p>\n\n<ul class=\"wp-block-list\">\n<li><strong>Todos los niveles son bienvenidos<\/strong>: desde principiantes hasta strikers experimentados<\/li>\n\n\n\n<li><strong>Enfoque centrado en el fitness<\/strong> que quema calor\u00edas mientras ense\u00f1a habilidades reales<\/li>\n\n\n\n<li><strong>Entorno de apoyo y sin ego<\/strong> donde todos pueden prosperar<\/li>\n\n\n\n<li><strong>Instrucci\u00f3n experta<\/strong> de entrenadores experimentados que hablan ingl\u00e9s<\/li>\n\n\n\n<li><strong>Plan de estudios progresivo<\/strong> que desarrolla tus habilidades sesi\u00f3n tras sesi\u00f3n<\/li>\n<\/ul>\n\n<p>\u00abBuscaba algo m\u00e1s atractivo que la cinta de correr, pero me sent\u00eda intimidada por las artes marciales. Las clases de kickboxing de Titan fueron la soluci\u00f3n perfecta: desafiantes pero acogedoras, con entrenadores que realmente se preocupan por tu progreso\u00bb. \u2013 <em>Sarah, miembro desde 2023<\/em><\/p>\n\n<div style=\"height:31px\" aria-hidden=\"true\" class=\"wp-block-spacer\"><\/div>\n\n<div class=\"wp-block-columns is-layout-flex wp-container-core-columns-is-layout-9d6595d7 wp-block-columns-is-layout-flex\">\n<div class=\"wp-block-column is-layout-flow wp-block-column-is-layout-flow\">\n<h2 class=\"wp-block-heading\">\u00bfPor qu\u00e9 entrenar kickboxing en Titan Academy?<\/h2>\n\n\n\n<h3 class=\"wp-block-heading\">Quema calor\u00edas, desarrolla confianza y aprende habilidades reales<\/h3>\n\n\n\n<p>El kickboxing en Titan Academy ofrece beneficios que van mucho m\u00e1s all\u00e1 de la clase de fitness promedio:<\/p>\n\n\n\n<h4 class=\"wp-block-heading\">Transformaci\u00f3n f\u00edsica<\/h4>\n\n\n\n<ul class=\"wp-block-list\">\n<li><strong>Entrenamientos de alta intensidad<\/strong> que queman hasta 800 calor\u00edas por sesi\u00f3n<\/li>\n\n\n\n<li><strong>Acondicionamiento de cuerpo completo<\/strong> que desarrolla fuerza, flexibilidad y coordinaci\u00f3n<\/li>\n\n\n\n<li><strong>Mejora de la salud cardiovascular<\/strong> a trav\u00e9s del entrenamiento basado en intervalos<\/li>\n\n\n\n<li><strong>Fitness funcional<\/strong> que se traduce en actividades cotidianas<\/li>\n<\/ul>\n\n\n\n<h4 class=\"wp-block-heading\">Beneficios mentales<\/h4>\n\n\n\n<ul class=\"wp-block-list\">\n<li><strong>Alivio del estr\u00e9s<\/strong> a trav\u00e9s de la expresi\u00f3n f\u00edsica y la liberaci\u00f3n de endorfinas<\/li>\n\n\n\n<li><strong>Mayor concentraci\u00f3n y claridad mental<\/strong> gracias al movimiento consciente<\/li>\n\n\n\n<li><strong>Aumento de la confianza<\/strong> a medida que dominas nuevas habilidades<\/li>\n\n\n\n<li><strong>V\u00e1lvula de escape saludable<\/strong> para liberar tensi\u00f3n y energ\u00eda negativa<\/li>\n<\/ul>\n\n\n\n<h4 class=\"wp-block-heading\">Desarrollo t\u00e9cnico<\/h4>\n\n\n\n<ul class=\"wp-block-list\">\n<li><strong>Aut\u00e9nticas t\u00e9cnicas de golpeo<\/strong> impartidas por artistas marciales experimentados<\/li>\n\n\n\n<li><strong>Desarrollo progresivo de habilidades<\/strong> desde los fundamentos hasta las combinaciones avanzadas<\/li>\n\n\n\n<li><strong>Ejercicios seguros con compa\u00f1eros<\/strong> que desarrollan la sincronizaci\u00f3n y la gesti\u00f3n de la distancia<\/li>\n\n\n\n<li><strong>Sparring opcional<\/strong> para aquellos interesados en poner a prueba sus habilidades (nunca obligatorio)<\/li>\n<\/ul>\n\n\n\n<p>\u00abLas clases de kickboxing en Titan han transformado no solo mi cuerpo sino tambi\u00e9n mi mentalidad. Estoy m\u00e1s fuerte, tengo m\u00e1s confianza y he encontrado una forma saludable de controlar el estr\u00e9s laboral. Adem\u00e1s, saber que puedo defenderme si es necesario es empoderador\u00bb. \u2013 <em>James, miembro desde 2022<\/em><\/p>\n<\/div>\n<\/div>\n\n<div style=\"height:31px\" aria-hidden=\"true\" class=\"wp-block-spacer\"><\/div>\n\n<figure class=\"wp-block-image size-full is-resized\"><img fetchpriority=\"high\" decoding=\"async\" width=\"1440\" height=\"1080\" src=\"https:\/\/titanacademy.eu\/wp-content\/uploads\/2024\/02\/jiu-jitsu-2-scaled.jpg\" alt=\"\" class=\"wp-image-3030\" style=\"object-fit:cover;width:1200px;height:500px\" title=\"\" srcset=\"https:\/\/titanacademy.eu\/wp-content\/uploads\/2024\/02\/jiu-jitsu-2-scaled.jpg 1440w, https:\/\/titanacademy.eu\/wp-content\/uploads\/2024\/02\/jiu-jitsu-2-300x225.jpg 300w, https:\/\/titanacademy.eu\/wp-content\/uploads\/2024\/02\/jiu-jitsu-2-1024x768.jpg 1024w, https:\/\/titanacademy.eu\/wp-content\/uploads\/2024\/02\/jiu-jitsu-2-768x576.jpg 768w, https:\/\/titanacademy.eu\/wp-content\/uploads\/2024\/02\/jiu-jitsu-2-1536x1152.jpg 1536w, https:\/\/titanacademy.eu\/wp-content\/uploads\/2024\/02\/jiu-jitsu-2-1x1.jpg 1w\" sizes=\"(max-width: 1440px) 100vw, 1440px\" \/><\/figure>\n\n<div style=\"height:31px\" aria-hidden=\"true\" class=\"wp-block-spacer\"><\/div>\n\n<h2 class=\"wp-block-heading has-text-align-center\">Kickboxing para principiantes<\/h2>\n\n<h3 class=\"wp-block-heading\">\u00bfNunca has lanzado un pu\u00f1etazo? Nosotros te ayudamos <\/h3>\n\n<p>Muchos de nuestros miembros m\u00e1s dedicados nunca hab\u00edan pisado un gimnasio de artes marciales antes de unirse a Titan Academy. Nuestro enfoque para principiantes garantiza que todos se sientan bienvenidos y puedan progresar a su propio ritmo: <\/p>\n\n<h4 class=\"wp-block-heading\">Qu\u00e9 esperar en tu primera clase<\/h4>\n\n<ul class=\"wp-block-list\">\n<li><strong>Calentamiento completo<\/strong> para preparar tu cuerpo de forma segura<\/li>\n\n\n\n<li><strong>Instrucci\u00f3n b\u00e1sica de postura y juego de pies<\/strong><\/li>\n\n\n\n<li><strong>T\u00e9cnicas fundamentales de golpeo<\/strong> (jab, cross, gancho, patada frontal)<\/li>\n\n\n\n<li><strong>Ejercicios con compa\u00f1eros<\/strong> con focus mitts o pads<\/li>\n\n\n\n<li><strong>Fortalecimiento del core<\/strong> y acondicionamiento<\/li>\n\n\n\n<li><strong>Enfriamiento y estiramientos<\/strong><\/li>\n<\/ul>\n\n<h4 class=\"wp-block-heading\">Qu\u00e9 traer<\/h4>\n\n<ul class=\"wp-block-list\">\n<li><strong>Ropa c\u00f3moda para hacer ejercicio<\/strong> (camiseta\/tank top y pantalones cortos\/leggings)<\/li>\n\n\n\n<li><strong>Botella de agua<\/strong> (estaci\u00f3n de recarga disponible)<\/li>\n\n\n\n<li><strong>Toalla<\/strong> (opcional pero recomendada)<\/li>\n\n\n\n<li><strong>Zapatillas deportivas<\/strong> o entrenar descalzo (tu preferencia)<\/li>\n<\/ul>\n\n<h4 class=\"wp-block-heading\">Qu\u00e9 proporcionamos para los principiantes<\/h4>\n\n<ul class=\"wp-block-list\">\n<li><strong>Vendas para las manos<\/strong> para la protecci\u00f3n de la mu\u00f1eca<\/li>\n\n\n\n<li><strong>Guantes<\/strong> para pedir prestados en tus primeras clases<\/li>\n\n\n\n<li><strong>Todo el equipo necesario<\/strong> (pads, sacos, etc.)<\/li>\n\n\n\n<li><strong>Instrucciones paso a paso<\/strong>: no se necesita experiencia<\/li>\n<\/ul>\n\n<p class=\"has-text-align-left\">\u00abEstaba muy nerviosa por parecer tonta en mi primera clase, pero los entrenadores me hicieron sentir bienvenida de inmediato. Desglosaron todo en pasos sencillos, y en pocas semanas estaba lanzando combinaciones que nunca pens\u00e9 que podr\u00eda hacer. \u00a1Ahora el kickboxing es lo m\u00e1s destacado de mi semana!\u00bb. \u2013 <em>Emma, principiante que comenz\u00f3 hace 6 meses<\/em><\/p>\n\t\t<div data-elementor-type=\"container\" data-elementor-id=\"5381\" class=\"elementor elementor-5381 elementor-4221\" data-elementor-post-type=\"elementor_library\">\n\t\t\t\t<div class=\"elementor-element elementor-element-63f97d37 e-con-full e-flex wpr-particle-no wpr-jarallax-no wpr-parallax-no wpr-sticky-section-no e-con e-child\" data-id=\"63f97d37\" data-element_type=\"container\" data-settings=\"{&quot;background_background&quot;:&quot;classic&quot;}\">\n\t\t\t\t<div class=\"elementor-element elementor-element-e7d278c elementor-align-right elementor-tablet-align-left elementor-widget__width-initial elementor-widget elementor-widget-button\" data-id=\"e7d278c\" data-element_type=\"widget\" data-widget_type=\"button.default\">\n\t\t\t\t<div class=\"elementor-widget-container\">\n\t\t\t\t\t\t\t\t\t<div class=\"elementor-button-wrapper\">\n\t\t\t\t\t<a class=\"elementor-button elementor-button-link elementor-size-sm\" href=\"https:\/\/titanacademy.eu\/es\/contacto\/\" target=\"_blank\">\n\t\t\t\t\t\t<span class=\"elementor-button-content-wrapper\">\n\t\t\t\t\t\t\t\t\t<span class=\"elementor-button-text\">Cont\u00e1ctanos ahora<\/span>\n\t\t\t\t\t<\/span>\n\t\t\t\t\t<\/a>\n\t\t\t\t<\/div>\n\t\t\t\t\t\t\t\t<\/div>\n\t\t\t\t<\/div>\n\t\t<div class=\"elementor-element elementor-element-21a7eafd e-con-full e-flex wpr-particle-no wpr-jarallax-no wpr-parallax-no wpr-sticky-section-no e-con e-child\" data-id=\"21a7eafd\" data-element_type=\"container\">\n\t\t\t\t<div class=\"elementor-element elementor-element-186a18ba elementor-widget elementor-widget-heading\" data-id=\"186a18ba\" data-element_type=\"widget\" data-widget_type=\"heading.default\">\n\t\t\t\t<div class=\"elementor-widget-container\">\n\t\t\t\t\t<h3 class=\"elementor-heading-title elementor-size-default\">Descubre de lo que eres realmente capaz de lograr<\/h3>\t\t\t\t<\/div>\n\t\t\t\t<\/div>\n\t\t\t\t<div class=\"elementor-element elementor-element-55ba8bef elementor-widget elementor-widget-text-editor\" data-id=\"55ba8bef\" data-element_type=\"widget\" data-widget_type=\"text-editor.default\">\n\t\t\t\t<div class=\"elementor-widget-container\">\n\t\t\t\t\t\t\t\t\t<p>Transf\u00f3rmate de alguien que duda de su fuerza en un artista marcial seguro de s\u00ed mismo que puede afrontar cualquier desaf\u00edo. Nuestra instrucci\u00f3n certificada por la IBJJF y nuestra familia de la academia te guiar\u00e1n desde tu primer d\u00eda hasta el cintur\u00f3n negro y m\u00e1s all\u00e1.<\/p>\t\t\t\t\t\t\t\t<\/div>\n\t\t\t\t<\/div>\n\t\t\t\t<\/div>\n\t\t\t\t<\/div>\n\t\t\t\t<\/div>\n\t\t\n\n<div style=\"height:31px\" aria-hidden=\"true\" class=\"wp-block-spacer\"><\/div>\n\n<h2 class=\"wp-block-heading has-text-align-center\">Para qui\u00e9n es nuestro programa de kickboxing<\/h2>\n\n<h3 class=\"wp-block-heading\">Dise\u00f1ado para personas reales, no solo para luchadores<\/h3>\n\n<p>Nuestras clases de kickboxing atraen a una comunidad diversa de personas con diferentes objetivos, or\u00edgenes y niveles de fitness:<\/p>\n\n<h4 class=\"wp-block-heading\">Entusiastas del fitness<\/h4>\n\n<ul class=\"wp-block-list\">\n<li>Buscan entrenamientos desafiantes y atractivos<\/li>\n\n\n\n<li>Quieren resultados m\u00e1s all\u00e1 de lo que ofrecen las rutinas de gimnasio tradicionales<\/li>\n\n\n\n<li>Disfrutan del aspecto comunitario del entrenamiento en grupo<\/li>\n<\/ul>\n\n<h4 class=\"wp-block-heading\">Buscadores de defensa personal<\/h4>\n\n<ul class=\"wp-block-list\">\n<li>Quieren habilidades pr\u00e1cticas en un entorno de aprendizaje seguro<\/li>\n\n\n\n<li>Se centran en la conciencia, la confianza y las t\u00e9cnicas b\u00e1sicas<\/li>\n\n\n\n<li>Prefieren aprender autoprotecci\u00f3n sin lucha de contacto total<\/li>\n<\/ul>\n\n<h4 class=\"wp-block-heading\">Buscadores de alivio del estr\u00e9s<\/h4>\n\n<ul class=\"wp-block-list\">\n<li>Utilizan el kickboxing como una salida saludable para las tensiones diarias<\/li>\n\n\n\n<li>Disfrutan de la claridad mental que proviene del esfuerzo f\u00edsico concentrado<\/li>\n\n\n\n<li>Aprecian los aspectos de mindfulness del entrenamiento en artes marciales<\/li>\n<\/ul>\n\n<h4 class=\"wp-block-heading\">Comunidad de kickboxing para mujeres<\/h4>\n\n<ul class=\"wp-block-list\">\n<li>Entorno de apoyo espec\u00edficamente para mujeres<\/li>\n\n\n\n<li>Se centran en la t\u00e9cnica, el fitness y el empoderamiento<\/li>\n\n\n\n<li>Opci\u00f3n de clases solo para mujeres dos veces por semana<\/li>\n<\/ul>\n\n<h4 class=\"wp-block-heading\">Antiguos atletas<\/h4>\n\n<ul class=\"wp-block-list\">\n<li>Buscan la estructura y el desaf\u00edo del entrenamiento deportivo<\/li>\n\n\n\n<li>Quieren mantener el fitness con prop\u00f3sito y progresi\u00f3n<\/li>\n\n\n\n<li>Disfrutan de los aspectos competitivos del desarrollo de habilidades<\/li>\n<\/ul>\n\n<p class=\"has-text-align-left\">\u00abComo profesional ocupado, necesitaba un entrenamiento que ofreciera los m\u00e1ximos resultados en un tiempo limitado. Las clases de kickboxing de Titan combinan entrenamiento de fuerza, cardio y habilidades en sesiones de una hora que me dejan con energ\u00eda en lugar de agotado\u00bb. \u2013 <em>Michael, 42, profesional de las finanzas<\/em><\/p>\n\n<div style=\"height:31px\" aria-hidden=\"true\" class=\"wp-block-spacer\"><\/div>\n\n<div class=\"wp-block-columns is-layout-flex wp-container-core-columns-is-layout-9d6595d7 wp-block-columns-is-layout-flex\">\n<div class=\"wp-block-column is-layout-flow wp-block-column-is-layout-flow\">\n<h3 class=\"wp-block-heading\">Lo que dicen nuestros estudiantes de kickboxing<\/h3>\n\n\n\n<blockquote class=\"wp-block-quote is-layout-flow wp-block-quote-is-layout-flow\">\n<p>\u00abHe probado todas las clases de fitness en Gibraltar, y nada se acerca al kickboxing en Titan Academy. Es la combinaci\u00f3n perfecta de t\u00e9cnica, acondicionamiento y comunidad. \u00a1He perdido 10 kg y he encontrado m\u00fasculos que no sab\u00eda que ten\u00eda!\u00bb. \u2013 <strong>Maria, 35<\/strong><\/p>\n<\/blockquote>\n\n\n\n<blockquote class=\"wp-block-quote is-layout-flow wp-block-quote-is-layout-flow\">\n<p>\u00abComo alguien que trabaja en un escritorio todo el d\u00eda, el kickboxing ha cambiado las reglas del juego para mi salud f\u00edsica y mental. Los entrenadores crean un ambiente positivo donde puedes esforzarte sin sentirte juzgado. La mejor decisi\u00f3n que he tomado este a\u00f1o\u00bb. \u2013 <strong>James, 29<\/strong><\/p>\n<\/blockquote>\n\n\n\n<blockquote class=\"wp-block-quote is-layout-flow wp-block-quote-is-layout-flow\">\n<p>\u00abLa clase de kickboxing para mujeres se ha convertido en mi sesi\u00f3n de terapia. Es empoderador aprender estas habilidades en un entorno de apoyo, y el entrenamiento es incre\u00edble. Nunca me he sentido m\u00e1s fuerte ni m\u00e1s segura\u00bb. \u2013 <strong>Laura, 41<\/strong><\/p>\n<\/blockquote>\n\n\n\n<blockquote class=\"wp-block-quote is-layout-flow wp-block-quote-is-layout-flow\">\n<p>\u00abEstaba buscando algo que hacer con mi pareja que no fuera solo ir al gimnasio. Las clases de kickboxing en Titan se han convertido en nuestra actividad semanal favorita: desafiantes, divertidas e impartidas por entrenadores que realmente saben lo que hacen\u00bb. \u2013 <strong>Daniel, 32<\/strong><\/p>\n<\/blockquote>\n<\/div>\n<\/div>\n\n<div style=\"height:31px\" aria-hidden=\"true\" class=\"wp-block-spacer\"><\/div>\n\t\t<div data-elementor-type=\"container\" data-elementor-id=\"5381\" class=\"elementor elementor-5381 elementor-4221\" data-elementor-post-type=\"elementor_library\">\n\t\t\t\t<div class=\"elementor-element elementor-element-63f97d37 e-con-full e-flex wpr-particle-no wpr-jarallax-no wpr-parallax-no wpr-sticky-section-no e-con e-child\" data-id=\"63f97d37\" data-element_type=\"container\" data-settings=\"{&quot;background_background&quot;:&quot;classic&quot;}\">\n\t\t\t\t<div class=\"elementor-element elementor-element-e7d278c elementor-align-right elementor-tablet-align-left elementor-widget__width-initial elementor-widget elementor-widget-button\" data-id=\"e7d278c\" data-element_type=\"widget\" data-widget_type=\"button.default\">\n\t\t\t\t<div class=\"elementor-widget-container\">\n\t\t\t\t\t\t\t\t\t<div class=\"elementor-button-wrapper\">\n\t\t\t\t\t<a class=\"elementor-button elementor-button-link elementor-size-sm\" href=\"https:\/\/titanacademy.eu\/es\/contacto\/\" target=\"_blank\">\n\t\t\t\t\t\t<span class=\"elementor-button-content-wrapper\">\n\t\t\t\t\t\t\t\t\t<span class=\"elementor-button-text\">Cont\u00e1ctanos ahora<\/span>\n\t\t\t\t\t<\/span>\n\t\t\t\t\t<\/a>\n\t\t\t\t<\/div>\n\t\t\t\t\t\t\t\t<\/div>\n\t\t\t\t<\/div>\n\t\t<div class=\"elementor-element elementor-element-21a7eafd e-con-full e-flex wpr-particle-no wpr-jarallax-no wpr-parallax-no wpr-sticky-section-no e-con e-child\" data-id=\"21a7eafd\" data-element_type=\"container\">\n\t\t\t\t<div class=\"elementor-element elementor-element-186a18ba elementor-widget elementor-widget-heading\" data-id=\"186a18ba\" data-element_type=\"widget\" data-widget_type=\"heading.default\">\n\t\t\t\t<div class=\"elementor-widget-container\">\n\t\t\t\t\t<h3 class=\"elementor-heading-title elementor-size-default\">Descubre de lo que eres realmente capaz de lograr<\/h3>\t\t\t\t<\/div>\n\t\t\t\t<\/div>\n\t\t\t\t<div class=\"elementor-element elementor-element-55ba8bef elementor-widget elementor-widget-text-editor\" data-id=\"55ba8bef\" data-element_type=\"widget\" data-widget_type=\"text-editor.default\">\n\t\t\t\t<div class=\"elementor-widget-container\">\n\t\t\t\t\t\t\t\t\t<p>Transf\u00f3rmate de alguien que duda de su fuerza en un artista marcial seguro de s\u00ed mismo que puede afrontar cualquier desaf\u00edo. Nuestra instrucci\u00f3n certificada por la IBJJF y nuestra familia de la academia te guiar\u00e1n desde tu primer d\u00eda hasta el cintur\u00f3n negro y m\u00e1s all\u00e1.<\/p>\t\t\t\t\t\t\t\t<\/div>\n\t\t\t\t<\/div>\n\t\t\t\t<\/div>\n\t\t\t\t<\/div>\n\t\t\t\t<\/div>\n\t\t\n\n<h2 class=\"wp-block-heading\">Reserva tu primera clase de kickboxing<\/h2>\n\n<p>Da el primer paso hacia una versi\u00f3n m\u00e1s en forma, fuerte y segura de ti mismo. No se necesita experiencia, \u00a1solo trae tu energ\u00eda y tu voluntad de aprender! <\/p>\n\n<h3 class=\"wp-block-heading\">Entrena de forma m\u00e1s inteligente. Golpea m\u00e1s fuerte. <\/h3>\n\n<p>\u00danete a las clases de kickboxing de Titan Academy en Gibraltar.<br\/>\u2705 Apto para principiantes<br\/>\u2705 Entrenamientos de alta energ\u00eda<br\/>\u2705 Sin gi, sin ego, sin estr\u00e9s<br\/>\ud83d\udccd Rosia Road | [Reserva una clase hoy]<\/p>\n\n<p>Cuando busques \u00abkickboxing cerca de m\u00ed\u00bb en Gibraltar, elige el programa que combina la t\u00e9cnica aut\u00e9ntica con el entrenamiento centrado en el fitness en una comunidad de apoyo. Tu viaje de kickboxing comienza aqu\u00ed en Titan Academy. <\/p>\n","protected":false},"excerpt":{"rendered":"<p>Descubre el programa de kickboxing de alta energ\u00eda de Titan Academy, donde el fitness se une a las artes marciales en un entorno de apoyo y centrado en la t\u00e9cnica. Ya sea que busques ponerte en forma, aprender defensa personal o simplemente probar algo nuevo, nuestras clases de kickboxing ofrecen la combinaci\u00f3n perfecta de cardio, fuerza y desarrollo de habilidades para todos los niveles. Kickboxing en Titan Academy: entrena como un luchador Clases de kickboxing para fitness, potencia y autoconfianza En Titan Academy, hemos creado un programa de kickboxing que ofrece resultados a la vez que da la bienvenida a practicantes de todos los niveles de experiencia. Nuestras clases combinan aut\u00e9nticas t\u00e9cnicas de golpeo con entrenamiento centrado en el fitness para ayudarte a desarrollar fuerza, resistencia y confianza. Lo que hace que nuestro programa de kickboxing sea especial: \u00abBuscaba algo m\u00e1s atractivo que la cinta de correr, pero me sent\u00eda intimidada por las artes marciales. Las clases de kickboxing de Titan fueron la soluci\u00f3n perfecta: desafiantes pero acogedoras, con entrenadores que realmente se preocupan por tu progreso\u00bb. \u2013 Sarah, miembro desde 2023 \u00bfPor qu\u00e9 entrenar kickboxing en Titan Academy? Quema calor\u00edas, desarrolla confianza y aprende habilidades reales El kickboxing en Titan Academy ofrece beneficios que van mucho m\u00e1s all\u00e1 de la clase de fitness promedio: Transformaci\u00f3n f\u00edsica Beneficios mentales Desarrollo t\u00e9cnico \u00abLas clases de kickboxing en Titan han transformado no solo mi cuerpo sino tambi\u00e9n mi mentalidad. Estoy m\u00e1s fuerte, tengo m\u00e1s confianza y he encontrado una forma saludable de controlar el estr\u00e9s laboral. Adem\u00e1s, saber que puedo defenderme si es necesario es empoderador\u00bb. \u2013 James, miembro desde 2022 Kickboxing para principiantes \u00bfNunca has lanzado un pu\u00f1etazo? Nosotros te ayudamos Muchos de nuestros miembros m\u00e1s dedicados nunca hab\u00edan pisado un gimnasio de artes marciales antes de unirse a Titan Academy. Nuestro enfoque para principiantes garantiza que todos se sientan bienvenidos y puedan progresar a su propio ritmo: Qu\u00e9 esperar en tu primera clase Qu\u00e9 traer Qu\u00e9 proporcionamos para los principiantes \u00abEstaba muy nerviosa por parecer tonta en mi primera clase, pero los entrenadores me hicieron sentir bienvenida de inmediato. Desglosaron todo en pasos sencillos, y en pocas semanas estaba lanzando combinaciones que nunca pens\u00e9 que podr\u00eda hacer. \u00a1Ahora el kickboxing es lo m\u00e1s destacado de mi semana!\u00bb. \u2013 Emma, principiante que comenz\u00f3 hace 6 meses Para qui\u00e9n es nuestro programa de kickboxing Dise\u00f1ado para personas reales, no solo para luchadores Nuestras clases de kickboxing atraen a una comunidad diversa de personas con diferentes objetivos, or\u00edgenes y niveles de fitness: Entusiastas del fitness Buscadores de defensa personal Buscadores de alivio del estr\u00e9s Comunidad de kickboxing para mujeres Antiguos atletas \u00abComo profesional ocupado, necesitaba un entrenamiento que ofreciera los m\u00e1ximos resultados en un tiempo limitado. Las clases de kickboxing de Titan combinan entrenamiento de fuerza, cardio y habilidades en sesiones de una hora que me dejan con energ\u00eda en lugar de agotado\u00bb. \u2013 Michael, 42, profesional de las finanzas Lo que dicen nuestros estudiantes de kickboxing \u00abHe probado todas las clases de fitness en Gibraltar, y nada se acerca al kickboxing en Titan Academy. Es la combinaci\u00f3n perfecta de t\u00e9cnica, acondicionamiento y comunidad. \u00a1He perdido 10 kg y he encontrado m\u00fasculos que no sab\u00eda que ten\u00eda!\u00bb. \u2013 Maria, 35 \u00abComo alguien que trabaja en un escritorio todo el d\u00eda, el kickboxing ha cambiado las reglas del juego para mi salud f\u00edsica y mental. Los entrenadores crean un ambiente positivo donde puedes esforzarte sin sentirte juzgado. La mejor decisi\u00f3n que he tomado este a\u00f1o\u00bb. \u2013 James, 29 \u00abLa clase de kickboxing para mujeres se ha convertido en mi sesi\u00f3n de terapia. Es empoderador aprender estas habilidades en un entorno de apoyo, y el entrenamiento es incre\u00edble. Nunca me he sentido m\u00e1s fuerte ni m\u00e1s segura\u00bb. \u2013 Laura, 41 \u00abEstaba buscando algo que hacer con mi pareja que no fuera solo ir al gimnasio. Las clases de kickboxing en Titan se han convertido en nuestra actividad semanal favorita: desafiantes, divertidas e impartidas por entrenadores que realmente saben lo que hacen\u00bb. \u2013 Daniel, 32 Reserva tu primera clase de kickboxing Da el primer paso hacia una versi\u00f3n m\u00e1s en forma, fuerte y segura de ti mismo. No se necesita experiencia, \u00a1solo trae tu energ\u00eda y tu voluntad de aprender! Entrena de forma m\u00e1s inteligente. Golpea m\u00e1s fuerte. \u00danete a las clases de kickboxing de Titan Academy en Gibraltar.\u2705 Apto para principiantes\u2705 Entrenamientos de alta energ\u00eda\u2705 Sin gi, sin ego, sin estr\u00e9s\ud83d\udccd Rosia Road | [Reserva una clase hoy] Cuando busques \u00abkickboxing cerca de m\u00ed\u00bb en Gibraltar, elige el programa que combina la t\u00e9cnica aut\u00e9ntica con el entrenamiento centrado en el fitness en una comunidad de apoyo. Tu viaje de kickboxing comienza aqu\u00ed en Titan Academy.<\/p>\n","protected":false},"author":9108,"featured_media":0,"parent":0,"menu_order":0,"comment_status":"closed","ping_status":"closed","template":"","meta":{"_monsterinsights_skip_tracking":false,"_monsterinsights_sitenote_active":false,"_monsterinsights_sitenote_note":"","_monsterinsights_sitenote_category":0,"footnotes":""},"categories":[86],"tags":[],"class_list":["post-6537","page","type-page","status-publish","hentry","category-clases-de-bjj"],"_links":{"self":[{"href":"https:\/\/titanacademy.eu\/es\/wp-json\/wp\/v2\/pages\/6537","targetHints":{"allow":["GET"]}}],"collection":[{"href":"https:\/\/titanacademy.eu\/es\/wp-json\/wp\/v2\/pages"}],"about":[{"href":"https:\/\/titanacademy.eu\/es\/wp-json\/wp\/v2\/types\/page"}],"author":[{"embeddable":true,"href":"https:\/\/titanacademy.eu\/es\/wp-json\/wp\/v2\/users\/9108"}],"replies":[{"embeddable":true,"href":"https:\/\/titanacademy.eu\/es\/wp-json\/wp\/v2\/comments?post=6537"}],"version-history":[{"count":4,"href":"https:\/\/titanacademy.eu\/es\/wp-json\/wp\/v2\/pages\/6537\/revisions"}],"predecessor-version":[{"id":6542,"href":"https:\/\/titanacademy.eu\/es\/wp-json\/wp\/v2\/pages\/6537\/revisions\/6542"}],"wp:attachment":[{"href":"https:\/\/titanacademy.eu\/es\/wp-json\/wp\/v2\/media?parent=6537"}],"wp:term":[{"taxonomy":"category","embeddable":true,"href":"https:\/\/titanacademy.eu\/es\/wp-json\/wp\/v2\/categories?post=6537"},{"taxonomy":"post_tag","embeddable":true,"href":"https:\/\/titanacademy.eu\/es\/wp-json\/wp\/v2\/tags?post=6537"}],"curies":[{"name":"wp","href":"https:\/\/api.w.org\/{rel}","templated":true}]}}