{"id":6448,"date":"2025-08-29T13:00:58","date_gmt":"2025-08-29T11:00:58","guid":{"rendered":"https:\/\/titanacademy.eu\/empleos-de-instructor-de-fitness-y-entrenador-personal-en-el-extranjero-las-carreras-globales-comienzan-aqui\/"},"modified":"2025-09-01T13:17:59","modified_gmt":"2025-09-01T11:17:59","slug":"trabajos-de-entrenador-personal-en-el-extranjero","status":"publish","type":"page","link":"https:\/\/titanacademy.eu\/es\/trabajos-de-entrenador-personal-en-el-extranjero\/","title":{"rendered":"Trabajos de entrenador personal en el extranjero"},"content":{"rendered":"\n<div class=\"wp-block-columns is-layout-flex wp-container-core-columns-is-layout-9d6595d7 wp-block-columns-is-layout-flex\">\n<div class=\"wp-block-column is-vertically-aligned-center is-layout-flow wp-block-column-is-layout-flow\">\n<p><strong>\u00bfEres un profesional del fitness que sue\u00f1a con trabajar bajo el sol del Mediterr\u00e1neo, en resorts de lujo o a bordo de cruceros internacionales?<\/strong><\/p>\n<\/div>\n\n\n\n<div class=\"wp-block-column is-layout-flow wp-block-column-is-layout-flow\">\n<p>La demanda de instructores de fitness y entrenadores personales cualificados en el extranjero nunca ha sido tan alta. En Titan Academy en Gibraltar, no solo te formamos, sino que te preparamos para una carrera internacional en el fitness con movilidad global. <\/p>\n<\/div>\n<\/div>\n\n<div style=\"height:31px\" aria-hidden=\"true\" class=\"wp-block-spacer\"><\/div>\n\n<h2 class=\"wp-block-heading has-text-align-center\"><strong>Los profesionales del fitness tienen demanda en todo el mundo<\/strong><\/h2>\n\n<div style=\"height:31px\" aria-hidden=\"true\" class=\"wp-block-spacer\"><\/div>\n\n<div class=\"wp-block-columns is-layout-flex wp-container-core-columns-is-layout-9d6595d7 wp-block-columns-is-layout-flex\">\n<div class=\"wp-block-column is-layout-flow wp-block-column-is-layout-flow\">\n<p>La industria del fitness sigue creciendo a nivel mundial, creando oportunidades sin precedentes para los empleos de instructor de fitness en el extranjero. <\/p>\n\n\n\n<p>Con la salud y el bienestar convirti\u00e9ndose en prioridades en todo el mundo, los entrenadores personales certificados est\u00e1n encontrando interesantes trayectorias profesionales en:<\/p>\n\n\n\n<ul class=\"wp-block-list\">\n<li><strong>Destinos populares del Mediterr\u00e1neo:<\/strong> Espa\u00f1a, Portugal, Grecia e Italia est\u00e1n experimentando un auge en el turismo de fitness y en los gimnasios centrados en expatriados<\/li>\n\n\n\n<li><strong>Destinos de lujo:<\/strong> EAU, Qatar, Maldivas y Tailandia buscan entrenadores de habla inglesa para resorts de alta gama y clientes privados<\/li>\n\n\n\n<li><strong>Regiones de habla inglesa:<\/strong> Australia, Nueva Zelanda, Canad\u00e1 y EE. UU. valoran a los profesionales del fitness con certificaci\u00f3n del Reino Unido<\/li>\n\n\n\n<li><strong>Industria de cruceros:<\/strong> Las principales l\u00edneas de cruceros reclutan constantemente personal de fitness para sus flotas en expansi\u00f3n<\/li>\n<\/ul>\n<\/div>\n\n\n\n<div class=\"wp-block-column is-vertically-aligned-center is-layout-flow wp-block-column-is-layout-flow\">\n<p>Lo que hace que los empleos internacionales de PT sean particularmente atractivos es la combinaci\u00f3n de desarrollo profesional, beneficios de estilo de vida y potencial de ingresos. <\/p>\n\n\n\n<p>Muchos de nuestros graduados informan de ingresos significativamente m\u00e1s altos en el extranjero en comparaci\u00f3n con sus pa\u00edses de origen, especialmente cuando trabajan con comunidades de expatriados o en destinos tur\u00edsticos.<\/p>\n\n\n\n<p>\u00abDespu\u00e9s de completar mi certificaci\u00f3n en Titan Academy, consegu\u00ed un empleo como instructor de fitness en Dub\u00e1i. Los beneficios fiscales por s\u00ed solos hicieron que valiera la pena, por no hablar de la mejora en el estilo de vida\u00bb, comparte Mark, un graduado de Titan Academy.<\/p>\n<\/div>\n<\/div>\n\n<div style=\"height:31px\" aria-hidden=\"true\" class=\"wp-block-spacer\"><\/div>\n\n<figure class=\"wp-block-image size-full is-resized\"><img fetchpriority=\"high\" decoding=\"async\" width=\"1759\" height=\"1080\" src=\"https:\/\/titanacademy.eu\/wp-content\/uploads\/2019\/07\/IMG_3373543543.jpg\" alt=\"\" class=\"wp-image-910\" style=\"object-fit:cover;width:1200px;height:500px\" title=\"\" srcset=\"https:\/\/titanacademy.eu\/wp-content\/uploads\/2019\/07\/IMG_3373543543.jpg 1759w, https:\/\/titanacademy.eu\/wp-content\/uploads\/2019\/07\/IMG_3373543543-300x184.jpg 300w, https:\/\/titanacademy.eu\/wp-content\/uploads\/2019\/07\/IMG_3373543543-768x471.jpg 768w, https:\/\/titanacademy.eu\/wp-content\/uploads\/2019\/07\/IMG_3373543543-1024x629.jpg 1024w, https:\/\/titanacademy.eu\/wp-content\/uploads\/2019\/07\/IMG_3373543543-1x1.jpg 1w\" sizes=\"(max-width: 1759px) 100vw, 1759px\" \/><\/figure>\n\n<div style=\"height:31px\" aria-hidden=\"true\" class=\"wp-block-spacer\"><\/div>\n\n<h3 class=\"wp-block-heading\"><strong>Desde entrenador de resort hasta entrenador privado: explora los tipos de empleo<\/strong><\/h3>\n\n<p>Los empleos de entrenador personal en el extranjero se presentan en diversas formas, cada una de las cuales ofrece ventajas \u00fanicas:<\/p>\n\n<h3 class=\"wp-block-heading\">Instructor de fitness grupal en resorts<\/h3>\n\n<ul class=\"wp-block-list\">\n<li>Dirige clases en resorts y hoteles con todo incluido<\/li>\n\n\n\n<li>Contratos de temporada con alojamiento incluido<\/li>\n\n\n\n<li>Trabaja con diversos clientes internacionales<\/li>\n\n\n\n<li>A menudo incluye el uso gratuito de las instalaciones y ventajas del resort<\/li>\n<\/ul>\n\n<h3 class=\"wp-block-heading\">Entrenador personal en cruceros<\/h3>\n\n<ul class=\"wp-block-list\">\n<li>Viaja por el mundo mientras trabajas en centros de fitness de \u00faltima generaci\u00f3n<\/li>\n\n\n\n<li>Trabajo por contrato con un excelente potencial de ahorro (gastos m\u00ednimos)<\/li>\n\n\n\n<li>Atiende a una clientela internacional<\/li>\n\n\n\n<li>Oportunidades para visitar docenas de pa\u00edses en un solo a\u00f1o<\/li>\n<\/ul>\n\n<h3 class=\"wp-block-heading\">Entrenador personal en gimnasios<\/h3>\n\n<ul class=\"wp-block-list\">\n<li>Trabaja en gimnasios centrados en expatriados en ciudades internacionales<\/li>\n\n\n\n<li>Crea una base de clientes estable en mercados de fitness en crecimiento<\/li>\n\n\n\n<li>Potencial de residencia a largo plazo y crecimiento profesional<\/li>\n\n\n\n<li>Tarifas m\u00e1s altas en mercados premium como Hong Kong, Singapur o Dub\u00e1i<\/li>\n<\/ul>\n\n<h3 class=\"wp-block-heading\">Entrenador en l\u00ednea con movilidad global<\/h3>\n\n<ul class=\"wp-block-list\">\n<li>Crea un negocio independiente de la ubicaci\u00f3n<\/li>\n\n\n\n<li>Entrena a clientes de forma remota mientras viajas<\/li>\n\n\n\n<li>Combina con entrenamiento presencial a tiempo parcial<\/li>\n\n\n\n<li>Crea contenido desde lugares internacionales inspiradores<\/li>\n<\/ul>\n\n<h3 class=\"wp-block-heading\">Entrenador personal aut\u00f3nomo<\/h3>\n\n<ul class=\"wp-block-list\">\n<li>Alquila espacio en gimnasios de coworking a nivel internacional<\/li>\n\n\n\n<li>Construye tu marca personal a trav\u00e9s de las fronteras<\/li>\n\n\n\n<li>Establece tus propias tarifas y horario<\/li>\n\n\n\n<li>M\u00e1xima flexibilidad y libertad empresarial<\/li>\n<\/ul>\n\n<div style=\"height:31px\" aria-hidden=\"true\" class=\"wp-block-spacer\"><\/div>\n\n<h2 class=\"wp-block-heading has-text-align-center\"><strong>Entrena, cualif\u00edcate y lanza tu carrera global en el fitness<\/strong><\/h2>\n\n<div style=\"height:31px\" aria-hidden=\"true\" class=\"wp-block-spacer\"><\/div>\n\n<div class=\"wp-block-columns is-layout-flex wp-container-core-columns-is-layout-9d6595d7 wp-block-columns-is-layout-flex\">\n<div class=\"wp-block-column is-layout-flow wp-block-column-is-layout-flow\">\n<p>En Titan Academy, hemos dise\u00f1ado nuestros programas espec\u00edficamente para aquellos que buscan empleos de fitness en el extranjero. <\/p>\n\n\n\n<p>Nuestra posici\u00f3n \u00fanica en Gibraltar, un territorio brit\u00e1nico enclavado en la costa sur de Espa\u00f1a, te ofrece la plataforma de lanzamiento perfecta para una carrera internacional en el fitness:<\/p>\n\n\n\n<ul class=\"wp-block-list\">\n<li><strong>Cualificaciones reconocidas internacionalmente:<\/strong> Nuestros diplomas de entrenamiento personal con certificaci\u00f3n Ofqual abren puertas en todo el mundo<\/li>\n\n\n\n<li><strong>Formaci\u00f3n en ingl\u00e9s en un entorno espa\u00f1ol:<\/strong> Experimenta la vida internacional mientras estudias en ingl\u00e9s<\/li>\n\n\n\n<li><strong>Orientaci\u00f3n profesional con conexiones globales:<\/strong> Nuestras asociaciones industriales abarcan Europa, Oriente Medio y m\u00e1s all\u00e1<\/li>\n\n\n\n<li><strong>Apoyo para la colocaci\u00f3n laboral:<\/strong> Asistencia con solicitudes, entrevistas y log\u00edstica de reubicaci\u00f3n<\/li>\n<\/ul>\n<\/div>\n\n\n\n<div class=\"wp-block-column is-vertically-aligned-center is-layout-flow wp-block-column-is-layout-flow\">\n<p>Nuestros graduados han conseguido empleos de instructor de fitness en el extranjero en m\u00e1s de 20 pa\u00edses, desde la cercana Espa\u00f1a y Portugal hasta destinos lejanos como Bali, Tailandia y el Caribe.<\/p>\n\n\n\n<p>Para aquellos que a\u00fan no est\u00e1n certificados, nuestro curso de entrenador personal en Europa da la bienvenida a estudiantes internacionales de todos los or\u00edgenes. <\/p>\n\n\n\n<p>Este programa combina la certificaci\u00f3n con el desarrollo profesional, creando una transici\u00f3n perfecta de estudiante a profesional internacional del fitness.<\/p>\n<\/div>\n<\/div>\n\n<div style=\"height:31px\" aria-hidden=\"true\" class=\"wp-block-spacer\"><\/div>\n\n<div class=\"wp-block-columns is-layout-flex wp-container-core-columns-is-layout-9d6595d7 wp-block-columns-is-layout-flex\">\n<div class=\"wp-block-column is-layout-flow wp-block-column-is-layout-flow\">\n<h2 class=\"wp-block-heading\"><strong>Lo que necesitas para trabajar en el extranjero como entrenador personal<\/strong><\/h2>\n\n\n\n<p>Conseguir empleos de entrenador personal en el extranjero requiere una preparaci\u00f3n que va m\u00e1s all\u00e1 del conocimiento del fitness:<\/p>\n\n\n\n<h3 class=\"wp-block-heading\">Requisitos de certificaci\u00f3n<\/h3>\n\n\n\n<ul class=\"wp-block-list\">\n<li><strong>Cualificaciones reconocidas internacionalmente:<\/strong> Diploma de nivel 3 en entrenamiento personal con certificaci\u00f3n Ofqual (lo que ofrecemos)<\/li>\n\n\n\n<li><strong>Certificaciones especializadas:<\/strong> Las credenciales de fitness grupal, rendimiento deportivo o ejercicio cl\u00ednico a\u00f1aden valor<\/li>\n\n\n\n<li><strong>Certificaci\u00f3n de primeros auxilios:<\/strong> Requerida en la mayor\u00eda de los pa\u00edses y por la mayor\u00eda de los empleadores<\/li>\n<\/ul>\n\n\n\n<h3 class=\"wp-block-heading\">Consideraciones ling\u00fc\u00edsticas<\/h3>\n\n\n\n<ul class=\"wp-block-list\">\n<li><strong>Mercados de habla inglesa:<\/strong> Dub\u00e1i, Qatar, Singapur, Hong Kong y las zonas tur\u00edsticas de Espa\u00f1a y Portugal a menudo solo requieren ingl\u00e9s<\/li>\n\n\n\n<li><strong>Conocimientos b\u00e1sicos del idioma local:<\/strong> Aprender espa\u00f1ol, franc\u00e9s o \u00e1rabe conversacional puede ampliar significativamente tus oportunidades<\/li>\n\n\n\n<li><strong>Ense\u00f1ar en ingl\u00e9s:<\/strong> Muchos gimnasios internacionales buscan espec\u00edficamente entrenadores que puedan atender a comunidades de expatriados<\/li>\n<\/ul>\n<\/div>\n\n\n\n<div class=\"wp-block-column is-vertically-aligned-center is-layout-flow wp-block-column-is-layout-flow\">\n<h3 class=\"wp-block-heading\">Informaci\u00f3n sobre visados y permisos de trabajo<\/h3>\n\n\n\n<ul class=\"wp-block-list\">\n<li><strong>Ventajas del pasaporte de la UE:<\/strong> Libertad para trabajar en toda la Uni\u00f3n Europea<\/li>\n\n\n\n<li><strong>Conexiones de la Commonwealth:<\/strong> V\u00edas m\u00e1s f\u00e1ciles a Australia, Canad\u00e1 y Nueva Zelanda<\/li>\n\n\n\n<li><strong>Visados de n\u00f3mada digital:<\/strong> Nuevas opciones para entrenadores en l\u00ednea en Portugal, Espa\u00f1a y Croacia<\/li>\n\n\n\n<li><strong>Oportunidades de patrocinio:<\/strong> Las instalaciones de alta gama a menudo patrocinan permisos de trabajo para entrenadores cualificados<\/li>\n<\/ul>\n\n\n\n<h3 class=\"wp-block-heading\">Consideraciones sobre seguros y profesionales<\/h3>\n\n\n\n<ul class=\"wp-block-list\">\n<li><strong>Seguro de responsabilidad civil internacional:<\/strong> Esencial para proteger tu carrera en el extranjero<\/li>\n\n\n\n<li><strong>Membres\u00edas profesionales:<\/strong> Organizaciones como EREPS (Registro Europeo de Profesionales del Ejercicio) proporcionan reconocimiento continental<\/li>\n\n\n\n<li><strong>Implicaciones fiscales:<\/strong> Comprender tu situaci\u00f3n fiscal cuando trabajas a nivel internacional<\/li>\n<\/ul>\n<\/div>\n<\/div>\n\n<div style=\"height:31px\" aria-hidden=\"true\" class=\"wp-block-spacer\"><\/div>\n\n<h2 class=\"wp-block-heading has-text-align-center\"><strong>D\u00f3nde trabajan nuestros graduados: historias de \u00e9xito global<\/strong><\/h2>\n\n<div style=\"height:31px\" aria-hidden=\"true\" class=\"wp-block-spacer\"><\/div>\n\n<div class=\"wp-block-columns is-layout-flex wp-container-core-columns-is-layout-9d6595d7 wp-block-columns-is-layout-flex\">\n<div class=\"wp-block-column is-layout-flow wp-block-column-is-layout-flow\">\n<p>Nuestra red de antiguos alumnos de Titan Academy abarca todo el mundo, con graduados que prosperan en diversos roles de fitness:<\/p>\n\n\n\n<h3 class=\"wp-block-heading\">Regi\u00f3n mediterr\u00e1nea<\/h3>\n\n\n\n<p>\u00abComplet\u00e9 mi certificaci\u00f3n en Titan y pas\u00e9 directamente a un puesto en un resort de lujo en Marbella. La transici\u00f3n fue perfecta porque ya estaba familiarizado con la regi\u00f3n y la cultura gracias a mi tiempo en Gibraltar\u00bb. \u2013 <strong>Emma, graduada del Reino Unido, ahora instructora s\u00e9nior de fitness en Espa\u00f1a<\/strong><\/p>\n\n\n\n<h3 class=\"wp-block-heading\">Oriente Medio<\/h3>\n\n\n\n<p>\u00abLas conexiones que hice a trav\u00e9s de la red industrial de Titan me llevaron a una entrevista con una cadena de gimnasios premium en Dub\u00e1i. Tres a\u00f1os despu\u00e9s, estoy gestionando su ubicaci\u00f3n insignia y ganando el triple de lo que ganar\u00eda en mi pa\u00eds\u00bb. \u2013 <strong>James, graduado sudafricano, ahora director de fitness en los EAU<\/strong><\/p>\n\n\n\n<h3 class=\"wp-block-heading\">Industria de cruceros<\/h3>\n\n\n\n<p>\u00abLos asesores profesionales de Titan me ayudaron a prepararme espec\u00edficamente para las entrevistas de las l\u00edneas de cruceros. Ahora he trabajado en tres importantes l\u00edneas de cruceros, he visitado 35 pa\u00edses y he ahorrado lo suficiente para montar mi propio estudio\u00bb. \u2013 <strong>Sofia, graduada portuguesa, trabaj\u00f3 con Royal Caribbean y Norwegian Cruise Lines<\/strong><\/p>\n\n\n\n<h3 class=\"wp-block-heading\">Asia-Pac\u00edfico<\/h3>\n\n\n\n<p>\u00abDespu\u00e9s de la certificaci\u00f3n, pas\u00e9 un a\u00f1o adquiriendo experiencia en Gibraltar antes de conseguir un puesto en un estudio de fitness boutique en Singapur. La cualificaci\u00f3n Ofqual fue clave para que se aprobara mi permiso de trabajo\u00bb. \u2013 <strong>Ryan, graduado australiano, ahora gerente de formaci\u00f3n en Singapur<\/strong><\/p>\n<\/div>\n\n\n\n<div class=\"wp-block-column is-layout-flow wp-block-column-is-layout-flow\">\n<figure class=\"wp-block-image size-full\"><img decoding=\"async\" width=\"1620\" height=\"1080\" src=\"https:\/\/titanacademy.eu\/wp-content\/uploads\/2019\/07\/IMG_339154-1.jpg\" alt=\"\" class=\"wp-image-932\" style=\"object-fit:cover\" title=\"\" srcset=\"https:\/\/titanacademy.eu\/wp-content\/uploads\/2019\/07\/IMG_339154-1.jpg 1620w, https:\/\/titanacademy.eu\/wp-content\/uploads\/2019\/07\/IMG_339154-1-300x200.jpg 300w, https:\/\/titanacademy.eu\/wp-content\/uploads\/2019\/07\/IMG_339154-1-768x512.jpg 768w, https:\/\/titanacademy.eu\/wp-content\/uploads\/2019\/07\/IMG_339154-1-1024x683.jpg 1024w, https:\/\/titanacademy.eu\/wp-content\/uploads\/2019\/07\/IMG_339154-1-1x1.jpg 1w\" sizes=\"(max-width: 1620px) 100vw, 1620px\" \/><\/figure>\n<\/div>\n<\/div>\n\n<div style=\"height:31px\" aria-hidden=\"true\" class=\"wp-block-spacer\"><\/div>\n\n<h2 class=\"wp-block-heading has-text-align-center\"><strong>\u00bfListo para trabajar en el extranjero en la industria del fitness?<\/strong><\/h2>\n\n<div style=\"height:31px\" aria-hidden=\"true\" class=\"wp-block-spacer\"><\/div>\n\n<div class=\"wp-block-columns is-layout-flex wp-container-core-columns-is-layout-9d6595d7 wp-block-columns-is-layout-flex\">\n<div class=\"wp-block-column is-vertically-aligned-center is-layout-flow wp-block-column-is-layout-flow\">\n<p>Tu camino hacia el \u00e9xito internacional en el fitness comienza con la base adecuada. <\/p>\n\n\n\n<p>Aqu\u00ed te explicamos c\u00f3mo comenzar tu viaje con Titan Academy:<\/p>\n\n\n\n<ol class=\"wp-block-list\">\n<li><strong>Elige el programa adecuado:<\/strong> Nuestro diploma de nivel 3 en entrenamiento personal es la cualificaci\u00f3n m\u00e1s vers\u00e1til para el trabajo internacional<\/li>\n\n\n\n<li><strong>Entrena en Gibraltar:<\/strong> Experimenta la vida internacional mientras estudias en ingl\u00e9s<\/li>\n\n\n\n<li><strong>Accede a nuestra red global:<\/strong> Conecta con empleadores y antiguos alumnos que trabajan en todo el mundo<\/li>\n\n\n\n<li><strong>Recibe apoyo para la reubicaci\u00f3n:<\/strong> Obt\u00e9n orientaci\u00f3n sobre visados, alojamiento y adaptaci\u00f3n cultural<\/li>\n<\/ol>\n\n\n\n<p>Para los entrenadores cualificados que buscan una colocaci\u00f3n laboral directa, nuestro equipo de servicios profesionales puede ponerte en contacto con nuestros socios internacionales. <\/p>\n\n\n\n<p>Para aquellos que a\u00fan necesitan la certificaci\u00f3n, nuestros cursos de entrenador personal dan la bienvenida a estudiantes internacionales y proporcionan un camino claro hacia el empleo global.<\/p>\n<\/div>\n\n\n\n<div class=\"wp-block-column is-layout-flow wp-block-column-is-layout-flow\">\n<h3 class=\"wp-block-heading\">Lanza tu carrera internacional en el fitness hoy mismo<\/h3>\n\n\n\n<p>Entrena en Gibraltar con Titan Academy y accede a oportunidades de empleo global como profesional certificado del fitness.<br\/>\u2705 Cualificaci\u00f3n reconocida en el Reino Unido y apta para viajar<br\/>\u2705 Aprende en ingl\u00e9s, vive en Espa\u00f1a<br\/>\u2705 Preparaci\u00f3n para el empleo y apoyo para la reubicaci\u00f3n<\/p>\n\n\n\n<p>El mundo del fitness es verdaderamente global, y los profesionales cualificados nunca han tenido m\u00e1s oportunidades de construir emocionantes carreras internacionales. Ya sea que te atraigan las playas del Mediterr\u00e1neo, el lujo de Oriente Medio o la aventura de la vida en un crucero, tu viaje comienza con la cualificaci\u00f3n y las conexiones adecuadas. <\/p>\n\n\n\n<p>\u00bfListo para explorar los empleos de instructor de fitness en el extranjero? Ponte en contacto con nuestro equipo de admisiones hoy mismo para hablar de tus objetivos profesionales y descubrir c\u00f3mo nuestros programas pueden ayudarte a alcanzarlos. <\/p>\n<\/div>\n<\/div>\n\n<div style=\"height:31px\" aria-hidden=\"true\" class=\"wp-block-spacer\"><\/div>\n","protected":false},"excerpt":{"rendered":"<p>\u00bfEres un profesional del fitness que sue\u00f1a con trabajar bajo el sol del Mediterr\u00e1neo, en resorts de lujo o a bordo de cruceros internacionales? La demanda de instructores de fitness y entrenadores personales cualificados en el extranjero nunca ha sido tan alta. En Titan Academy en Gibraltar, no solo te formamos, sino que te preparamos para una carrera internacional en el fitness con movilidad global. Los profesionales del fitness tienen demanda en todo el mundo La industria del fitness sigue creciendo a nivel mundial, creando oportunidades sin precedentes para los empleos de instructor de fitness en el extranjero. Con la salud y el bienestar convirti\u00e9ndose en prioridades en todo el mundo, los entrenadores personales certificados est\u00e1n encontrando interesantes trayectorias profesionales en: Lo que hace que los empleos internacionales de PT sean particularmente atractivos es la combinaci\u00f3n de desarrollo profesional, beneficios de estilo de vida y potencial de ingresos. Muchos de nuestros graduados informan de ingresos significativamente m\u00e1s altos en el extranjero en comparaci\u00f3n con sus pa\u00edses de origen, especialmente cuando trabajan con comunidades de expatriados o en destinos tur\u00edsticos. \u00abDespu\u00e9s de completar mi certificaci\u00f3n en Titan Academy, consegu\u00ed un empleo como instructor de fitness en Dub\u00e1i. Los beneficios fiscales por s\u00ed solos hicieron que valiera la pena, por no hablar de la mejora en el estilo de vida\u00bb, comparte Mark, un graduado de Titan Academy. Desde entrenador de resort hasta entrenador privado: explora los tipos de empleo Los empleos de entrenador personal en el extranjero se presentan en diversas formas, cada una de las cuales ofrece ventajas \u00fanicas: Instructor de fitness grupal en resorts Entrenador personal en cruceros Entrenador personal en gimnasios Entrenador en l\u00ednea con movilidad global Entrenador personal aut\u00f3nomo Entrena, cualif\u00edcate y lanza tu carrera global en el fitness En Titan Academy, hemos dise\u00f1ado nuestros programas espec\u00edficamente para aquellos que buscan empleos de fitness en el extranjero. Nuestra posici\u00f3n \u00fanica en Gibraltar, un territorio brit\u00e1nico enclavado en la costa sur de Espa\u00f1a, te ofrece la plataforma de lanzamiento perfecta para una carrera internacional en el fitness: Nuestros graduados han conseguido empleos de instructor de fitness en el extranjero en m\u00e1s de 20 pa\u00edses, desde la cercana Espa\u00f1a y Portugal hasta destinos lejanos como Bali, Tailandia y el Caribe. Para aquellos que a\u00fan no est\u00e1n certificados, nuestro curso de entrenador personal en Europa da la bienvenida a estudiantes internacionales de todos los or\u00edgenes. Este programa combina la certificaci\u00f3n con el desarrollo profesional, creando una transici\u00f3n perfecta de estudiante a profesional internacional del fitness. Lo que necesitas para trabajar en el extranjero como entrenador personal Conseguir empleos de entrenador personal en el extranjero requiere una preparaci\u00f3n que va m\u00e1s all\u00e1 del conocimiento del fitness: Requisitos de certificaci\u00f3n Consideraciones ling\u00fc\u00edsticas Informaci\u00f3n sobre visados y permisos de trabajo Consideraciones sobre seguros y profesionales D\u00f3nde trabajan nuestros graduados: historias de \u00e9xito global Nuestra red de antiguos alumnos de Titan Academy abarca todo el mundo, con graduados que prosperan en diversos roles de fitness: Regi\u00f3n mediterr\u00e1nea \u00abComplet\u00e9 mi certificaci\u00f3n en Titan y pas\u00e9 directamente a un puesto en un resort de lujo en Marbella. La transici\u00f3n fue perfecta porque ya estaba familiarizado con la regi\u00f3n y la cultura gracias a mi tiempo en Gibraltar\u00bb. \u2013 Emma, graduada del Reino Unido, ahora instructora s\u00e9nior de fitness en Espa\u00f1a Oriente Medio \u00abLas conexiones que hice a trav\u00e9s de la red industrial de Titan me llevaron a una entrevista con una cadena de gimnasios premium en Dub\u00e1i. Tres a\u00f1os despu\u00e9s, estoy gestionando su ubicaci\u00f3n insignia y ganando el triple de lo que ganar\u00eda en mi pa\u00eds\u00bb. \u2013 James, graduado sudafricano, ahora director de fitness en los EAU Industria de cruceros \u00abLos asesores profesionales de Titan me ayudaron a prepararme espec\u00edficamente para las entrevistas de las l\u00edneas de cruceros. Ahora he trabajado en tres importantes l\u00edneas de cruceros, he visitado 35 pa\u00edses y he ahorrado lo suficiente para montar mi propio estudio\u00bb. \u2013 Sofia, graduada portuguesa, trabaj\u00f3 con Royal Caribbean y Norwegian Cruise Lines Asia-Pac\u00edfico \u00abDespu\u00e9s de la certificaci\u00f3n, pas\u00e9 un a\u00f1o adquiriendo experiencia en Gibraltar antes de conseguir un puesto en un estudio de fitness boutique en Singapur. La cualificaci\u00f3n Ofqual fue clave para que se aprobara mi permiso de trabajo\u00bb. \u2013 Ryan, graduado australiano, ahora gerente de formaci\u00f3n en Singapur \u00bfListo para trabajar en el extranjero en la industria del fitness? Tu camino hacia el \u00e9xito internacional en el fitness comienza con la base adecuada. Aqu\u00ed te explicamos c\u00f3mo comenzar tu viaje con Titan Academy: Para los entrenadores cualificados que buscan una colocaci\u00f3n laboral directa, nuestro equipo de servicios profesionales puede ponerte en contacto con nuestros socios internacionales. Para aquellos que a\u00fan necesitan la certificaci\u00f3n, nuestros cursos de entrenador personal dan la bienvenida a estudiantes internacionales y proporcionan un camino claro hacia el empleo global. Lanza tu carrera internacional en el fitness hoy mismo Entrena en Gibraltar con Titan Academy y accede a oportunidades de empleo global como profesional certificado del fitness.\u2705 Cualificaci\u00f3n reconocida en el Reino Unido y apta para viajar\u2705 Aprende en ingl\u00e9s, vive en Espa\u00f1a\u2705 Preparaci\u00f3n para el empleo y apoyo para la reubicaci\u00f3n El mundo del fitness es verdaderamente global, y los profesionales cualificados nunca han tenido m\u00e1s oportunidades de construir emocionantes carreras internacionales. Ya sea que te atraigan las playas del Mediterr\u00e1neo, el lujo de Oriente Medio o la aventura de la vida en un crucero, tu viaje comienza con la cualificaci\u00f3n y las conexiones adecuadas. \u00bfListo para explorar los empleos de instructor de fitness en el extranjero? Ponte en contacto con nuestro equipo de admisiones hoy mismo para hablar de tus objetivos profesionales y descubrir c\u00f3mo nuestros programas pueden ayudarte a alcanzarlos.<\/p>\n","protected":false},"author":9108,"featured_media":0,"parent":0,"menu_order":0,"comment_status":"closed","ping_status":"closed","template":"","meta":{"_monsterinsights_skip_tracking":false,"_monsterinsights_sitenote_active":false,"_monsterinsights_sitenote_note":"","_monsterinsights_sitenote_category":0,"footnotes":""},"categories":[96],"tags":[],"class_list":["post-6448","page","type-page","status-publish","hentry","category-entrenadores-personales"],"_links":{"self":[{"href":"https:\/\/titanacademy.eu\/es\/wp-json\/wp\/v2\/pages\/6448","targetHints":{"allow":["GET"]}}],"collection":[{"href":"https:\/\/titanacademy.eu\/es\/wp-json\/wp\/v2\/pages"}],"about":[{"href":"https:\/\/titanacademy.eu\/es\/wp-json\/wp\/v2\/types\/page"}],"author":[{"embeddable":true,"href":"https:\/\/titanacademy.eu\/es\/wp-json\/wp\/v2\/users\/9108"}],"replies":[{"embeddable":true,"href":"https:\/\/titanacademy.eu\/es\/wp-json\/wp\/v2\/comments?post=6448"}],"version-history":[{"count":2,"href":"https:\/\/titanacademy.eu\/es\/wp-json\/wp\/v2\/pages\/6448\/revisions"}],"predecessor-version":[{"id":6464,"href":"https:\/\/titanacademy.eu\/es\/wp-json\/wp\/v2\/pages\/6448\/revisions\/6464"}],"wp:attachment":[{"href":"https:\/\/titanacademy.eu\/es\/wp-json\/wp\/v2\/media?parent=6448"}],"wp:term":[{"taxonomy":"category","embeddable":true,"href":"https:\/\/titanacademy.eu\/es\/wp-json\/wp\/v2\/categories?post=6448"},{"taxonomy":"post_tag","embeddable":true,"href":"https:\/\/titanacademy.eu\/es\/wp-json\/wp\/v2\/tags?post=6448"}],"curies":[{"name":"wp","href":"https:\/\/api.w.org\/{rel}","templated":true}]}}