{"id":6446,"date":"2025-08-29T12:25:47","date_gmt":"2025-08-29T10:25:47","guid":{"rendered":"https:\/\/titanacademy.eu\/empleos-de-aprendizaje-como-entrenador-personal-en-el-extranjero-formate-en-gibraltar-espana\/"},"modified":"2025-09-01T13:16:41","modified_gmt":"2025-09-01T11:16:41","slug":"empleos-de-aprendizaje-como-entrenador-personal-en-el-extranjero","status":"publish","type":"page","link":"https:\/\/titanacademy.eu\/es\/empleos-de-aprendizaje-como-entrenador-personal-en-el-extranjero\/","title":{"rendered":"Empleos de aprendizaje de entrenador personal en el extranjero"},"content":{"rendered":"\n<div class=\"wp-block-columns is-layout-flex wp-container-core-columns-is-layout-9d6595d7 wp-block-columns-is-layout-flex\">\n<div class=\"wp-block-column is-layout-flow wp-block-column-is-layout-flow\">\n<p><strong>\u00bfEst\u00e1s buscando empleos de aprendizaje como entrenador personal en el extranjero?<\/strong><\/p>\n<\/div>\n\n\n\n<div class=\"wp-block-column is-layout-flow wp-block-column-is-layout-flow\">\n<p>El programa de Titan Academy en Gibraltar ofrece a los estudiantes del Reino Unido e internacionales una oportunidad \u00fanica de obtener una cualificaci\u00f3n certificada por Ofqual mientras adquieren experiencia pr\u00e1ctica en un impresionante entorno mediterr\u00e1neo.<\/p>\n<\/div>\n<\/div>\n\n<div style=\"height:31px\" aria-hidden=\"true\" class=\"wp-block-spacer\"><\/div>\n\n<h2 class=\"wp-block-heading has-text-align-center\"><strong>Lanza tu carrera en el mundo del fitness con empleos de aprendizaje como entrenador personal en el extranjero<\/strong><\/h2>\n\n<div style=\"height:31px\" aria-hidden=\"true\" class=\"wp-block-spacer\"><\/div>\n\n<div class=\"wp-block-columns is-layout-flex wp-container-core-columns-is-layout-9d6595d7 wp-block-columns-is-layout-flex\">\n<div class=\"wp-block-column is-layout-flow wp-block-column-is-layout-flow\">\n<p>Gibraltar no es solo un tel\u00f3n de fondo espectacular para tu formaci\u00f3n, sino el entorno perfecto para construir tu carrera como entrenador personal desde cero. <\/p>\n\n\n\n<p>Con sol durante todo el a\u00f1o, una vibrante comunidad de fitness y el ingl\u00e9s como idioma principal, te encontrar\u00e1s en un entorno ideal para centrarte en tu desarrollo profesional.<\/p>\n\n\n\n<p>Lo que hace que nuestros empleos de aprendizaje como entrenador personal en el extranjero destaquen es sencillo: combinamos la certificaci\u00f3n Ofqual reconocida en el Reino Unido con experiencia de formaci\u00f3n en el mundo real.<\/p>\n<\/div>\n\n\n\n<div class=\"wp-block-column is-vertically-aligned-center is-layout-flow wp-block-column-is-layout-flow\">\n<p>No se trata de estar sentado en las aulas todo el d\u00eda, sino de trabajar con clientes reales, aprender de entrenadores experimentados y desarrollar tus habilidades desde el primer d\u00eda.<\/p>\n\n\n\n<p>\u00bfLo mejor de todo? Lo har\u00e1s todo en ingl\u00e9s, lo que facilita la transici\u00f3n a los estudiantes del Reino Unido y a los hablantes de ingl\u00e9s internacionales que buscan empleos de aprendizaje como entrenador personal en el extranjero. <\/p>\n<\/div>\n<\/div>\n\n<div style=\"height:31px\" aria-hidden=\"true\" class=\"wp-block-spacer\"><\/div>\n\n<figure class=\"wp-block-image size-full is-resized\"><img fetchpriority=\"high\" decoding=\"async\" width=\"1616\" height=\"1080\" src=\"https:\/\/titanacademy.eu\/wp-content\/uploads\/2024\/02\/aula-online-2-scaled.jpg\" alt=\"\" class=\"wp-image-3034\" style=\"object-fit:cover;width:1200px;height:500px\" title=\"\" srcset=\"https:\/\/titanacademy.eu\/wp-content\/uploads\/2024\/02\/aula-online-2-scaled.jpg 1616w, https:\/\/titanacademy.eu\/wp-content\/uploads\/2024\/02\/aula-online-2-300x201.jpg 300w, https:\/\/titanacademy.eu\/wp-content\/uploads\/2024\/02\/aula-online-2-1024x685.jpg 1024w, https:\/\/titanacademy.eu\/wp-content\/uploads\/2024\/02\/aula-online-2-768x513.jpg 768w, https:\/\/titanacademy.eu\/wp-content\/uploads\/2024\/02\/aula-online-2-1536x1027.jpg 1536w, https:\/\/titanacademy.eu\/wp-content\/uploads\/2024\/02\/aula-online-2-1x1.jpg 1w\" sizes=\"(max-width: 1616px) 100vw, 1616px\" \/><\/figure>\n\n<div style=\"height:31px\" aria-hidden=\"true\" class=\"wp-block-spacer\"><\/div>\n\n<h3 class=\"wp-block-heading\"><strong>Formaci\u00f3n de fitness en el mundo real con expertos del sector<\/strong><\/h3>\n\n<p>En Titan Academy, creemos en aprender haciendo. Nuestro programa de empleos de aprendizaje como entrenador personal en el extranjero te sit\u00faa directamente en la acci\u00f3n: <\/p>\n\n<ul class=\"wp-block-list\">\n<li><strong>Experiencia pr\u00e1ctica en el gimnasio:<\/strong> Trabaja junto a entrenadores profesionales en gimnasios reales con clientes reales<\/li>\n\n\n\n<li><strong>Tutor\u00eda experta:<\/strong> Aprende directamente de profesionales del fitness certificados que han construido carreras exitosas<\/li>\n\n\n\n<li><strong>Desarrollo de habilidades pr\u00e1cticas:<\/strong> Domina el dise\u00f1o de programas, la evaluaci\u00f3n de clientes, los conceptos b\u00e1sicos de nutrici\u00f3n y los fundamentos empresariales<\/li>\n\n\n\n<li><strong>Cualificaci\u00f3n reconocida a nivel nacional:<\/strong> Obt\u00e9n una cualificaci\u00f3n de entrenador personal certificada por Ofqual y respetada en todo el mundo<\/li>\n<\/ul>\n\n<p>Uno de nuestros recientes graduados, James de M\u00e1nchester, nos dijo: \u00abVenir a Gibraltar para obtener mi cualificaci\u00f3n de PT fue la mejor decisi\u00f3n que he tomado. La experiencia pr\u00e1ctica que adquir\u00ed en Titan Academy me dio una confianza que no podr\u00eda haber obtenido de un curso puramente te\u00f3rico en casa\u00bb.<\/p>\n\n<div style=\"height:31px\" aria-hidden=\"true\" class=\"wp-block-spacer\"><\/div>\n\n<h2 class=\"wp-block-heading has-text-align-center\"><strong>Empleos de aprendizaje como entrenador personal en el extranjero: dise\u00f1ados para estudiantes del Reino Unido e internacionales<\/strong><\/h2>\n\n<div style=\"height:31px\" aria-hidden=\"true\" class=\"wp-block-spacer\"><\/div>\n\n<div class=\"wp-block-columns is-layout-flex wp-container-core-columns-is-layout-9d6595d7 wp-block-columns-is-layout-flex\">\n<div class=\"wp-block-column is-layout-flow wp-block-column-is-layout-flow\">\n<p>Hemos creado espec\u00edficamente este programa pensando en los estudiantes del Reino Unido e internacionales que buscan empleos de aprendizaje como entrenador personal en el extranjero:<\/p>\n\n\n\n<ul class=\"wp-block-list\">\n<li><strong>Abierto a solicitantes de todo el mundo:<\/strong> Estudiantes del Reino Unido, la UE e internacionales son bienvenidos<\/li>\n\n\n\n<li><strong>Ense\u00f1anza en ingl\u00e9s:<\/strong> Toda la formaci\u00f3n y los materiales est\u00e1n en ingl\u00e9s<\/li>\n\n\n\n<li><strong>Est\u00e1ndares del plan de estudios del Reino Unido:<\/strong> Siguiendo los mismos est\u00e1ndares rigurosos que los programas con sede en el Reino Unido<\/li>\n\n\n\n<li><strong>Apoyo para el viaje:<\/strong> Orientaci\u00f3n sobre visados, preparativos de viaje y establecimiento en Gibraltar<\/li>\n\n\n\n<li><strong>Fechas de inicio flexibles:<\/strong> M\u00faltiples admisiones de programas a lo largo del a\u00f1o<\/li>\n<\/ul>\n<\/div>\n\n\n\n<div class=\"wp-block-column is-vertically-aligned-center is-layout-flow wp-block-column-is-layout-flow\">\n<p>Tanto si te est\u00e1s tomando un a\u00f1o sab\u00e1tico, como si buscas un cambio de carrera o simplemente quieres combinar tu formaci\u00f3n en fitness con una aventura en el extranjero, nuestros empleos de aprendizaje como entrenador personal en el extranjero ofrecen el equilibrio perfecto entre desarrollo profesional y estilo de vida mediterr\u00e1neo.<\/p>\n<\/div>\n<\/div>\n\n<div style=\"height:31px\" aria-hidden=\"true\" class=\"wp-block-spacer\"><\/div>\n\n<div class=\"wp-block-columns is-layout-flex wp-container-core-columns-is-layout-9d6595d7 wp-block-columns-is-layout-flex\">\n<div class=\"wp-block-column is-layout-flow wp-block-column-is-layout-flow\">\n<h3 class=\"wp-block-heading\"><strong>Vive, aprende y f\u00f3rmate en Gibraltar<\/strong><\/h3>\n\n\n\n<p>Gibraltar ofrece una experiencia de vida \u00fanica que combina la familiaridad brit\u00e1nica con el encanto mediterr\u00e1neo:<\/p>\n\n\n\n<ul class=\"wp-block-list\">\n<li><strong>Territorio seguro de habla inglesa:<\/strong> Si\u00e9ntete como en casa con el ingl\u00e9s como idioma oficial<\/li>\n\n\n\n<li><strong>Clima mediterr\u00e1neo:<\/strong> F\u00f3rmate y vive bajo el sol durante todo el a\u00f1o<\/li>\n\n\n\n<li><strong>Opciones de alojamiento asequibles:<\/strong> Vivienda para estudiantes disponible con paquetes de programas<\/li>\n\n\n\n<li><strong>Rica experiencia cultural:<\/strong> Explora las influencias espa\u00f1olas y brit\u00e1nicas en un mismo lugar<\/li>\n\n\n\n<li><strong>Aventuras de fin de semana:<\/strong> F\u00e1cil acceso a Espa\u00f1a, Marruecos y Portugal para viajes de fin de semana<\/li>\n<\/ul>\n\n\n\n<p><\/p>\n<\/div>\n\n\n\n<div class=\"wp-block-column is-vertically-aligned-center is-layout-flow wp-block-column-is-layout-flow\">\n<p>Nuestra academia est\u00e1 situada a pocos minutos de las impresionantes playas y los famosos lugares de inter\u00e9s de Gibraltar. <\/p>\n\n\n\n<ul class=\"wp-block-list\">\n<li>Te formar\u00e1s en instalaciones modernas mientras disfrutas del relajado ritmo de vida mediterr\u00e1neo.<\/li>\n\n\n\n<li>\u00abEl estilo de vida aqu\u00ed es incre\u00edble\u00bb, dice Sarah, una reci\u00e9n graduada de Dubl\u00edn. <\/li>\n\n\n\n<li>\u00abTerminaba mis sesiones de entrenamiento y luego me iba a la playa o a explorar la ciudad. <\/li>\n\n\n\n<li>Es una experiencia completamente diferente a la de estudiar en el Reino Unido, \u00a1y mi bronceado fue una buena ventaja!\u00bb<\/li>\n<\/ul>\n<\/div>\n<\/div>\n\n<div style=\"height:31px\" aria-hidden=\"true\" class=\"wp-block-spacer\"><\/div>\n\n<h2 class=\"wp-block-heading has-text-align-center\"><strong>Tu puerta de entrada a una carrera global en el mundo del fitness<\/strong><\/h2>\n\n<div style=\"height:31px\" aria-hidden=\"true\" class=\"wp-block-spacer\"><\/div>\n\n<div class=\"wp-block-columns is-layout-flex wp-container-core-columns-is-layout-9d6595d7 wp-block-columns-is-layout-flex\">\n<div class=\"wp-block-column is-layout-flow wp-block-column-is-layout-flow\">\n<p>Completar tu empleo de aprendizaje como entrenador personal en el extranjero con Titan Academy abre las puertas a carreras de fitness en todo el mundo:<\/p>\n\n\n\n<ul class=\"wp-block-list\">\n<li><strong>Reconocimiento internacional:<\/strong> Tu certificaci\u00f3n Ofqual es respetada a nivel mundial<\/li>\n\n\n\n<li><strong>V\u00edas de empleo:<\/strong> Opciones para trabajar en gimnasios, hoteles, cruceros o como entrenador aut\u00f3nomo<\/li>\n\n\n\n<li><strong>Mayor especializaci\u00f3n:<\/strong> Base para cualificaciones y especialidades adicionales en el mundo del fitness<\/li>\n\n\n\n<li><strong>Habilidades empresariales:<\/strong> Aprende los fundamentos para dirigir tu propio negocio de entrenamiento personal<\/li>\n\n\n\n<li><strong>Apoyo continuo:<\/strong> Orientaci\u00f3n profesional y asistencia para la colocaci\u00f3n despu\u00e9s de la graduaci\u00f3n<\/li>\n<\/ul>\n\n\n\n<p>Muchos de nuestros graduados han conseguido puestos en los mejores centros de fitness de Europa o han lanzado exitosas carreras como aut\u00f3nomos. La combinaci\u00f3n de experiencia pr\u00e1ctica y certificaci\u00f3n reconocida internacionalmente te da una ventaja competitiva en la industria del fitness. <\/p>\n<\/div>\n\n\n\n<div class=\"wp-block-column is-layout-flow wp-block-column-is-layout-flow\">\n<figure class=\"wp-block-image size-full is-resized\"><img decoding=\"async\" width=\"720\" height=\"1080\" src=\"https:\/\/titanacademy.eu\/wp-content\/uploads\/2024\/01\/IMG_6064.jpg\" alt=\"\" class=\"wp-image-2025\" style=\"object-fit:cover;width:307px;height:auto\" title=\"\" srcset=\"https:\/\/titanacademy.eu\/wp-content\/uploads\/2024\/01\/IMG_6064.jpg 720w, https:\/\/titanacademy.eu\/wp-content\/uploads\/2024\/01\/IMG_6064-200x300.jpg 200w, https:\/\/titanacademy.eu\/wp-content\/uploads\/2024\/01\/IMG_6064-683x1024.jpg 683w, https:\/\/titanacademy.eu\/wp-content\/uploads\/2024\/01\/IMG_6064-768x1152.jpg 768w, https:\/\/titanacademy.eu\/wp-content\/uploads\/2024\/01\/IMG_6064-1024x1536.jpg 1024w, https:\/\/titanacademy.eu\/wp-content\/uploads\/2024\/01\/IMG_6064-1x2.jpg 1w\" sizes=\"(max-width: 720px) 100vw, 720px\" \/><\/figure>\n<\/div>\n<\/div>\n\n<div style=\"height:31px\" aria-hidden=\"true\" class=\"wp-block-spacer\"><\/div>\n\n<h2 class=\"wp-block-heading has-text-align-center\"><strong>\u00bfListo para empezar tu empleo de aprendizaje como entrenador personal en el extranjero?<\/strong><\/h2>\n\n<div style=\"height:31px\" aria-hidden=\"true\" class=\"wp-block-spacer\"><\/div>\n\n<div class=\"wp-block-columns is-layout-flex wp-container-core-columns-is-layout-9d6595d7 wp-block-columns-is-layout-flex\">\n<div class=\"wp-block-column is-layout-flow wp-block-column-is-layout-flow\">\n<h4 class=\"wp-block-heading\">Qui\u00e9n puede solicitarlo<\/h4>\n\n\n\n<ul class=\"wp-block-list\">\n<li>Estudiantes del Reino Unido e internacionales de 18 a\u00f1os o m\u00e1s<\/li>\n\n\n\n<li>No se requieren cualificaciones previas en fitness (aunque un inter\u00e9s b\u00e1sico en el fitness es beneficioso)<\/li>\n\n\n\n<li>Buen dominio del ingl\u00e9s<\/li>\n\n\n\n<li>Pasi\u00f3n por el fitness y por ayudar a otros a alcanzar sus objetivos<\/li>\n<\/ul>\n\n\n\n<h4 class=\"wp-block-heading\">Lo que necesitar\u00e1s<\/h4>\n\n\n\n<ul class=\"wp-block-list\">\n<li>Entusiasmo y dedicaci\u00f3n para construir una carrera en el mundo del fitness<\/li>\n\n\n\n<li>Pasaporte v\u00e1lido<\/li>\n\n\n\n<li>Capacidad para comprometerse con la duraci\u00f3n completa del programa (de 3 a 6 meses, dependiendo de la modalidad seleccionada)<\/li>\n\n\n\n<li>Nivel de fitness b\u00e1sico para participar en las sesiones de formaci\u00f3n pr\u00e1ctica<\/li>\n<\/ul>\n<\/div>\n\n\n\n<div class=\"wp-block-column is-vertically-aligned-center is-layout-flow wp-block-column-is-layout-flow\">\n<h4 class=\"wp-block-heading\">Matr\u00edcula y alojamiento<\/h4>\n\n\n\n<p>Los paquetes integrales del programa incluyen:<\/p>\n\n\n\n<ul class=\"wp-block-list\">\n<li>Plan de estudios completo de formaci\u00f3n personal certificado por Ofqual<\/li>\n\n\n\n<li>Horas de formaci\u00f3n pr\u00e1ctica en gimnasios profesionales<\/li>\n\n\n\n<li>Opciones de alojamiento (compartido o privado)<\/li>\n\n\n\n<li>Materiales de estudio y tasas de certificaci\u00f3n<\/li>\n<\/ul>\n<\/div>\n<\/div>\n\n<div style=\"height:31px\" aria-hidden=\"true\" class=\"wp-block-spacer\"><\/div>\n\n<h2 class=\"wp-block-heading has-text-align-center\"><strong>\u00a1Encuentra empleos de aprendizaje como entrenador personal en el extranjero con Titan Academy!<\/strong><\/h2>\n\n<div style=\"height:31px\" aria-hidden=\"true\" class=\"wp-block-spacer\"><\/div>\n\n<div class=\"wp-block-columns is-layout-flex wp-container-core-columns-is-layout-9d6595d7 wp-block-columns-is-layout-flex\">\n<div class=\"wp-block-column is-layout-flow wp-block-column-is-layout-flow\">\n<figure class=\"wp-block-image size-full\"><img decoding=\"async\" width=\"720\" height=\"1080\" src=\"https:\/\/titanacademy.eu\/wp-content\/uploads\/2024\/01\/IMG_6729-scaled.jpg\" alt=\"\" class=\"wp-image-2284\" style=\"aspect-ratio:2.3529411764705883;object-fit:cover\" title=\"\" srcset=\"https:\/\/titanacademy.eu\/wp-content\/uploads\/2024\/01\/IMG_6729-scaled.jpg 720w, https:\/\/titanacademy.eu\/wp-content\/uploads\/2024\/01\/IMG_6729-200x300.jpg 200w, https:\/\/titanacademy.eu\/wp-content\/uploads\/2024\/01\/IMG_6729-683x1024.jpg 683w, https:\/\/titanacademy.eu\/wp-content\/uploads\/2024\/01\/IMG_6729-768x1152.jpg 768w, https:\/\/titanacademy.eu\/wp-content\/uploads\/2024\/01\/IMG_6729-1024x1536.jpg 1024w, https:\/\/titanacademy.eu\/wp-content\/uploads\/2024\/01\/IMG_6729-1365x2048.jpg 1365w, https:\/\/titanacademy.eu\/wp-content\/uploads\/2024\/01\/IMG_6729-1x2.jpg 1w\" sizes=\"(max-width: 720px) 100vw, 720px\" \/><\/figure>\n<\/div>\n\n\n\n<div class=\"wp-block-column is-layout-flow wp-block-column-is-layout-flow\">\n<p>Da el primer paso hacia una carrera en el mundo del fitness con nuestros empleos de aprendizaje como entrenador personal certificados por Ofqual en Gibraltar.<\/p>\n\n\n\n<p>\u2705 Experiencia real en el gimnasio<br\/>\u2705 Tutor\u00eda profesional<br\/>\u2705 Alojamiento disponible<\/p>\n\n\n\n<p>\u00bfListo para transformar tu pasi\u00f3n por el fitness en una carrera global? <\/p>\n\n\n\n<p><a href=\"https:\/\/titanacademy.eu\/es\/contacto\/\" data-type=\"page\" data-id=\"3978\">Ponte en contacto con nosotros hoy mismo<\/a> para solicitar nuestra gu\u00eda detallada del programa y el formulario de solicitud. Las plazas son limitadas para cada admisi\u00f3n, por lo que se recomienda presentar la solicitud con antelaci\u00f3n. <\/p>\n\n\n\n<p>Transforma tu pasi\u00f3n por el fitness en una carrera mientras disfrutas del estilo de vida mediterr\u00e1neo. \u00a1Tu empleo de aprendizaje como entrenador personal en el extranjero comienza aqu\u00ed, en Gibraltar! <\/p>\n<\/div>\n<\/div>\n\n<div style=\"height:31px\" aria-hidden=\"true\" class=\"wp-block-spacer\"><\/div>\n","protected":false},"excerpt":{"rendered":"<p>\u00bfEst\u00e1s buscando empleos de aprendizaje como entrenador personal en el extranjero? El programa de Titan Academy en Gibraltar ofrece a los estudiantes del Reino Unido e internacionales una oportunidad \u00fanica de obtener una cualificaci\u00f3n certificada por Ofqual mientras adquieren experiencia pr\u00e1ctica en un impresionante entorno mediterr\u00e1neo. Lanza tu carrera en el mundo del fitness con empleos de aprendizaje como entrenador personal en el extranjero Gibraltar no es solo un tel\u00f3n de fondo espectacular para tu formaci\u00f3n, sino el entorno perfecto para construir tu carrera como entrenador personal desde cero. Con sol durante todo el a\u00f1o, una vibrante comunidad de fitness y el ingl\u00e9s como idioma principal, te encontrar\u00e1s en un entorno ideal para centrarte en tu desarrollo profesional. Lo que hace que nuestros empleos de aprendizaje como entrenador personal en el extranjero destaquen es sencillo: combinamos la certificaci\u00f3n Ofqual reconocida en el Reino Unido con experiencia de formaci\u00f3n en el mundo real. No se trata de estar sentado en las aulas todo el d\u00eda, sino de trabajar con clientes reales, aprender de entrenadores experimentados y desarrollar tus habilidades desde el primer d\u00eda. \u00bfLo mejor de todo? Lo har\u00e1s todo en ingl\u00e9s, lo que facilita la transici\u00f3n a los estudiantes del Reino Unido y a los hablantes de ingl\u00e9s internacionales que buscan empleos de aprendizaje como entrenador personal en el extranjero. Formaci\u00f3n de fitness en el mundo real con expertos del sector En Titan Academy, creemos en aprender haciendo. Nuestro programa de empleos de aprendizaje como entrenador personal en el extranjero te sit\u00faa directamente en la acci\u00f3n: Uno de nuestros recientes graduados, James de M\u00e1nchester, nos dijo: \u00abVenir a Gibraltar para obtener mi cualificaci\u00f3n de PT fue la mejor decisi\u00f3n que he tomado. La experiencia pr\u00e1ctica que adquir\u00ed en Titan Academy me dio una confianza que no podr\u00eda haber obtenido de un curso puramente te\u00f3rico en casa\u00bb. Empleos de aprendizaje como entrenador personal en el extranjero: dise\u00f1ados para estudiantes del Reino Unido e internacionales Hemos creado espec\u00edficamente este programa pensando en los estudiantes del Reino Unido e internacionales que buscan empleos de aprendizaje como entrenador personal en el extranjero: Tanto si te est\u00e1s tomando un a\u00f1o sab\u00e1tico, como si buscas un cambio de carrera o simplemente quieres combinar tu formaci\u00f3n en fitness con una aventura en el extranjero, nuestros empleos de aprendizaje como entrenador personal en el extranjero ofrecen el equilibrio perfecto entre desarrollo profesional y estilo de vida mediterr\u00e1neo. Vive, aprende y f\u00f3rmate en Gibraltar Gibraltar ofrece una experiencia de vida \u00fanica que combina la familiaridad brit\u00e1nica con el encanto mediterr\u00e1neo: Nuestra academia est\u00e1 situada a pocos minutos de las impresionantes playas y los famosos lugares de inter\u00e9s de Gibraltar. Tu puerta de entrada a una carrera global en el mundo del fitness Completar tu empleo de aprendizaje como entrenador personal en el extranjero con Titan Academy abre las puertas a carreras de fitness en todo el mundo: Muchos de nuestros graduados han conseguido puestos en los mejores centros de fitness de Europa o han lanzado exitosas carreras como aut\u00f3nomos. La combinaci\u00f3n de experiencia pr\u00e1ctica y certificaci\u00f3n reconocida internacionalmente te da una ventaja competitiva en la industria del fitness. \u00bfListo para empezar tu empleo de aprendizaje como entrenador personal en el extranjero? Qui\u00e9n puede solicitarlo Lo que necesitar\u00e1s Matr\u00edcula y alojamiento Los paquetes integrales del programa incluyen: \u00a1Encuentra empleos de aprendizaje como entrenador personal en el extranjero con Titan Academy! Da el primer paso hacia una carrera en el mundo del fitness con nuestros empleos de aprendizaje como entrenador personal certificados por Ofqual en Gibraltar. \u2705 Experiencia real en el gimnasio\u2705 Tutor\u00eda profesional\u2705 Alojamiento disponible \u00bfListo para transformar tu pasi\u00f3n por el fitness en una carrera global? Ponte en contacto con nosotros hoy mismo para solicitar nuestra gu\u00eda detallada del programa y el formulario de solicitud. Las plazas son limitadas para cada admisi\u00f3n, por lo que se recomienda presentar la solicitud con antelaci\u00f3n. Transforma tu pasi\u00f3n por el fitness en una carrera mientras disfrutas del estilo de vida mediterr\u00e1neo. \u00a1Tu empleo de aprendizaje como entrenador personal en el extranjero comienza aqu\u00ed, en Gibraltar!<\/p>\n","protected":false},"author":9108,"featured_media":0,"parent":0,"menu_order":0,"comment_status":"closed","ping_status":"closed","template":"","meta":{"_monsterinsights_skip_tracking":false,"_monsterinsights_sitenote_active":false,"_monsterinsights_sitenote_note":"","_monsterinsights_sitenote_category":0,"footnotes":""},"categories":[96],"tags":[],"class_list":["post-6446","page","type-page","status-publish","hentry","category-entrenadores-personales"],"_links":{"self":[{"href":"https:\/\/titanacademy.eu\/es\/wp-json\/wp\/v2\/pages\/6446","targetHints":{"allow":["GET"]}}],"collection":[{"href":"https:\/\/titanacademy.eu\/es\/wp-json\/wp\/v2\/pages"}],"about":[{"href":"https:\/\/titanacademy.eu\/es\/wp-json\/wp\/v2\/types\/page"}],"author":[{"embeddable":true,"href":"https:\/\/titanacademy.eu\/es\/wp-json\/wp\/v2\/users\/9108"}],"replies":[{"embeddable":true,"href":"https:\/\/titanacademy.eu\/es\/wp-json\/wp\/v2\/comments?post=6446"}],"version-history":[{"count":2,"href":"https:\/\/titanacademy.eu\/es\/wp-json\/wp\/v2\/pages\/6446\/revisions"}],"predecessor-version":[{"id":6461,"href":"https:\/\/titanacademy.eu\/es\/wp-json\/wp\/v2\/pages\/6446\/revisions\/6461"}],"wp:attachment":[{"href":"https:\/\/titanacademy.eu\/es\/wp-json\/wp\/v2\/media?parent=6446"}],"wp:term":[{"taxonomy":"category","embeddable":true,"href":"https:\/\/titanacademy.eu\/es\/wp-json\/wp\/v2\/categories?post=6446"},{"taxonomy":"post_tag","embeddable":true,"href":"https:\/\/titanacademy.eu\/es\/wp-json\/wp\/v2\/tags?post=6446"}],"curies":[{"name":"wp","href":"https:\/\/api.w.org\/{rel}","templated":true}]}}