{"id":5517,"date":"2025-07-16T14:53:03","date_gmt":"2025-07-16T12:53:03","guid":{"rendered":"https:\/\/titanacademy.eu\/clases-grupales-de-entrenamiento-con-pesas\/clases-de-entrenamiento-con-pesas-en-grupo-torreguadiaro\/"},"modified":"2025-08-06T12:04:49","modified_gmt":"2025-08-06T10:04:49","slug":"torreguadiaro","status":"publish","type":"page","link":"https:\/\/titanacademy.eu\/es\/clases-de-entrenamiento-con-pesas\/torreguadiaro\/","title":{"rendered":"Clases de entrenamiento con pesas en grupo Torreguadiaro"},"content":{"rendered":"\n<div class=\"wp-block-columns is-layout-flex wp-container-core-columns-is-layout-9d6595d7 wp-block-columns-is-layout-flex\">\n<div class=\"wp-block-column is-layout-flow wp-block-column-is-layout-flow\">\n<h2 class=\"wp-block-heading\"><strong><strong><strong>Entrenamiento con pesas en grupo para un rendimiento m\u00e1ximo en Torreguadiaro<\/strong><\/strong><\/strong><\/h2>\n\n\n\n<p>El agotamiento y el estr\u00e9s plantean desaf\u00edos importantes. El entrenamiento f\u00edsico disciplinado, combinado con la comunidad, construye equipos m\u00e1s resilientes y de alto rendimiento.  <\/p>\n\n\n\n<p>El entrenamiento con pesas en grupo en Torreguadiaro cultiva la fuerza f\u00edsica, la fortaleza mental y el esp\u00edritu de colaboraci\u00f3n, esenciales para el \u00e9xito. Esto fomenta un individuo m\u00e1s fuerte, m\u00e1s concentrado y m\u00e1s conectado. <\/p>\n<\/div>\n\n\n\n<div class=\"wp-block-column is-vertically-aligned-center is-layout-flow wp-block-column-is-layout-flow\">\n<p>Torreguadiaro proporciona un entorno para redefinir tu enfoque del \u00e9xito. El entrenamiento con pesas en grupo ofrece beneficios m\u00e1s all\u00e1 de la t\u00edpica experiencia de gimnasio.  <\/p>\n\n\n\n<p>Es una sinergia de esfuerzo, impulso y apoyo dise\u00f1ada para desarrollar individuos completos, preparados para afrontar los retos con renovado vigor. <\/p>\n\n\n\n<p>Torreguadiaro proporciona un entorno inspirador para que personas de todos los niveles de forma f\u00edsica alcancen sus aspiraciones.<\/p>\n<\/div>\n<\/div>\n\n\n\n<div style=\"height:31px\" aria-hidden=\"true\" class=\"wp-block-spacer\"><\/div>\n\n\n\n<h2 class=\"wp-block-heading has-text-align-center\"><strong><strong><strong>El poder de la comunidad en el entrenamiento con pesas<\/strong><\/strong><\/strong><\/h2>\n\n\n\n<div style=\"height:31px\" aria-hidden=\"true\" class=\"wp-block-spacer\"><\/div>\n\n\n\n<div class=\"wp-block-columns is-layout-flex wp-container-core-columns-is-layout-9d6595d7 wp-block-columns-is-layout-flex\">\n<div class=\"wp-block-column is-vertically-aligned-center is-layout-flow wp-block-column-is-layout-flow\">\n<p>El entrenamiento con pesas en grupo enciende la sinergia. Instructores cualificados imparten programas estructurados centrados en la forma correcta y las t\u00e9cnicas progresivas. La ventaja reside en el viaje compartido.   <\/p>\n\n\n\n<p>La energ\u00eda colectiva eleva cada repetici\u00f3n, transformando los hitos en triunfos. Esta camarader\u00eda transforma los entrenamientos en eventos inspiradores, fomentando los lazos. <\/p>\n<\/div>\n\n\n\n<div class=\"wp-block-column is-layout-flow wp-block-column-is-layout-flow\">\n<p>La responsabilidad comunitaria alimenta la motivaci\u00f3n. Al igual que un equipo de levantamiento de pesas depende de cada miembro para el apoyo y el \u00e1nimo, los equipos prosperan gracias al apoyo mutuo y a los objetivos compartidos.  <\/p>\n\n\n\n<p>El horario estructurado promueve la constancia. Reconozca los beneficios mentales y emocionales que se derivan de una comunidad de apoyo unida en la b\u00fasqueda de una vida m\u00e1s sana y equilibrada. <\/p>\n<\/div>\n<\/div>\n\n\n\n<div style=\"height:31px\" aria-hidden=\"true\" class=\"wp-block-spacer\"><\/div>\n\n\n\n<figure class=\"wp-block-image size-full is-resized\"><img fetchpriority=\"high\" decoding=\"async\" width=\"720\" height=\"1080\" src=\"https:\/\/titanacademy.eu\/wp-content\/uploads\/2024\/02\/IMG_5612-scaled.jpg\" alt=\"\" class=\"wp-image-3029\" style=\"object-fit:cover;width:1200px;height:500px\" title=\"\" srcset=\"https:\/\/titanacademy.eu\/wp-content\/uploads\/2024\/02\/IMG_5612-scaled.jpg 720w, https:\/\/titanacademy.eu\/wp-content\/uploads\/2024\/02\/IMG_5612-200x300.jpg 200w, https:\/\/titanacademy.eu\/wp-content\/uploads\/2024\/02\/IMG_5612-683x1024.jpg 683w, https:\/\/titanacademy.eu\/wp-content\/uploads\/2024\/02\/IMG_5612-768x1152.jpg 768w, https:\/\/titanacademy.eu\/wp-content\/uploads\/2024\/02\/IMG_5612-1024x1536.jpg 1024w, https:\/\/titanacademy.eu\/wp-content\/uploads\/2024\/02\/IMG_5612-1x2.jpg 1w\" sizes=\"(max-width: 720px) 100vw, 720px\" \/><\/figure>\n\n\n\n<div style=\"height:31px\" aria-hidden=\"true\" class=\"wp-block-spacer\"><\/div>\n\n\n\n<h2 class=\"wp-block-heading\"><strong><strong>Elegir la clase de entrenamiento con pesas en grupo adecuada<\/strong><\/strong><\/h2>\n\n\n\n<p>Elegir la clase adecuada es fundamental para maximizar los resultados y mantener la motivaci\u00f3n. Se trata de una decisi\u00f3n personal que implica la evaluaci\u00f3n de tu nivel de forma f\u00edsica actual, tus objetivos y tus preferencias. Eval\u00faa tus necesidades y explora las opciones en Torreguadiaro.  <\/p>\n\n\n\n<p>Eval\u00faa tu nivel de forma f\u00edsica actual y tu experiencia con el entrenamiento con pesas. Define tus objetivos, ya sea centrarte en construir m\u00fasculo, perder peso, mejorar la fuerza funcional o mejorar el bienestar general. <\/p>\n\n\n\n<p>Ten en cuenta estos puntos al investigar clases de entrenamiento con pesas en grupo en Torreguadiaro:<\/p>\n\n\n\n<ul class=\"wp-block-list\">\n<li><strong>Nivel adecuado:<\/strong> \u00bfLa clase est\u00e1 dirigida a principiantes, intermedios o avanzados? Alinear la clase con tu nivel de forma f\u00edsica actual te prepara para el \u00e9xito y previene lesiones. <\/li>\n\n\n\n<li><strong>Variedad de ejercicios:<\/strong> \u00bfQu\u00e9 tipos de ejercicios y equipos se incorporan a los entrenamientos? Un programa diverso te mantiene comprometido y desaf\u00eda a diferentes grupos musculares para un desarrollo equilibrado. <\/li>\n\n\n\n<li><strong>Cualificaciones del instructor:<\/strong> \u00bfCu\u00e1les son las cualificaciones, certificaciones y experiencia del instructor? Esto asegura que tienen la experiencia necesaria para guiarte de forma segura y eficaz. <\/li>\n\n\n\n<li><strong>Relaci\u00f3n instructor-alumno:<\/strong> \u00bfCu\u00e1l es la relaci\u00f3n t\u00edpica instructor-alumno? Una proporci\u00f3n menor permite una atenci\u00f3n y orientaci\u00f3n individualizadas, esenciales para dominar la forma correcta. <\/li>\n\n\n\n<li><strong>Compatibilidad de horarios:<\/strong> \u00bfEl horario de las clases se ajusta a tu estilo de vida y disponibilidad? La constancia es clave, as\u00ed que elige un horario que puedas mantener de forma realista. <\/li>\n\n\n\n<li><strong>Testimonios de miembros:<\/strong> \u00bfExisten oportunidades de hablar con miembros actuales o antiguos para conocer sus experiencias? Las perspectivas del mundo real pueden proporcionar informaci\u00f3n valiosa sobre el entorno y la eficacia de la clase. <\/li>\n<\/ul>\n\n\n\n<p>Prueba diferentes clases antes de comprometerte. Muchas instalaciones ofrecen sesiones introductorias o periodos de prueba. Experimenta la clase de primera mano, observa el estilo de ense\u00f1anza del instructor y eval\u00faa la energ\u00eda del grupo. Presta atenci\u00f3n a c\u00f3mo responde tu cuerpo durante y despu\u00e9s del entrenamiento. Una clase bien dise\u00f1ada debe desafiarte adecuadamente sin hacerte sentir abrumado o propenso a lesionarte.    <\/p>\n\n\n\t\t<div data-elementor-type=\"container\" data-elementor-id=\"5377\" class=\"elementor elementor-5377 elementor-4217\" data-elementor-post-type=\"elementor_library\">\n\t\t\t\t<div class=\"elementor-element elementor-element-63f97d37 e-con-full e-flex wpr-particle-no wpr-jarallax-no wpr-parallax-no wpr-sticky-section-no e-con e-child\" data-id=\"63f97d37\" data-element_type=\"container\" data-settings=\"{&quot;background_background&quot;:&quot;classic&quot;}\">\n\t\t\t\t<div class=\"elementor-element elementor-element-e7d278c elementor-align-right elementor-tablet-align-left elementor-widget__width-initial elementor-widget elementor-widget-button\" data-id=\"e7d278c\" data-element_type=\"widget\" data-widget_type=\"button.default\">\n\t\t\t\t<div class=\"elementor-widget-container\">\n\t\t\t\t\t\t\t\t\t<div class=\"elementor-button-wrapper\">\n\t\t\t\t\t<a class=\"elementor-button elementor-button-link elementor-size-sm\" href=\"https:\/\/titanacademy.eu\/es\/contacto\/\" target=\"_blank\">\n\t\t\t\t\t\t<span class=\"elementor-button-content-wrapper\">\n\t\t\t\t\t\t\t\t\t<span class=\"elementor-button-text\">Contacta con nosotros ahora<\/span>\n\t\t\t\t\t<\/span>\n\t\t\t\t\t<\/a>\n\t\t\t\t<\/div>\n\t\t\t\t\t\t\t\t<\/div>\n\t\t\t\t<\/div>\n\t\t<div class=\"elementor-element elementor-element-21a7eafd e-con-full e-flex wpr-particle-no wpr-jarallax-no wpr-parallax-no wpr-sticky-section-no e-con e-child\" data-id=\"21a7eafd\" data-element_type=\"container\">\n\t\t\t\t<div class=\"elementor-element elementor-element-186a18ba elementor-widget elementor-widget-heading\" data-id=\"186a18ba\" data-element_type=\"widget\" data-widget_type=\"heading.default\">\n\t\t\t\t<div class=\"elementor-widget-container\">\n\t\t\t\t\t<h3 class=\"elementor-heading-title elementor-size-default\">Deja de luchar con los entrenamientos en solitario: desarrollad fuerza de verdad juntos<\/h3>\t\t\t\t<\/div>\n\t\t\t\t<\/div>\n\t\t\t\t<div class=\"elementor-element elementor-element-55ba8bef elementor-widget elementor-widget-text-editor\" data-id=\"55ba8bef\" data-element_type=\"widget\" data-widget_type=\"text-editor.default\">\n\t\t\t\t<div class=\"elementor-widget-container\">\n\t\t\t\t\t\t\t\t\t<p>\u00danete a nuestras motivadoras sesiones de fuerza en grupo, donde el entrenamiento experto, los compa\u00f1eros que te apoyan y los resultados probados crean la transformaci\u00f3n que te has estado perdiendo, porque las personas m\u00e1s fuertes no se construyen de forma aislada.<\/p>\t\t\t\t\t\t\t\t<\/div>\n\t\t\t\t<\/div>\n\t\t\t\t<\/div>\n\t\t\t\t<\/div>\n\t\t\t\t<\/div>\n\t\t\n\n\n\n<div style=\"height:31px\" aria-hidden=\"true\" class=\"wp-block-spacer\"><\/div>\n\n\n\n<h2 class=\"wp-block-heading has-text-align-center\"><strong><strong><strong>Preparaci\u00f3n para tu primera sesi\u00f3n de entrenamiento con pesas en grupo<\/strong><\/strong><\/strong><\/h2>\n\n\n\n<div style=\"height:31px\" aria-hidden=\"true\" class=\"wp-block-spacer\"><\/div>\n\n\n\n<div class=\"wp-block-columns is-layout-flex wp-container-core-columns-is-layout-9d6595d7 wp-block-columns-is-layout-flex\">\n<div class=\"wp-block-column is-layout-flow wp-block-column-is-layout-flow\">\n<p>Entrar en tu primera clase de entrenamiento con pesas puede ser estresante. Todo el mundo empieza en alguna parte. Saber qu\u00e9 esperar puede aliviar la ansiedad.   <\/p>\n\n\n\n<p>La mayor\u00eda de las sesiones siguen una estructura similar, dise\u00f1ada para optimizar los resultados y minimizar el riesgo de lesiones.<\/p>\n\n\n\n<p><strong>El calentamiento:<\/strong> La clase comienza con un calentamiento din\u00e1mico, que incluye ejercicios ligeros de cardio y movilidad. Esto prepara tus m\u00fasculos, aumenta el flujo sangu\u00edneo y reduce el riesgo de distensiones. <\/p>\n\n\n\n<p><strong>Entrenamiento de fuerza:<\/strong> Este es el n\u00facleo de la sesi\u00f3n, centrado en ejercicios espec\u00edficos para varios grupos musculares. Espera que los instructores demuestren la forma y la t\u00e9cnica correctas.  <\/p>\n<\/div>\n\n\n\n<div class=\"wp-block-column is-layout-flow wp-block-column-is-layout-flow\">\n<p>Tambi\u00e9n ofrecer\u00e1n modificaciones para adaptarse a los diferentes niveles de forma f\u00edsica y limitaciones f\u00edsicas. Prioriza el dominio de la t\u00e9cnica y escucha las se\u00f1ales de tu cuerpo. <\/p>\n\n\n\n<p><strong>Enfriamiento y estiramientos:<\/strong> La sesi\u00f3n concluye con un enfriamiento, con estiramientos est\u00e1ticos para mejorar la flexibilidad y ayudar a la recuperaci\u00f3n muscular, ayudando a reducir el dolor y prevenir lesiones.<\/p>\n\n\n\n<p>A lo largo de la sesi\u00f3n, los instructores circular\u00e1n, proporcionando orientaci\u00f3n personalizada y asegurando la forma correcta. <\/p>\n\n\n\n<p>No dudes en hacer preguntas o solicitar modificaciones.<\/p>\n<\/div>\n<\/div>\n\n\n\n<div style=\"height:31px\" aria-hidden=\"true\" class=\"wp-block-spacer\"><\/div>\n\n\n\n<h2 class=\"wp-block-heading has-text-align-center\"><strong><strong>Lograr la transformaci\u00f3n a trav\u00e9s de un entrenamiento constante<\/strong><\/strong><\/h2>\n\n\n\n<div class=\"wp-block-columns is-layout-flex wp-container-core-columns-is-layout-9d6595d7 wp-block-columns-is-layout-flex\">\n<div class=\"wp-block-column is-layout-flow wp-block-column-is-layout-flow\">\n<p>La participaci\u00f3n constante en el entrenamiento con pesas en grupo puede conducir a cambios en tu bienestar f\u00edsico y mental. <\/p>\n\n\n\n<p>Notar\u00e1s un aumento de la fuerza, lo que facilitar\u00e1 las tareas diarias, y una mayor resistencia, lo que te permitir\u00e1 participar en m\u00e1s actividades sin fatiga.<\/p>\n\n\n\n<p>La resistencia mental te equipa para superar los retos con mayor facilidad. <\/p>\n\n\n\n<p>La capacidad de perseverar en una serie dura se traduce directamente en la resistencia necesaria para superar los altibajos de un mercado competitivo.<\/p>\n<\/div>\n\n\n\n<div class=\"wp-block-column is-layout-flow wp-block-column-is-layout-flow\">\n<p>El entorno de apoyo fomenta la camarader\u00eda.<\/p>\n\n\n\n<p>Esta conexi\u00f3n social sirve como un liberador de estr\u00e9s, promoviendo el bienestar emocional. <\/p>\n\n\n\n<p>Estos beneficios son relevantes en entornos profesionales de alta presi\u00f3n.<\/p>\n\n\n\n<p><strong>Abordar las ideas falsas:<\/strong> El entrenamiento con pesas ayuda a construir m\u00fasculo magro, aumentar la densidad \u00f3sea y mejorar el metabolismo. <\/p>\n\n\n\n<p>Es una herramienta para lograr un cuerpo tonificado, sano y fuerte para todos los g\u00e9neros.<\/p>\n<\/div>\n<\/div>\n\n\n\n<h2 class=\"wp-block-heading\"><strong>Vivir una vida vibrante en Torreguadiaro<\/strong><\/h2>\n\n\n\n<p>El entrenamiento con pesas en grupo en Torreguadiaro es una invitaci\u00f3n a abrazar una vida m\u00e1s sana y conectada. Cultiva h\u00e1bitos sostenibles que nutren tu cuerpo y tu mente. <\/p>\n\n\n\n<p>Al comprometerte con una rutina regular, est\u00e1s invirtiendo en:<\/p>\n\n\n\n<ul class=\"wp-block-list\">\n<li><strong>Vitalidad f\u00edsica:<\/strong> Mejora de la fuerza, la resistencia, la flexibilidad y la salud en general.<\/li>\n\n\n\n<li><strong>Claridad mental:<\/strong> Reducci\u00f3n del estr\u00e9s, mejora del estado de \u00e1nimo y aumento de la funci\u00f3n cognitiva.<\/li>\n\n\n\n<li><strong>Bienestar emocional:<\/strong> Fomentar un sentido de pertenencia y aumentar la autoestima.<\/li>\n<\/ul>\n\n\n\n<p>Forja un equipo m\u00e1s fuerte. Explora c\u00f3mo los principios del entrenamiento con pesas en grupo pueden transformar la cultura de tu empresa e impulsar el rendimiento. <\/p>\n\n\n\t\t<div data-elementor-type=\"container\" data-elementor-id=\"5377\" class=\"elementor elementor-5377 elementor-4217\" data-elementor-post-type=\"elementor_library\">\n\t\t\t\t<div class=\"elementor-element elementor-element-63f97d37 e-con-full e-flex wpr-particle-no wpr-jarallax-no wpr-parallax-no wpr-sticky-section-no e-con e-child\" data-id=\"63f97d37\" data-element_type=\"container\" data-settings=\"{&quot;background_background&quot;:&quot;classic&quot;}\">\n\t\t\t\t<div class=\"elementor-element elementor-element-e7d278c elementor-align-right elementor-tablet-align-left elementor-widget__width-initial elementor-widget elementor-widget-button\" data-id=\"e7d278c\" data-element_type=\"widget\" data-widget_type=\"button.default\">\n\t\t\t\t<div class=\"elementor-widget-container\">\n\t\t\t\t\t\t\t\t\t<div class=\"elementor-button-wrapper\">\n\t\t\t\t\t<a class=\"elementor-button elementor-button-link elementor-size-sm\" href=\"https:\/\/titanacademy.eu\/es\/contacto\/\" target=\"_blank\">\n\t\t\t\t\t\t<span class=\"elementor-button-content-wrapper\">\n\t\t\t\t\t\t\t\t\t<span class=\"elementor-button-text\">Contacta con nosotros ahora<\/span>\n\t\t\t\t\t<\/span>\n\t\t\t\t\t<\/a>\n\t\t\t\t<\/div>\n\t\t\t\t\t\t\t\t<\/div>\n\t\t\t\t<\/div>\n\t\t<div class=\"elementor-element elementor-element-21a7eafd e-con-full e-flex wpr-particle-no wpr-jarallax-no wpr-parallax-no wpr-sticky-section-no e-con e-child\" data-id=\"21a7eafd\" data-element_type=\"container\">\n\t\t\t\t<div class=\"elementor-element elementor-element-186a18ba elementor-widget elementor-widget-heading\" data-id=\"186a18ba\" data-element_type=\"widget\" data-widget_type=\"heading.default\">\n\t\t\t\t<div class=\"elementor-widget-container\">\n\t\t\t\t\t<h3 class=\"elementor-heading-title elementor-size-default\">Deja de luchar con los entrenamientos en solitario: desarrollad fuerza de verdad juntos<\/h3>\t\t\t\t<\/div>\n\t\t\t\t<\/div>\n\t\t\t\t<div class=\"elementor-element elementor-element-55ba8bef elementor-widget elementor-widget-text-editor\" data-id=\"55ba8bef\" data-element_type=\"widget\" data-widget_type=\"text-editor.default\">\n\t\t\t\t<div class=\"elementor-widget-container\">\n\t\t\t\t\t\t\t\t\t<p>\u00danete a nuestras motivadoras sesiones de fuerza en grupo, donde el entrenamiento experto, los compa\u00f1eros que te apoyan y los resultados probados crean la transformaci\u00f3n que te has estado perdiendo, porque las personas m\u00e1s fuertes no se construyen de forma aislada.<\/p>\t\t\t\t\t\t\t\t<\/div>\n\t\t\t\t<\/div>\n\t\t\t\t<\/div>\n\t\t\t\t<\/div>\n\t\t\t\t<\/div>\n\t\t\n\n\n\n<div style=\"height:31px\" aria-hidden=\"true\" class=\"wp-block-spacer\"><\/div>\n\n\n\n<h3 class=\"wp-block-heading\">Nuestras ubicaciones<\/h3>\n\n\n\n<ul class=\"wp-block-list\">\n<li><a href=\"https:\/\/titanacademy.eu\/es\/clases-de-entrenamiento-con-pesas\/guadiaro\/\">Clases de entrenamiento con pesas en grupo en Guadiaro<\/a><\/li>\n\n\n\n<li><a href=\"https:\/\/titanacademy.eu\/es\/clases-de-entrenamiento-con-pesas\/san-roque\/\">Clases de entrenamiento con pesas en grupo en San Roque<\/a><\/li>\n\n\n\n<li><a href=\"https:\/\/titanacademy.eu\/es\/clases-de-entrenamiento-con-pesas\/la-alcaidesa\/\">Clases de entrenamiento con pesas en grupo en La Alcaidesa<\/a><\/li>\n\n\n\n<li><a href=\"https:\/\/titanacademy.eu\/es\/clases-de-entrenamiento-con-pesas\/pueblo-nuevo-de-guadiaro\/\">Clases de entrenamiento con pesas en grupo en Pueblo Nuevo de Guadiaro<\/a><\/li>\n\n\n\n<li><a href=\"https:\/\/titanacademy.eu\/es\/clases-de-entrenamiento-con-pesas\/san-enrique-de-guadiaro\/\">Clases de entrenamiento con pesas en grupo en San Enrique de Guadiaro<\/a><\/li>\n\n\n\n<li><a href=\"https:\/\/titanacademy.eu\/es\/clases-de-entrenamiento-con-pesas\/torreguadiaro\/\">Clases de entrenamiento con pesas en grupo en Torreguadiaro<\/a><\/li>\n\n\n\n<li><a href=\"https:\/\/titanacademy.eu\/es\/clases-de-entrenamiento-con-pesas\/campamento\/\">Clases de entrenamiento con pesas en grupo en Campamento<\/a><\/li>\n\n\n\n<li><a href=\"https:\/\/titanacademy.eu\/es\/clases-de-entrenamiento-con-pesas\/gibraltar\/\">Clases de entrenamiento con pesas en grupo en Gibraltar<\/a><\/li>\n\n\n\n<li><a href=\"https:\/\/titanacademy.eu\/es\/clases-de-entrenamiento-con-pesas\/sotogrande\/\">Clases de entrenamiento con pesas en grupo en Sotogrande<\/a><\/li>\n<\/ul>\n","protected":false},"excerpt":{"rendered":"<p>Entrenamiento con pesas en grupo para un rendimiento m\u00e1ximo en Torreguadiaro El agotamiento y el estr\u00e9s plantean desaf\u00edos importantes. El entrenamiento f\u00edsico disciplinado, combinado con la comunidad, construye equipos m\u00e1s resilientes y de alto rendimiento. El entrenamiento con pesas en grupo en Torreguadiaro cultiva la fuerza f\u00edsica, la fortaleza mental y el esp\u00edritu de colaboraci\u00f3n, esenciales para el \u00e9xito. Esto fomenta un individuo m\u00e1s fuerte, m\u00e1s concentrado y m\u00e1s conectado. Torreguadiaro proporciona un entorno para redefinir tu enfoque del \u00e9xito. El entrenamiento con pesas en grupo ofrece beneficios m\u00e1s all\u00e1 de la t\u00edpica experiencia de gimnasio. Es una sinergia de esfuerzo, impulso y apoyo dise\u00f1ada para desarrollar individuos completos, preparados para afrontar los retos con renovado vigor. Torreguadiaro proporciona un entorno inspirador para que personas de todos los niveles de forma f\u00edsica alcancen sus aspiraciones. El poder de la comunidad en el entrenamiento con pesas El entrenamiento con pesas en grupo enciende la sinergia. Instructores cualificados imparten programas estructurados centrados en la forma correcta y las t\u00e9cnicas progresivas. La ventaja reside en el viaje compartido. La energ\u00eda colectiva eleva cada repetici\u00f3n, transformando los hitos en triunfos. Esta camarader\u00eda transforma los entrenamientos en eventos inspiradores, fomentando los lazos. La responsabilidad comunitaria alimenta la motivaci\u00f3n. Al igual que un equipo de levantamiento de pesas depende de cada miembro para el apoyo y el \u00e1nimo, los equipos prosperan gracias al apoyo mutuo y a los objetivos compartidos. El horario estructurado promueve la constancia. Reconozca los beneficios mentales y emocionales que se derivan de una comunidad de apoyo unida en la b\u00fasqueda de una vida m\u00e1s sana y equilibrada. Elegir la clase de entrenamiento con pesas en grupo adecuada Elegir la clase adecuada es fundamental para maximizar los resultados y mantener la motivaci\u00f3n. Se trata de una decisi\u00f3n personal que implica la evaluaci\u00f3n de tu nivel de forma f\u00edsica actual, tus objetivos y tus preferencias. Eval\u00faa tus necesidades y explora las opciones en Torreguadiaro. Eval\u00faa tu nivel de forma f\u00edsica actual y tu experiencia con el entrenamiento con pesas. Define tus objetivos, ya sea centrarte en construir m\u00fasculo, perder peso, mejorar la fuerza funcional o mejorar el bienestar general. Ten en cuenta estos puntos al investigar clases de entrenamiento con pesas en grupo en Torreguadiaro: Prueba diferentes clases antes de comprometerte. Muchas instalaciones ofrecen sesiones introductorias o periodos de prueba. Experimenta la clase de primera mano, observa el estilo de ense\u00f1anza del instructor y eval\u00faa la energ\u00eda del grupo. Presta atenci\u00f3n a c\u00f3mo responde tu cuerpo durante y despu\u00e9s del entrenamiento. Una clase bien dise\u00f1ada debe desafiarte adecuadamente sin hacerte sentir abrumado o propenso a lesionarte. Preparaci\u00f3n para tu primera sesi\u00f3n de entrenamiento con pesas en grupo Entrar en tu primera clase de entrenamiento con pesas puede ser estresante. Todo el mundo empieza en alguna parte. Saber qu\u00e9 esperar puede aliviar la ansiedad. La mayor\u00eda de las sesiones siguen una estructura similar, dise\u00f1ada para optimizar los resultados y minimizar el riesgo de lesiones. El calentamiento: La clase comienza con un calentamiento din\u00e1mico, que incluye ejercicios ligeros de cardio y movilidad. Esto prepara tus m\u00fasculos, aumenta el flujo sangu\u00edneo y reduce el riesgo de distensiones. Entrenamiento de fuerza: Este es el n\u00facleo de la sesi\u00f3n, centrado en ejercicios espec\u00edficos para varios grupos musculares. Espera que los instructores demuestren la forma y la t\u00e9cnica correctas. Tambi\u00e9n ofrecer\u00e1n modificaciones para adaptarse a los diferentes niveles de forma f\u00edsica y limitaciones f\u00edsicas. Prioriza el dominio de la t\u00e9cnica y escucha las se\u00f1ales de tu cuerpo. Enfriamiento y estiramientos: La sesi\u00f3n concluye con un enfriamiento, con estiramientos est\u00e1ticos para mejorar la flexibilidad y ayudar a la recuperaci\u00f3n muscular, ayudando a reducir el dolor y prevenir lesiones. A lo largo de la sesi\u00f3n, los instructores circular\u00e1n, proporcionando orientaci\u00f3n personalizada y asegurando la forma correcta. No dudes en hacer preguntas o solicitar modificaciones. Lograr la transformaci\u00f3n a trav\u00e9s de un entrenamiento constante La participaci\u00f3n constante en el entrenamiento con pesas en grupo puede conducir a cambios en tu bienestar f\u00edsico y mental. Notar\u00e1s un aumento de la fuerza, lo que facilitar\u00e1 las tareas diarias, y una mayor resistencia, lo que te permitir\u00e1 participar en m\u00e1s actividades sin fatiga. La resistencia mental te equipa para superar los retos con mayor facilidad. La capacidad de perseverar en una serie dura se traduce directamente en la resistencia necesaria para superar los altibajos de un mercado competitivo. El entorno de apoyo fomenta la camarader\u00eda. Esta conexi\u00f3n social sirve como un liberador de estr\u00e9s, promoviendo el bienestar emocional. Estos beneficios son relevantes en entornos profesionales de alta presi\u00f3n. Abordar las ideas falsas: El entrenamiento con pesas ayuda a construir m\u00fasculo magro, aumentar la densidad \u00f3sea y mejorar el metabolismo. Es una herramienta para lograr un cuerpo tonificado, sano y fuerte para todos los g\u00e9neros. Vivir una vida vibrante en Torreguadiaro El entrenamiento con pesas en grupo en Torreguadiaro es una invitaci\u00f3n a abrazar una vida m\u00e1s sana y conectada. Cultiva h\u00e1bitos sostenibles que nutren tu cuerpo y tu mente. Al comprometerte con una rutina regular, est\u00e1s invirtiendo en: Forja un equipo m\u00e1s fuerte. Explora c\u00f3mo los principios del entrenamiento con pesas en grupo pueden transformar la cultura de tu empresa e impulsar el rendimiento. Nuestras ubicaciones<\/p>\n","protected":false},"author":9108,"featured_media":0,"parent":5494,"menu_order":0,"comment_status":"closed","ping_status":"closed","template":"","meta":{"_monsterinsights_skip_tracking":false,"_monsterinsights_sitenote_active":false,"_monsterinsights_sitenote_note":"","_monsterinsights_sitenote_category":0,"footnotes":""},"categories":[87],"tags":[],"class_list":["post-5517","page","type-page","status-publish","hentry","category-clases-grupales-de-entrenamiento-con-pesas"],"_links":{"self":[{"href":"https:\/\/titanacademy.eu\/es\/wp-json\/wp\/v2\/pages\/5517","targetHints":{"allow":["GET"]}}],"collection":[{"href":"https:\/\/titanacademy.eu\/es\/wp-json\/wp\/v2\/pages"}],"about":[{"href":"https:\/\/titanacademy.eu\/es\/wp-json\/wp\/v2\/types\/page"}],"author":[{"embeddable":true,"href":"https:\/\/titanacademy.eu\/es\/wp-json\/wp\/v2\/users\/9108"}],"replies":[{"embeddable":true,"href":"https:\/\/titanacademy.eu\/es\/wp-json\/wp\/v2\/comments?post=5517"}],"version-history":[{"count":2,"href":"https:\/\/titanacademy.eu\/es\/wp-json\/wp\/v2\/pages\/5517\/revisions"}],"predecessor-version":[{"id":5701,"href":"https:\/\/titanacademy.eu\/es\/wp-json\/wp\/v2\/pages\/5517\/revisions\/5701"}],"up":[{"embeddable":true,"href":"https:\/\/titanacademy.eu\/es\/wp-json\/wp\/v2\/pages\/5494"}],"wp:attachment":[{"href":"https:\/\/titanacademy.eu\/es\/wp-json\/wp\/v2\/media?parent=5517"}],"wp:term":[{"taxonomy":"category","embeddable":true,"href":"https:\/\/titanacademy.eu\/es\/wp-json\/wp\/v2\/categories?post=5517"},{"taxonomy":"post_tag","embeddable":true,"href":"https:\/\/titanacademy.eu\/es\/wp-json\/wp\/v2\/tags?post=5517"}],"curies":[{"name":"wp","href":"https:\/\/api.w.org\/{rel}","templated":true}]}}