{"id":5482,"date":"2025-07-10T17:20:46","date_gmt":"2025-07-10T15:20:46","guid":{"rendered":"https:\/\/titanacademy.eu\/clases-de-bjj-y-entrenamiento-en-artes-marciales\/bjj-y-artes-marciales-san-enrique-de-guadiaro\/"},"modified":"2025-08-06T11:45:49","modified_gmt":"2025-08-06T09:45:49","slug":"san-enrique-de-guadiaro","status":"publish","type":"page","link":"https:\/\/titanacademy.eu\/es\/bjj\/san-enrique-de-guadiaro\/","title":{"rendered":"BJJ y artes marciales San Enrique de Guadiaro"},"content":{"rendered":"\n<div class=\"wp-block-columns is-layout-flex wp-container-core-columns-is-layout-9d6595d7 wp-block-columns-is-layout-flex\">\n<div class=\"wp-block-column is-layout-flow wp-block-column-is-layout-flow\">\n<h2 class=\"wp-block-heading\">Entrenamiento de jiu-jitsu brasile\u00f1o para residentes de San Enrique de Guadiaro<\/h2>\n\n\n\n<p>Descubra la instrucci\u00f3n profesional de Jiu-Jitsu Brasile\u00f1o en Titan Academy, que presta servicio a San Enrique de Guadiaro y a la regi\u00f3n circundante del Campo de Gibraltar. <\/p>\n\n\n\n<p>Nuestra dedicada academia de BJJ trae entrenamiento de artes marciales de clase mundial a su puerta, ofreciendo instrucci\u00f3n aut\u00e9ntica en un ambiente acogedor que respeta los valores y tradiciones de su unida comunidad rural.<\/p>\n<\/div>\n\n\n\n<div class=\"wp-block-column is-vertically-aligned-center is-layout-flow wp-block-column-is-layout-flow\">\n<p>Situada a un corto trayecto en coche de San Enrique de Guadiaro, Titan Academy ofrece la soluci\u00f3n perfecta para los residentes que buscan instrucci\u00f3n de artes marciales de calidad sin tener que viajar lejos de casa. <\/p>\n\n\n\n<p>Nuestras instalaciones profesionales combinan la comodidad del acceso regional con los m\u00e1s altos est\u00e1ndares de educaci\u00f3n en Jiu-Jitsu Brasile\u00f1o, lo que facilita m\u00e1s que nunca a los residentes de la zona experimentar los beneficios transformadores del entrenamiento de BJJ.<\/p>\n<\/div>\n<\/div>\n\n\n\n<div style=\"height:31px\" aria-hidden=\"true\" class=\"wp-block-spacer\"><\/div>\n\n\n\n<h2 class=\"wp-block-heading has-text-align-center\"><strong>Entrenamiento profesional de BJJ cerca de San Enrique de Guadiaro<\/strong><\/h2>\n\n\n\n<h3 class=\"wp-block-heading\"><strong>Por qu\u00e9 Titan Academy es perfecta para los residentes de San Enrique<\/strong><\/h3>\n\n\n\n<p><strong>Acceso y ubicaci\u00f3n convenientes<\/strong><\/p>\n\n\n\n<ul class=\"wp-block-list\">\n<li>F\u00e1cil trayecto de 15 minutos desde San Enrique de Guadiaro hasta nuestras instalaciones de Sotogrande<\/li>\n\n\n\n<li>Horarios flexibles que se adaptan a los patrones de trabajo agr\u00edcolas y tradicionales<\/li>\n\n\n\n<li>Amplio aparcamiento disponible para los residentes de la zona<\/li>\n<\/ul>\n\n\n\n<p><strong>Est\u00e1ndares profesionales en los que puede confiar<\/strong><\/p>\n\n\n\n<ul class=\"wp-block-list\">\n<li>Credenciales de la federaci\u00f3n IBJJF y JJGF que garantizan una formaci\u00f3n aut\u00e9ntica<\/li>\n\n\n\n<li>Instructores certificados de cintur\u00f3n negro con linaje leg\u00edtimo de artes marciales<\/li>\n\n\n\n<li>Equipo de entrenadores con autorizaci\u00f3n policial y totalmente asegurado<\/li>\n\n\n\n<li>Instalaciones limpias y modernas con equipos de calidad profesional<\/li>\n<\/ul>\n\n\n\n<p><strong>Enfoque centrado en la comunidad<\/strong><\/p>\n\n\n\n<ul class=\"wp-block-list\">\n<li>Comprensi\u00f3n de los valores y tradiciones de la peque\u00f1a comunidad rural<\/li>\n\n\n\n<li>Entorno acogedor para residentes de todos los or\u00edgenes<\/li>\n\n\n\n<li>Ambiente familiar adecuado para el estilo de vida de la comunidad agr\u00edcola<\/li>\n\n\n\n<li>Instrucci\u00f3n disponible tanto en espa\u00f1ol como en ingl\u00e9s<\/li>\n<\/ul>\n\n\n\n<h3 class=\"wp-block-heading\">Qu\u00e9 nos diferencia<\/h3>\n\n\n\n<p>A diferencia de los gimnasios de fitness generales o de artes marciales mixtas, Titan Academy se especializa exclusivamente en Jiu-Jitsu Brasile\u00f1o. Este enfoque garantiza que cada clase maximice su potencial de aprendizaje manteniendo al mismo tiempo el esp\u00edritu aut\u00e9ntico de esta arte marcial transformadora. <\/p>\n\n\n\n<p>Nuestro plan de estudios sistem\u00e1tico sustituye las sesiones de t\u00e9cnica aleatorias por un aprendizaje organizado y progresivo que se basa en cada lecci\u00f3n. El reducido tama\u00f1o de las clases garantiza una atenci\u00f3n personalizada, lo que permite a nuestros instructores proporcionar una retroalimentaci\u00f3n individual que acelera su desarrollo. <\/p>\n\n\n\n<div style=\"height:31px\" aria-hidden=\"true\" class=\"wp-block-spacer\"><\/div>\n\n\n\n<h2 class=\"wp-block-heading has-text-align-center\">Clases completas de jiu-jitsu brasile\u00f1o para residentes de San Enrique<\/h2>\n\n\n\n<div class=\"wp-block-columns is-layout-flex wp-container-core-columns-is-layout-9d6595d7 wp-block-columns-is-layout-flex\">\n<div class=\"wp-block-column is-layout-flow wp-block-column-is-layout-flow\">\n<h3 class=\"wp-block-heading\">Programas de entrenamiento de BJJ para adultos<\/h3>\n\n\n\n<p><strong>Clases para principiantes<\/strong><\/p>\n\n\n\n<ul class=\"wp-block-list\">\n<li>Introducci\u00f3n perfecta para aquellos que se inician en las artes marciales<\/li>\n\n\n\n<li>Posiciones fundamentales y t\u00e9cnicas b\u00e1sicas<\/li>\n\n\n\n<li>\u00c9nfasis en la seguridad y la forma adecuada<\/li>\n\n\n\n<li>No se requiere experiencia previa<\/li>\n<\/ul>\n\n\n\n<p><strong>Entrenamiento avanzado<\/strong><\/p>\n\n\n\n<ul class=\"wp-block-list\">\n<li>T\u00e9cnicas complejas y conceptos estrat\u00e9gicos<\/li>\n\n\n\n<li>Preparaci\u00f3n para la competici\u00f3n en torneos de la IBJJF<\/li>\n\n\n\n<li>Sesiones intensivas de entrenamiento y combate<\/li>\n\n\n\n<li>Desarrollo continuo de habilidades<\/li>\n<\/ul>\n\n\n\n<p><strong>Aplicaciones de defensa personal<\/strong><\/p>\n\n\n\n<ul class=\"wp-block-list\">\n<li>Habilidades pr\u00e1cticas de protecci\u00f3n para escenarios del mundo real<\/li>\n\n\n\n<li>T\u00e9cnicas eficaces independientemente del tama\u00f1o o la fuerza<\/li>\n\n\n\n<li>Desarrollo de la confianza a trav\u00e9s de m\u00e9todos probados<\/li>\n\n\n\n<li>Entrenamiento de concienciaci\u00f3n sobre la seguridad personal<\/li>\n<\/ul>\n\n\n\n<p><\/p>\n<\/div>\n\n\n\n<div class=\"wp-block-column is-layout-flow wp-block-column-is-layout-flow\">\n<h3 class=\"wp-block-heading\">Programas de BJJ para j\u00f3venes<\/h3>\n\n\n\n<p>Nuestros programas para j\u00f3venes proporcionan a los j\u00f3venes de San Enrique modelos positivos y oportunidades de aprendizaje estructuradas:<\/p>\n\n\n\n<p><strong>Enfoque en el desarrollo del car\u00e1cter<\/strong><\/p>\n\n\n\n<ul class=\"wp-block-list\">\n<li>Disciplina y respeto a trav\u00e9s de los principios de las artes marciales<\/li>\n\n\n\n<li>Habilidades de liderazgo y responsabilidad personal<\/li>\n\n\n\n<li>Interacciones positivas entre compa\u00f1eros y amistades<\/li>\n\n\n\n<li>Establecimiento de objetivos y reconocimiento de logros<\/li>\n<\/ul>\n\n\n\n<p><strong>Beneficios f\u00edsicos y mentales<\/strong><\/p>\n\n\n\n<p>Gesti\u00f3n del estr\u00e9s y regulaci\u00f3n emocional<\/p>\n\n\n\n<p>Mejora del rendimiento acad\u00e9mico a trav\u00e9s de la disciplina<\/p>\n\n\n\n<p>Mejora de la coordinaci\u00f3n y la forma f\u00edsica<\/p>\n\n\n\n<p>Estrategias contra el acoso escolar y fomento de la confianza<\/p>\n\n\n\n<p><\/p>\n<\/div>\n<\/div>\n\n\n\n<div style=\"height:31px\" aria-hidden=\"true\" class=\"wp-block-spacer\"><\/div>\n\n\n\n<figure class=\"wp-block-image size-full is-resized\"><img fetchpriority=\"high\" decoding=\"async\" width=\"1440\" height=\"1080\" src=\"https:\/\/titanacademy.eu\/wp-content\/uploads\/2024\/01\/6d9e9e94-b3c5-451b-985e-ffd34a25e897-scaled.jpg\" alt=\"\" class=\"wp-image-2354\" style=\"object-fit:cover;width:1200px;height:500px\" title=\"\" srcset=\"https:\/\/titanacademy.eu\/wp-content\/uploads\/2024\/01\/6d9e9e94-b3c5-451b-985e-ffd34a25e897-scaled.jpg 1440w, https:\/\/titanacademy.eu\/wp-content\/uploads\/2024\/01\/6d9e9e94-b3c5-451b-985e-ffd34a25e897-300x225.jpg 300w, https:\/\/titanacademy.eu\/wp-content\/uploads\/2024\/01\/6d9e9e94-b3c5-451b-985e-ffd34a25e897-1024x768.jpg 1024w, https:\/\/titanacademy.eu\/wp-content\/uploads\/2024\/01\/6d9e9e94-b3c5-451b-985e-ffd34a25e897-768x576.jpg 768w, https:\/\/titanacademy.eu\/wp-content\/uploads\/2024\/01\/6d9e9e94-b3c5-451b-985e-ffd34a25e897-1536x1152.jpg 1536w, https:\/\/titanacademy.eu\/wp-content\/uploads\/2024\/01\/6d9e9e94-b3c5-451b-985e-ffd34a25e897-1x1.jpg 1w\" sizes=\"(max-width: 1440px) 100vw, 1440px\" \/><\/figure>\n\n\n\n<div style=\"height:31px\" aria-hidden=\"true\" class=\"wp-block-spacer\"><\/div>\n\n\n\n<h2 class=\"wp-block-heading has-text-align-center\"><strong>Beneficios del entrenamiento de BJJ para los residentes de San Enrique de Guadiaro<\/strong><\/h2>\n\n\n\n<div class=\"wp-block-columns is-layout-flex wp-container-core-columns-is-layout-9d6595d7 wp-block-columns-is-layout-flex\">\n<div class=\"wp-block-column is-layout-flow wp-block-column-is-layout-flow\">\n<h3 class=\"wp-block-heading\">Mejoras en la salud f\u00edsica<\/h3>\n\n\n\n<ul class=\"wp-block-list\">\n<li><strong>Entrenamiento corporal completo:<\/strong> Fuerza, flexibilidad y forma f\u00edsica cardiovascular<\/li>\n\n\n\n<li><strong>Movimiento funcional:<\/strong> Fuerza pr\u00e1ctica para las actividades diarias<\/li>\n\n\n\n<li><strong>Prevenci\u00f3n de lesiones:<\/strong> Mejora del equilibrio y la coordinaci\u00f3n<\/li>\n\n\n\n<li><strong>Control del peso:<\/strong> Quema de calor\u00edas y desarrollo muscular eficaces<\/li>\n<\/ul>\n\n\n\n<h3 class=\"wp-block-heading\">Beneficios mentales y emocionales<\/h3>\n\n\n\n<ul class=\"wp-block-list\">\n<li><strong>Alivio del estr\u00e9s:<\/strong> V\u00eda de escape saludable despu\u00e9s de largas jornadas de trabajo<\/li>\n\n\n\n<li><strong>Claridad mental:<\/strong> Mejora de la concentraci\u00f3n y la toma de decisiones<\/li>\n\n\n\n<li><strong>Fomento de la confianza:<\/strong> Empoderamiento personal a trav\u00e9s del desarrollo de habilidades<\/li>\n\n\n\n<li><strong>Habilidades para resolver problemas:<\/strong> Pensamiento estrat\u00e9gico y adaptabilidad<\/li>\n<\/ul>\n\n\n\n<h3 class=\"wp-block-heading\">Conexi\u00f3n con la comunidad<\/h3>\n\n\n\n<ul class=\"wp-block-list\">\n<li><strong>Amistades regionales:<\/strong> Conozca a personas con ideas afines de las zonas circundantes<\/li>\n\n\n\n<li><strong>Actividad familiar:<\/strong> Programas adecuados para varios miembros de la familia<\/li>\n\n\n\n<li><strong>Entorno positivo:<\/strong> Comunidad de apoyo centrada en el crecimiento mutuo<\/li>\n\n\n\n<li><strong>Intercambio cultural:<\/strong> Interacci\u00f3n con diversos or\u00edgenes en un entorno respetuoso<\/li>\n<\/ul>\n\n\n\n<h3 class=\"wp-block-heading\">Habilidades pr\u00e1cticas para la vida<\/h3>\n\n\n\n<ul class=\"wp-block-list\">\n<li><strong>Defensa personal:<\/strong> T\u00e9cnicas de protecci\u00f3n eficaces para la seguridad personal<\/li>\n\n\n\n<li><strong>Disciplina:<\/strong> Estructura y mentalidad orientada a objetivos<\/li>\n\n\n\n<li><strong>Perseverancia:<\/strong> Superaci\u00f3n de retos mediante un esfuerzo constante<\/li>\n\n\n\n<li><strong>Respeto:<\/strong> Valores y etiqueta tradicionales de las artes marciales<\/li>\n<\/ul>\n<\/div>\n\n\n\n<div class=\"wp-block-column is-layout-flow wp-block-column-is-layout-flow\">\n<h2 class=\"wp-block-heading\">C\u00f3mo empezar desde San Enrique de Guadiaro<\/h2>\n\n\n\n<h3 class=\"wp-block-heading\">Primeros pasos sencillos<\/h3>\n\n\n\n<p><strong>Experiencia de clase de prueba<\/strong><\/p>\n\n\n\n<ul class=\"wp-block-list\">\n<li>Introducci\u00f3n sin riesgos al Jiu-Jitsu Brasile\u00f1o<\/li>\n\n\n\n<li>Conozca a nuestros instructores y visite nuestras instalaciones<\/li>\n\n\n\n<li>Experimente nuestro ambiente comunitario acogedor<\/li>\n\n\n\n<li>Sin obligaci\u00f3n ni presi\u00f3n para comprometerse<\/li>\n<\/ul>\n\n\n\n<p><strong>Proceso de inscripci\u00f3n sencillo<\/strong><\/p>\n\n\n\n<ul class=\"wp-block-list\">\n<li>Opciones de afiliaci\u00f3n flexibles sin contratos a largo plazo<\/li>\n\n\n\n<li>Descuentos familiares disponibles para varios miembros<\/li>\n\n\n\n<li>F\u00e1cil inscripci\u00f3n en l\u00ednea o por tel\u00e9fono<\/li>\n\n\n\n<li>Inicio inmediato disponible para nuevos estudiantes<\/li>\n<\/ul>\n\n\n\n<h3 class=\"wp-block-heading\">Qu\u00e9 esperar<\/h3>\n\n\n\n<p><strong>Su primera clase<\/strong><\/p>\n\n\n\n<ul class=\"wp-block-list\">\n<li>Llegue 15 minutos antes para la orientaci\u00f3n<\/li>\n\n\n\n<li>Ropa deportiva c\u00f3moda (no se requieren zapatos)<\/li>\n\n\n\n<li>T\u00e9cnicas b\u00e1sicas y movimientos fundamentales<\/li>\n\n\n\n<li>Entorno de apoyo con instrucci\u00f3n paciente<\/li>\n<\/ul>\n\n\n\n<p><strong>Necesidades de equipamiento<\/strong><\/p>\n\n\n\n<ul class=\"wp-block-list\">\n<li><strong>Proporcionado por la Academia:<\/strong> Colchonetas de entrenamiento, equipo b\u00e1sico<\/li>\n\n\n\n<li><strong>Traer inicialmente:<\/strong> Ropa c\u00f3moda para hacer ejercicio, botella de agua<\/li>\n\n\n\n<li><strong>Inversi\u00f3n futura:<\/strong> BJJ gi (uniforme) &#8211; se proporciona orientaci\u00f3n<\/li>\n\n\n\n<li><strong>Equipo opcional:<\/strong> Protector bucal, rodilleras (recomendaciones disponibles)<\/li>\n<\/ul>\n<\/div>\n<\/div>\n\n\n\t\t<div data-elementor-type=\"container\" data-elementor-id=\"5381\" class=\"elementor elementor-5381 elementor-4221\" data-elementor-post-type=\"elementor_library\">\n\t\t\t\t<div class=\"elementor-element elementor-element-63f97d37 e-con-full e-flex wpr-particle-no wpr-jarallax-no wpr-parallax-no wpr-sticky-section-no e-con e-child\" data-id=\"63f97d37\" data-element_type=\"container\" data-settings=\"{&quot;background_background&quot;:&quot;classic&quot;}\">\n\t\t\t\t<div class=\"elementor-element elementor-element-e7d278c elementor-align-right elementor-tablet-align-left elementor-widget__width-initial elementor-widget elementor-widget-button\" data-id=\"e7d278c\" data-element_type=\"widget\" data-widget_type=\"button.default\">\n\t\t\t\t<div class=\"elementor-widget-container\">\n\t\t\t\t\t\t\t\t\t<div class=\"elementor-button-wrapper\">\n\t\t\t\t\t<a class=\"elementor-button elementor-button-link elementor-size-sm\" href=\"https:\/\/titanacademy.eu\/es\/contacto\/\" target=\"_blank\">\n\t\t\t\t\t\t<span class=\"elementor-button-content-wrapper\">\n\t\t\t\t\t\t\t\t\t<span class=\"elementor-button-text\">Cont\u00e1ctanos ahora<\/span>\n\t\t\t\t\t<\/span>\n\t\t\t\t\t<\/a>\n\t\t\t\t<\/div>\n\t\t\t\t\t\t\t\t<\/div>\n\t\t\t\t<\/div>\n\t\t<div class=\"elementor-element elementor-element-21a7eafd e-con-full e-flex wpr-particle-no wpr-jarallax-no wpr-parallax-no wpr-sticky-section-no e-con e-child\" data-id=\"21a7eafd\" data-element_type=\"container\">\n\t\t\t\t<div class=\"elementor-element elementor-element-186a18ba elementor-widget elementor-widget-heading\" data-id=\"186a18ba\" data-element_type=\"widget\" data-widget_type=\"heading.default\">\n\t\t\t\t<div class=\"elementor-widget-container\">\n\t\t\t\t\t<h3 class=\"elementor-heading-title elementor-size-default\">Descubre de lo que eres realmente capaz de lograr<\/h3>\t\t\t\t<\/div>\n\t\t\t\t<\/div>\n\t\t\t\t<div class=\"elementor-element elementor-element-55ba8bef elementor-widget elementor-widget-text-editor\" data-id=\"55ba8bef\" data-element_type=\"widget\" data-widget_type=\"text-editor.default\">\n\t\t\t\t<div class=\"elementor-widget-container\">\n\t\t\t\t\t\t\t\t\t<p>Transf\u00f3rmate de alguien que duda de su fuerza en un artista marcial seguro de s\u00ed mismo que puede afrontar cualquier desaf\u00edo. Nuestra instrucci\u00f3n certificada por la IBJJF y nuestra familia de la academia te guiar\u00e1n desde tu primer d\u00eda hasta el cintur\u00f3n negro y m\u00e1s all\u00e1.<\/p>\t\t\t\t\t\t\t\t<\/div>\n\t\t\t\t<\/div>\n\t\t\t\t<\/div>\n\t\t\t\t<\/div>\n\t\t\t\t<\/div>\n\t\t\n\n\n\n<div style=\"height:31px\" aria-hidden=\"true\" class=\"wp-block-spacer\"><\/div>\n\n\n\n<p class=\"has-text-align-center\">Nuestras ubicaciones<\/p>\n\n\n\n<ul class=\"wp-block-list\">\n<li><a href=\"https:\/\/titanacademy.eu\/es\/bjj\/gibraltar\/\" title=\"\">Clases de BJJ en Gibraltar<\/a><\/li>\n\n\n\n<li><a href=\"https:\/\/titanacademy.eu\/es\/bjj\/sotogrande\/\" title=\"\">BJJ y clases en Sotogrande<\/a><\/li>\n\n\n\n<li><a href=\"https:\/\/titanacademy.eu\/es\/bjj\/pueblo-nuevo-de-guadiaro\/\" title=\"\">BJJ Pueblo Nuevo de Guadiaro<\/a><\/li>\n\n\n\n<li><a href=\"https:\/\/titanacademy.eu\/es\/bjj\/guadiaro\/\" title=\"\">Clases de BJJ en Guadiaro<\/a><\/li>\n\n\n\n<li><a href=\"https:\/\/titanacademy.eu\/es\/bjj\/san-enrique-de-guadiaro\/\" title=\"\">BJJ San Enrique de Guadiaro<\/a><\/li>\n\n\n\n<li><a href=\"https:\/\/titanacademy.eu\/es\/bjj\/torreguadiaro\/\" title=\"\">Clases de BJJ en Torreguadiaro<\/a><\/li>\n\n\n\n<li><a href=\"https:\/\/titanacademy.eu\/es\/bjj\/la-alcaidesa\/\" title=\"\">Clases de BJJ en La Alcaidesa<\/a><\/li>\n\n\n\n<li><a href=\"https:\/\/titanacademy.eu\/es\/bjj\/clases-de-bjj-en-san-roque\/\" title=\"\">Clases de BJJ en San Roque<\/a><\/li>\n\n\n\n<li><a href=\"https:\/\/titanacademy.eu\/es\/bjj\/campamento\/\" title=\"\">BJJ Campamento<\/a><\/li>\n<\/ul>\n\n\n\n<h2 class=\"wp-block-heading has-text-align-center\"><strong>\u00bfListo para descubrir c\u00f3mo el jiu-jitsu brasile\u00f1o puede transformar su vida?<\/strong><\/h2>\n\n\n\n<p>P\u00f3ngase en contacto con Titan Academy hoy mismo para programar su clase de prueba y unirse a la creciente comunidad de residentes de San Enrique de Guadiaro que han elegido el entrenamiento profesional de BJJ para su viaje de desarrollo personal.<\/p>\n\n\n\n<p>Nuestras puertas est\u00e1n abiertas para darle la bienvenida a un entorno de apoyo donde los valores tradicionales de la zona se unen a la excelencia moderna de las artes marciales. Comience su viaje de BJJ hoy mismo y experimente los beneficios f\u00edsicos, mentales y sociales que han hecho del Jiu-Jitsu Brasile\u00f1o una de las artes marciales m\u00e1s respetadas del mundo. <\/p>\n\n\n\n<div style=\"height:31px\" aria-hidden=\"true\" class=\"wp-block-spacer\"><\/div>\n\n\n\t\t<div data-elementor-type=\"container\" data-elementor-id=\"5381\" class=\"elementor elementor-5381 elementor-4221\" data-elementor-post-type=\"elementor_library\">\n\t\t\t\t<div class=\"elementor-element elementor-element-63f97d37 e-con-full e-flex wpr-particle-no wpr-jarallax-no wpr-parallax-no wpr-sticky-section-no e-con e-child\" data-id=\"63f97d37\" data-element_type=\"container\" data-settings=\"{&quot;background_background&quot;:&quot;classic&quot;}\">\n\t\t\t\t<div class=\"elementor-element elementor-element-e7d278c elementor-align-right elementor-tablet-align-left elementor-widget__width-initial elementor-widget elementor-widget-button\" data-id=\"e7d278c\" data-element_type=\"widget\" data-widget_type=\"button.default\">\n\t\t\t\t<div class=\"elementor-widget-container\">\n\t\t\t\t\t\t\t\t\t<div class=\"elementor-button-wrapper\">\n\t\t\t\t\t<a class=\"elementor-button elementor-button-link elementor-size-sm\" href=\"https:\/\/titanacademy.eu\/es\/contacto\/\" target=\"_blank\">\n\t\t\t\t\t\t<span class=\"elementor-button-content-wrapper\">\n\t\t\t\t\t\t\t\t\t<span class=\"elementor-button-text\">Cont\u00e1ctanos ahora<\/span>\n\t\t\t\t\t<\/span>\n\t\t\t\t\t<\/a>\n\t\t\t\t<\/div>\n\t\t\t\t\t\t\t\t<\/div>\n\t\t\t\t<\/div>\n\t\t<div class=\"elementor-element elementor-element-21a7eafd e-con-full e-flex wpr-particle-no wpr-jarallax-no wpr-parallax-no wpr-sticky-section-no e-con e-child\" data-id=\"21a7eafd\" data-element_type=\"container\">\n\t\t\t\t<div class=\"elementor-element elementor-element-186a18ba elementor-widget elementor-widget-heading\" data-id=\"186a18ba\" data-element_type=\"widget\" data-widget_type=\"heading.default\">\n\t\t\t\t<div class=\"elementor-widget-container\">\n\t\t\t\t\t<h3 class=\"elementor-heading-title elementor-size-default\">Descubre de lo que eres realmente capaz de lograr<\/h3>\t\t\t\t<\/div>\n\t\t\t\t<\/div>\n\t\t\t\t<div class=\"elementor-element elementor-element-55ba8bef elementor-widget elementor-widget-text-editor\" data-id=\"55ba8bef\" data-element_type=\"widget\" data-widget_type=\"text-editor.default\">\n\t\t\t\t<div class=\"elementor-widget-container\">\n\t\t\t\t\t\t\t\t\t<p>Transf\u00f3rmate de alguien que duda de su fuerza en un artista marcial seguro de s\u00ed mismo que puede afrontar cualquier desaf\u00edo. Nuestra instrucci\u00f3n certificada por la IBJJF y nuestra familia de la academia te guiar\u00e1n desde tu primer d\u00eda hasta el cintur\u00f3n negro y m\u00e1s all\u00e1.<\/p>\t\t\t\t\t\t\t\t<\/div>\n\t\t\t\t<\/div>\n\t\t\t\t<\/div>\n\t\t\t\t<\/div>\n\t\t\t\t<\/div>\n\t\t\n\n\n\n<p><\/p>\n","protected":false},"excerpt":{"rendered":"<p>Entrenamiento de jiu-jitsu brasile\u00f1o para residentes de San Enrique de Guadiaro Descubra la instrucci\u00f3n profesional de Jiu-Jitsu Brasile\u00f1o en Titan Academy, que presta servicio a San Enrique de Guadiaro y a la regi\u00f3n circundante del Campo de Gibraltar. Nuestra dedicada academia de BJJ trae entrenamiento de artes marciales de clase mundial a su puerta, ofreciendo instrucci\u00f3n aut\u00e9ntica en un ambiente acogedor que respeta los valores y tradiciones de su unida comunidad rural. Situada a un corto trayecto en coche de San Enrique de Guadiaro, Titan Academy ofrece la soluci\u00f3n perfecta para los residentes que buscan instrucci\u00f3n de artes marciales de calidad sin tener que viajar lejos de casa. Nuestras instalaciones profesionales combinan la comodidad del acceso regional con los m\u00e1s altos est\u00e1ndares de educaci\u00f3n en Jiu-Jitsu Brasile\u00f1o, lo que facilita m\u00e1s que nunca a los residentes de la zona experimentar los beneficios transformadores del entrenamiento de BJJ. Entrenamiento profesional de BJJ cerca de San Enrique de Guadiaro Por qu\u00e9 Titan Academy es perfecta para los residentes de San Enrique Acceso y ubicaci\u00f3n convenientes Est\u00e1ndares profesionales en los que puede confiar Enfoque centrado en la comunidad Qu\u00e9 nos diferencia A diferencia de los gimnasios de fitness generales o de artes marciales mixtas, Titan Academy se especializa exclusivamente en Jiu-Jitsu Brasile\u00f1o. Este enfoque garantiza que cada clase maximice su potencial de aprendizaje manteniendo al mismo tiempo el esp\u00edritu aut\u00e9ntico de esta arte marcial transformadora. Nuestro plan de estudios sistem\u00e1tico sustituye las sesiones de t\u00e9cnica aleatorias por un aprendizaje organizado y progresivo que se basa en cada lecci\u00f3n. El reducido tama\u00f1o de las clases garantiza una atenci\u00f3n personalizada, lo que permite a nuestros instructores proporcionar una retroalimentaci\u00f3n individual que acelera su desarrollo. Clases completas de jiu-jitsu brasile\u00f1o para residentes de San Enrique Programas de entrenamiento de BJJ para adultos Clases para principiantes Entrenamiento avanzado Aplicaciones de defensa personal Programas de BJJ para j\u00f3venes Nuestros programas para j\u00f3venes proporcionan a los j\u00f3venes de San Enrique modelos positivos y oportunidades de aprendizaje estructuradas: Enfoque en el desarrollo del car\u00e1cter Beneficios f\u00edsicos y mentales Gesti\u00f3n del estr\u00e9s y regulaci\u00f3n emocional Mejora del rendimiento acad\u00e9mico a trav\u00e9s de la disciplina Mejora de la coordinaci\u00f3n y la forma f\u00edsica Estrategias contra el acoso escolar y fomento de la confianza Beneficios del entrenamiento de BJJ para los residentes de San Enrique de Guadiaro Mejoras en la salud f\u00edsica Beneficios mentales y emocionales Conexi\u00f3n con la comunidad Habilidades pr\u00e1cticas para la vida C\u00f3mo empezar desde San Enrique de Guadiaro Primeros pasos sencillos Experiencia de clase de prueba Proceso de inscripci\u00f3n sencillo Qu\u00e9 esperar Su primera clase Necesidades de equipamiento Nuestras ubicaciones \u00bfListo para descubrir c\u00f3mo el jiu-jitsu brasile\u00f1o puede transformar su vida? P\u00f3ngase en contacto con Titan Academy hoy mismo para programar su clase de prueba y unirse a la creciente comunidad de residentes de San Enrique de Guadiaro que han elegido el entrenamiento profesional de BJJ para su viaje de desarrollo personal. Nuestras puertas est\u00e1n abiertas para darle la bienvenida a un entorno de apoyo donde los valores tradicionales de la zona se unen a la excelencia moderna de las artes marciales. Comience su viaje de BJJ hoy mismo y experimente los beneficios f\u00edsicos, mentales y sociales que han hecho del Jiu-Jitsu Brasile\u00f1o una de las artes marciales m\u00e1s respetadas del mundo.<\/p>\n","protected":false},"author":9108,"featured_media":0,"parent":5461,"menu_order":0,"comment_status":"closed","ping_status":"closed","template":"","meta":{"_monsterinsights_skip_tracking":false,"_monsterinsights_sitenote_active":false,"_monsterinsights_sitenote_note":"","_monsterinsights_sitenote_category":0,"footnotes":""},"categories":[86],"tags":[],"class_list":["post-5482","page","type-page","status-publish","hentry","category-clases-de-bjj"],"_links":{"self":[{"href":"https:\/\/titanacademy.eu\/es\/wp-json\/wp\/v2\/pages\/5482","targetHints":{"allow":["GET"]}}],"collection":[{"href":"https:\/\/titanacademy.eu\/es\/wp-json\/wp\/v2\/pages"}],"about":[{"href":"https:\/\/titanacademy.eu\/es\/wp-json\/wp\/v2\/types\/page"}],"author":[{"embeddable":true,"href":"https:\/\/titanacademy.eu\/es\/wp-json\/wp\/v2\/users\/9108"}],"replies":[{"embeddable":true,"href":"https:\/\/titanacademy.eu\/es\/wp-json\/wp\/v2\/comments?post=5482"}],"version-history":[{"count":4,"href":"https:\/\/titanacademy.eu\/es\/wp-json\/wp\/v2\/pages\/5482\/revisions"}],"predecessor-version":[{"id":5677,"href":"https:\/\/titanacademy.eu\/es\/wp-json\/wp\/v2\/pages\/5482\/revisions\/5677"}],"up":[{"embeddable":true,"href":"https:\/\/titanacademy.eu\/es\/wp-json\/wp\/v2\/pages\/5461"}],"wp:attachment":[{"href":"https:\/\/titanacademy.eu\/es\/wp-json\/wp\/v2\/media?parent=5482"}],"wp:term":[{"taxonomy":"category","embeddable":true,"href":"https:\/\/titanacademy.eu\/es\/wp-json\/wp\/v2\/categories?post=5482"},{"taxonomy":"post_tag","embeddable":true,"href":"https:\/\/titanacademy.eu\/es\/wp-json\/wp\/v2\/tags?post=5482"}],"curies":[{"name":"wp","href":"https:\/\/api.w.org\/{rel}","templated":true}]}}