{"id":5453,"date":"2025-07-10T15:16:34","date_gmt":"2025-07-10T13:16:34","guid":{"rendered":"https:\/\/titanacademy.eu\/entrenamiento-personal-en-titan-academy\/entrenamiento-personal-campamento\/"},"modified":"2025-08-05T17:39:20","modified_gmt":"2025-08-05T15:39:20","slug":"campamento","status":"publish","type":"page","link":"https:\/\/titanacademy.eu\/es\/entrenamiento-personal\/campamento\/","title":{"rendered":"Entrenamiento personal Campamento"},"content":{"rendered":"\n<div class=\"wp-block-columns is-layout-flex wp-container-core-columns-is-layout-9d6595d7 wp-block-columns-is-layout-flex\">\n<div class=\"wp-block-column is-layout-flow wp-block-column-is-layout-flow\">\n<h2 class=\"wp-block-heading\"><strong>Entrenamiento f\u00edsico profesional en Titan academy Gibraltar<\/strong><\/h2>\n\n\n\n<p>Transforma tu forma f\u00edsica con un entrenamiento personal experto dise\u00f1ado para los residentes de Campamento. Situada justo al otro lado de la frontera de Gibraltar, Titan Academy ofrece un entrenamiento personal profesional y orientado a resultados que combina la disciplina de las artes marciales con la ciencia moderna del fitness. <\/p>\n<\/div>\n<\/div>\n\n\n\n<div style=\"height:31px\" aria-hidden=\"true\" class=\"wp-block-spacer\"><\/div>\n\n\n\n<h2 class=\"wp-block-heading has-text-align-center\"><strong>\u00bfPor qu\u00e9 elegir Titan academy para el entrenamiento personal?<\/strong><\/h2>\n\n\n\n<div style=\"height:31px\" aria-hidden=\"true\" class=\"wp-block-spacer\"><\/div>\n\n\n\n<div class=\"wp-block-columns is-layout-flex wp-container-core-columns-is-layout-9d6595d7 wp-block-columns-is-layout-flex\">\n<div class=\"wp-block-column is-layout-flow wp-block-column-is-layout-flow\">\n<p>Nuestros entrenadores certificados por la IBJJF aportan algo diferente al entrenamiento personal. <\/p>\n\n\n\n<p>Mientras que otros entrenadores se centran \u00fanicamente en repeticiones y series, nosotros desarrollamos la fuerza, la disciplina y la confianza a trav\u00e9s de principios probados de artes marciales. Cada sesi\u00f3n desaf\u00eda tu cuerpo a la vez que desarrolla la resistencia mental. <\/p>\n\n\n\n<p>No solo est\u00e1s recibiendo un entrenamiento, sino que te est\u00e1s uniendo a una familia acad\u00e9mica que apoya tu crecimiento. <\/p>\n\n\n\n<p>Nuestros entrenadores han ayudado a cientos de estudiantes de la regi\u00f3n del Campo de Gibraltar a alcanzar sus objetivos de fitness a trav\u00e9s de programas estructurados y orientados a objetivos.<\/p>\n\n\n\n<p><strong>Lo que nos diferencia:<\/strong><\/p>\n\n\n\n<ul class=\"wp-block-list\">\n<li>Oportunidades de entrenamiento cruzado con clases de Jiu-Jitsu brasile\u00f1o<\/li>\n\n\n\n<li>Instructores certificados por la IBJJF y cualificados profesionalmente<\/li>\n\n\n\n<li>Metodolog\u00eda de fitness basada en las artes marciales<\/li>\n\n\n\n<li>Historial probado con residentes locales<\/li>\n\n\n\n<li>Entorno acad\u00e9mico de apoyo<\/li>\n<\/ul>\n\n\n\n<h2 class=\"wp-block-heading\">Servicios de entrenamiento personal<\/h2>\n\n\n\n<p><strong>Entrenamiento personal individual<\/strong><br>Sesiones individuales adaptadas a tus objetivos espec\u00edficos, nivel de forma f\u00edsica y horario. Tanto si est\u00e1s desarrollando fuerza, perdiendo peso o mejorando tu forma f\u00edsica general, tu programa se adapta a medida que avanzas. <\/p>\n<\/div>\n\n\n\n<div class=\"wp-block-column is-layout-flow wp-block-column-is-layout-flow\">\n<p><strong>Entrenamiento en grupos peque\u00f1os<\/strong><br>Entrena con 2-3 amigos o familiares. Perfecto para parejas o compa\u00f1eros de entrenamiento que desean orientaci\u00f3n profesional manteniendo la motivaci\u00f3n a trav\u00e9s de objetivos compartidos. <\/p>\n\n\n\n<p><strong>Fitness basado en artes marciales<\/strong><br>Experimenta el acondicionamiento que hace que los artistas marciales sean fuertes, flexibles y mentalmente duros. Estas sesiones incorporan patrones de movimiento de BJJ, trabajo de estabilidad del core y entrenamiento de fuerza funcional. <\/p>\n\n\n\n<p><strong>Fuerza y acondicionamiento<\/strong><br>Desarrolla fuerza en el mundo real a trav\u00e9s de movimientos compuestos, sobrecarga progresiva y patrones de entrenamiento funcional. Nuestro enfoque desarrolla la fuerza que se traduce en las actividades diarias y el rendimiento deportivo. <\/p>\n\n\n\n<p><strong>Flexibilidad y movilidad<\/strong><br>Mejora el rango de movimiento, reduce el riesgo de lesiones y mejora la calidad del movimiento a trav\u00e9s de estiramientos espec\u00edficos y trabajo de movilidad. Esencial tanto para los trabajadores de oficina como para las personas activas. <\/p>\n\n\n\n<p><strong>Orientaci\u00f3n nutricional<\/strong><br>Recibe consejos pr\u00e1cticos sobre la planificaci\u00f3n de comidas y estrategias de nutrici\u00f3n que se adapten a tu estilo de vida. Sin dietas extremas, solo h\u00e1bitos alimenticios sostenibles que apoyen tus objetivos de entrenamiento. <\/p>\n<\/div>\n<\/div>\n\n\n\n<div style=\"height:31px\" aria-hidden=\"true\" class=\"wp-block-spacer\"><\/div>\n\n\n\n<figure class=\"wp-block-image size-full is-resized\"><img fetchpriority=\"high\" decoding=\"async\" width=\"1080\" height=\"1080\" src=\"https:\/\/titanacademy.eu\/wp-content\/uploads\/2024\/01\/ruth-scaled.jpg\" alt=\"\" class=\"wp-image-2280\" style=\"object-fit:cover;width:1200px;height:500px\" title=\"\" srcset=\"https:\/\/titanacademy.eu\/wp-content\/uploads\/2024\/01\/ruth-scaled.jpg 1080w, https:\/\/titanacademy.eu\/wp-content\/uploads\/2024\/01\/ruth-300x300.jpg 300w, https:\/\/titanacademy.eu\/wp-content\/uploads\/2024\/01\/ruth-1024x1024.jpg 1024w, https:\/\/titanacademy.eu\/wp-content\/uploads\/2024\/01\/ruth-150x150.jpg 150w\" sizes=\"(max-width: 1080px) 100vw, 1080px\" \/><\/figure>\n\n\n\n<div style=\"height:31px\" aria-hidden=\"true\" class=\"wp-block-spacer\"><\/div>\n\n\n\n<h2 class=\"wp-block-heading\">El enfoque de Titan academy<\/h2>\n\n\n\n<p>Aplicamos la disciplina de las artes marciales al entrenamiento f\u00edsico. Esto significa una progresi\u00f3n estructurada, atenci\u00f3n a la t\u00e9cnica y respeto por el proceso. Aprender\u00e1s a superar las barreras mentales manteniendo la forma adecuada y evitando lesiones.  <\/p>\n\n\n\n<p>Nuestras instalaciones ofrecen equipos profesionales en un entorno limpio y centrado. A diferencia de los gimnasios abarrotados, entrenar\u00e1s en un espacio dise\u00f1ado para el desarrollo serio del fitness. <\/p>\n\n\n\n<p><strong>Tu entrenamiento incluye:<\/strong><\/p>\n\n\n\n<ul class=\"wp-block-list\">\n<li>Evaluaci\u00f3n inicial de la forma f\u00edsica y establecimiento de objetivos<\/li>\n\n\n\n<li>Programas de entrenamiento personalizados<\/li>\n\n\n\n<li>Metodolog\u00eda de entrenamiento progresivo<\/li>\n\n\n\n<li>Seguimiento regular del progreso y ajustes del programa<\/li>\n\n\n\n<li>Horarios flexibles para los viajeros transfronterizos<\/li>\n<\/ul>\n\n\n\t\t<div data-elementor-type=\"container\" data-elementor-id=\"5373\" class=\"elementor elementor-5373 elementor-4211\" data-elementor-post-type=\"elementor_library\">\n\t\t\t\t<div class=\"elementor-element elementor-element-63f97d37 e-con-full e-flex wpr-particle-no wpr-jarallax-no wpr-parallax-no wpr-sticky-section-no e-con e-child\" data-id=\"63f97d37\" data-element_type=\"container\" data-settings=\"{&quot;background_background&quot;:&quot;classic&quot;}\">\n\t\t\t\t<div class=\"elementor-element elementor-element-e7d278c elementor-align-right elementor-tablet-align-left elementor-widget__width-initial elementor-widget elementor-widget-button\" data-id=\"e7d278c\" data-element_type=\"widget\" data-widget_type=\"button.default\">\n\t\t\t\t<div class=\"elementor-widget-container\">\n\t\t\t\t\t\t\t\t\t<div class=\"elementor-button-wrapper\">\n\t\t\t\t\t<a class=\"elementor-button elementor-button-link elementor-size-sm\" href=\"https:\/\/titanacademy.eu\/es\/contacto\/\" target=\"_blank\">\n\t\t\t\t\t\t<span class=\"elementor-button-content-wrapper\">\n\t\t\t\t\t\t\t\t\t<span class=\"elementor-button-text\">Cont\u00e1ctanos ahora<\/span>\n\t\t\t\t\t<\/span>\n\t\t\t\t\t<\/a>\n\t\t\t\t<\/div>\n\t\t\t\t\t\t\t\t<\/div>\n\t\t\t\t<\/div>\n\t\t<div class=\"elementor-element elementor-element-21a7eafd e-con-full e-flex wpr-particle-no wpr-jarallax-no wpr-parallax-no wpr-sticky-section-no e-con e-child\" data-id=\"21a7eafd\" data-element_type=\"container\">\n\t\t\t\t<div class=\"elementor-element elementor-element-186a18ba elementor-widget elementor-widget-heading\" data-id=\"186a18ba\" data-element_type=\"widget\" data-widget_type=\"heading.default\">\n\t\t\t\t<div class=\"elementor-widget-container\">\n\t\t\t\t\t<h3 class=\"elementor-heading-title elementor-size-default\">\u00bfCansado de entrenamientos gen\u00e9ricos que no funcionan?<\/h3>\t\t\t\t<\/div>\n\t\t\t\t<\/div>\n\t\t\t\t<div class=\"elementor-element elementor-element-55ba8bef elementor-widget elementor-widget-text-editor\" data-id=\"55ba8bef\" data-element_type=\"widget\" data-widget_type=\"text-editor.default\">\n\t\t\t\t<div class=\"elementor-widget-container\">\n\t\t\t\t\t\t\t\t\t<p>Consigue un entrenador personal que realmente entienda tus objetivos: nuestros programas personalizados desarrollan fuerza real, mejoran tu rendimiento y crean resultados duraderos que se adaptan a tu ajetreado estilo de vida.<\/p>\t\t\t\t\t\t\t\t<\/div>\n\t\t\t\t<\/div>\n\t\t\t\t<\/div>\n\t\t\t\t<\/div>\n\t\t\t\t<\/div>\n\t\t\n\n\n\n<div style=\"height:31px\" aria-hidden=\"true\" class=\"wp-block-spacer\"><\/div>\n\n\n\n<h2 class=\"wp-block-heading has-text-align-center\"><strong>Programas de entrenamiento disponibles<\/strong><\/h2>\n\n\n\n<div style=\"height:31px\" aria-hidden=\"true\" class=\"wp-block-spacer\"><\/div>\n\n\n\n<div class=\"wp-block-columns is-layout-flex wp-container-core-columns-is-layout-9d6595d7 wp-block-columns-is-layout-flex\">\n<div class=\"wp-block-column is-layout-flow wp-block-column-is-layout-flow\">\n<p><strong>Base de fitness para principiantes<\/strong><br>Perfecto para aquellos que son nuevos en el ejercicio estructurado. Aprende los patrones de movimiento adecuados, construye una base de fitness y desarrolla la confianza en un entorno de apoyo. <\/p>\n\n\n\n<p><strong>Desarrollo de la fuerza<\/strong><br>Conc\u00e9ntrate en construir m\u00fasculo, aumentar la densidad \u00f3sea y mejorar la potencia general a trav\u00e9s del entrenamiento de resistencia progresiva.<\/p>\n\n\n\n<p><strong>Control de peso<\/strong><br>Combina el entrenamiento de fuerza con el acondicionamiento cardiovascular para lograr una p\u00e9rdida de peso sostenible y una mejor composici\u00f3n corporal.<\/p>\n\n\n\n<p><strong>Rendimiento atl\u00e9tico<\/strong><br>Mejora la velocidad, la agilidad y el acondicionamiento espec\u00edfico para el deporte para atletas o personas activas que desean mejorar su juego.<\/p>\n\n\n\n<p><strong>Fitness funcional<\/strong><br>Desarrolla la fuerza y la movilidad para las actividades diarias, la prevenci\u00f3n de lesiones y la salud a largo plazo.<\/p>\n\n\n\n<p><\/p>\n<\/div>\n\n\n\n<div class=\"wp-block-column is-layout-flow wp-block-column-is-layout-flow\">\n<h3 class=\"wp-block-heading\">Empezando<\/h3>\n\n\n\n<p><strong>Paso 1: consulta inicial<\/strong><\/p>\n\n\n\n<p>Hablaremos de tus objetivos, evaluaremos tu nivel de forma f\u00edsica actual y responderemos a cualquier pregunta sobre nuestro enfoque de entrenamiento.<\/p>\n\n\n\n<p><strong>Paso 2: dise\u00f1o del programa<\/strong><\/p>\n\n\n\n<p>Tu entrenador crea un programa personalizado basado en tus objetivos, horario y preferencias.<\/p>\n\n\n\n<p><strong>Paso 3: empezar a entrenar<\/strong><\/p>\n\n\n\n<p>Comienza tu transformaci\u00f3n con orientaci\u00f3n profesional y apoyo continuo.<\/p>\n\n\n\n<p><strong>Paso 4: Progreso y adaptaci\u00f3n<\/strong><\/p>\n\n\n\n<p>Las evaluaciones peri\u00f3dicas garantizan que tu programa evolucione con la mejora de tu nivel de forma f\u00edsica.<\/p>\n<\/div>\n<\/div>\n\n\n\n<h3 class=\"wp-block-heading has-text-align-center\"><strong>Lugares de entrenamiento personal<\/strong><\/h3>\n\n\n\n<ul class=\"wp-block-list\">\n<li><a href=\"https:\/\/titanacademy.eu\/es\/entrenamiento-personal\/gibraltar\/\" title=\"Entrenamiento personal en Gibraltar\">Entrenamiento personal en Gibraltar<\/a><\/li>\n\n\n\n<li><a href=\"https:\/\/titanacademy.eu\/es\/entrenamiento-personal\/sotogrande\/\" title=\"Entrenamiento personal en Sotogrande\">Entrenamiento personal Sotogrande<\/a><\/li>\n\n\n\n<li><a href=\"https:\/\/titanacademy.eu\/es\/entrenamiento-personal\/pueblo-nuevo-de-guadiaro\/\" title=\"\">Entrenamiento personal Pueblo Nuevo de Guadiaro<\/a><\/li>\n\n\n\n<li><a href=\"https:\/\/titanacademy.eu\/es\/entrenamiento-personal\/guadiaro\/\" title=\"\">Entrenamiento personal Guadiaro<\/a><\/li>\n\n\n\n<li><a href=\"https:\/\/titanacademy.eu\/es\/entrenamiento-personal\/san-enrique-de-guadiaro\/\" title=\"\">Entrenamiento personal San Enrique de Guadiaro<\/a><\/li>\n\n\n\n<li><a href=\"https:\/\/titanacademy.eu\/es\/entrenamiento-personal\/torreguadiaro\/\" title=\"\">Entrenamiento personal Torreguadiaro<\/a><\/li>\n\n\n\n<li><a href=\"https:\/\/titanacademy.eu\/es\/entrenamiento-personal\/la-alcaidesa\/\" title=\"\">Entrenamiento personal La Alcaidesa<\/a><\/li>\n\n\n\n<li><a href=\"https:\/\/titanacademy.eu\/es\/entrenamiento-personal\/san-roque\/\" title=\"\">Entrenamiento personal San Roque<\/a><\/li>\n\n\n\n<li><a href=\"https:\/\/titanacademy.eu\/es\/entrenamiento-personal\/campamento\/\" title=\"\">Entrenamiento personal Campamento<\/a><\/li>\n<\/ul>\n\n\n\n<div style=\"height:31px\" aria-hidden=\"true\" class=\"wp-block-spacer\"><\/div>\n\n\n\n<div class=\"wp-block-columns is-layout-flex wp-container-core-columns-is-layout-9d6595d7 wp-block-columns-is-layout-flex\">\n<div class=\"wp-block-column is-layout-flow wp-block-column-is-layout-flow\">\n<h3 class=\"wp-block-heading\">Ubicaci\u00f3n conveniente para los residentes de Campamento<\/h3>\n\n\n\n<p>Situada en Gibraltar, a pocos minutos de la frontera de La L\u00ednea, Titan Academy es f\u00e1cilmente accesible para los residentes de Campamento. Nuestro horario flexible se adapta a los horarios de trabajo y a los desplazamientos transfronterizos. <\/p>\n\n\n\n<p>Muchos de nuestros clientes provienen de la zona del Campo de Gibraltar, creando una comunidad diversa y solidaria de personas comprometidas con el fitness y el crecimiento personal.<\/p>\n<\/div>\n\n\n\n<div class=\"wp-block-column is-layout-flow wp-block-column-is-layout-flow\">\n<h3 class=\"wp-block-heading\">M\u00e1s que un simple entrenamiento personal<\/h3>\n\n\n\n<p>Como miembro de Titan Academy, tendr\u00e1s la oportunidad de explorar las clases de Jiu-Jitsu brasile\u00f1o, unirte a los eventos de nuestra comunidad acad\u00e9mica y continuar tu viaje de fitness con varias opciones de entrenamiento.<\/p>\n\n\n\n<p>Nuestro enfoque de familia acad\u00e9mica significa que nunca entrenar\u00e1s solo. Ya sea en sesiones de entrenamiento personal o en clases grupales, encontrar\u00e1s \u00e1nimo y motivaci\u00f3n por parte de otros miembros e instructores. <\/p>\n<\/div>\n<\/div>\n\n\n\n<div style=\"height:31px\" aria-hidden=\"true\" class=\"wp-block-spacer\"><\/div>\n\n\n\t\t<div data-elementor-type=\"container\" data-elementor-id=\"5373\" class=\"elementor elementor-5373 elementor-4211\" data-elementor-post-type=\"elementor_library\">\n\t\t\t\t<div class=\"elementor-element elementor-element-63f97d37 e-con-full e-flex wpr-particle-no wpr-jarallax-no wpr-parallax-no wpr-sticky-section-no e-con e-child\" data-id=\"63f97d37\" data-element_type=\"container\" data-settings=\"{&quot;background_background&quot;:&quot;classic&quot;}\">\n\t\t\t\t<div class=\"elementor-element elementor-element-e7d278c elementor-align-right elementor-tablet-align-left elementor-widget__width-initial elementor-widget elementor-widget-button\" data-id=\"e7d278c\" data-element_type=\"widget\" data-widget_type=\"button.default\">\n\t\t\t\t<div class=\"elementor-widget-container\">\n\t\t\t\t\t\t\t\t\t<div class=\"elementor-button-wrapper\">\n\t\t\t\t\t<a class=\"elementor-button elementor-button-link elementor-size-sm\" href=\"https:\/\/titanacademy.eu\/es\/contacto\/\" target=\"_blank\">\n\t\t\t\t\t\t<span class=\"elementor-button-content-wrapper\">\n\t\t\t\t\t\t\t\t\t<span class=\"elementor-button-text\">Cont\u00e1ctanos ahora<\/span>\n\t\t\t\t\t<\/span>\n\t\t\t\t\t<\/a>\n\t\t\t\t<\/div>\n\t\t\t\t\t\t\t\t<\/div>\n\t\t\t\t<\/div>\n\t\t<div class=\"elementor-element elementor-element-21a7eafd e-con-full e-flex wpr-particle-no wpr-jarallax-no wpr-parallax-no wpr-sticky-section-no e-con e-child\" data-id=\"21a7eafd\" data-element_type=\"container\">\n\t\t\t\t<div class=\"elementor-element elementor-element-186a18ba elementor-widget elementor-widget-heading\" data-id=\"186a18ba\" data-element_type=\"widget\" data-widget_type=\"heading.default\">\n\t\t\t\t<div class=\"elementor-widget-container\">\n\t\t\t\t\t<h3 class=\"elementor-heading-title elementor-size-default\">\u00bfCansado de entrenamientos gen\u00e9ricos que no funcionan?<\/h3>\t\t\t\t<\/div>\n\t\t\t\t<\/div>\n\t\t\t\t<div class=\"elementor-element elementor-element-55ba8bef elementor-widget elementor-widget-text-editor\" data-id=\"55ba8bef\" data-element_type=\"widget\" data-widget_type=\"text-editor.default\">\n\t\t\t\t<div class=\"elementor-widget-container\">\n\t\t\t\t\t\t\t\t\t<p>Consigue un entrenador personal que realmente entienda tus objetivos: nuestros programas personalizados desarrollan fuerza real, mejoran tu rendimiento y crean resultados duraderos que se adaptan a tu ajetreado estilo de vida.<\/p>\t\t\t\t\t\t\t\t<\/div>\n\t\t\t\t<\/div>\n\t\t\t\t<\/div>\n\t\t\t\t<\/div>\n\t\t\t\t<\/div>\n\t\t\n\n\n\n<h2 class=\"wp-block-heading has-text-align-center\"><strong>\u00bfListo para transformar tu forma f\u00edsica?<\/strong><\/h2>\n\n\n\n<p>El entrenamiento personal profesional en Titan Academy combina la instrucci\u00f3n experta con la disciplina de las artes marciales para ofrecer resultados reales. Nuestros entrenadores certificados est\u00e1n listos para guiar tu viaje de fitness con programas estructurados dise\u00f1ados para tu \u00e9xito. <\/p>\n\n\n\n<p>Ponte en contacto con Titan Academy Gibraltar hoy mismo para programar tu consulta de entrenamiento personal. Descubre c\u00f3mo el fitness basado en las artes marciales puede transformar no solo tu cuerpo, sino tambi\u00e9n tu confianza y tu fuerza mental. <\/p>\n\n\n\n<p><strong>Reserva tu consulta ahora y da el primer paso para alcanzar tus objetivos de fitness con la principal academia de artes marciales de Gibraltar.<\/strong><\/p>\n","protected":false},"excerpt":{"rendered":"<p>Entrenamiento f\u00edsico profesional en Titan academy Gibraltar Transforma tu forma f\u00edsica con un entrenamiento personal experto dise\u00f1ado para los residentes de Campamento. Situada justo al otro lado de la frontera de Gibraltar, Titan Academy ofrece un entrenamiento personal profesional y orientado a resultados que combina la disciplina de las artes marciales con la ciencia moderna del fitness. \u00bfPor qu\u00e9 elegir Titan academy para el entrenamiento personal? Nuestros entrenadores certificados por la IBJJF aportan algo diferente al entrenamiento personal. Mientras que otros entrenadores se centran \u00fanicamente en repeticiones y series, nosotros desarrollamos la fuerza, la disciplina y la confianza a trav\u00e9s de principios probados de artes marciales. Cada sesi\u00f3n desaf\u00eda tu cuerpo a la vez que desarrolla la resistencia mental. No solo est\u00e1s recibiendo un entrenamiento, sino que te est\u00e1s uniendo a una familia acad\u00e9mica que apoya tu crecimiento. Nuestros entrenadores han ayudado a cientos de estudiantes de la regi\u00f3n del Campo de Gibraltar a alcanzar sus objetivos de fitness a trav\u00e9s de programas estructurados y orientados a objetivos. Lo que nos diferencia: Servicios de entrenamiento personal Entrenamiento personal individualSesiones individuales adaptadas a tus objetivos espec\u00edficos, nivel de forma f\u00edsica y horario. Tanto si est\u00e1s desarrollando fuerza, perdiendo peso o mejorando tu forma f\u00edsica general, tu programa se adapta a medida que avanzas. Entrenamiento en grupos peque\u00f1osEntrena con 2-3 amigos o familiares. Perfecto para parejas o compa\u00f1eros de entrenamiento que desean orientaci\u00f3n profesional manteniendo la motivaci\u00f3n a trav\u00e9s de objetivos compartidos. Fitness basado en artes marcialesExperimenta el acondicionamiento que hace que los artistas marciales sean fuertes, flexibles y mentalmente duros. Estas sesiones incorporan patrones de movimiento de BJJ, trabajo de estabilidad del core y entrenamiento de fuerza funcional. Fuerza y acondicionamientoDesarrolla fuerza en el mundo real a trav\u00e9s de movimientos compuestos, sobrecarga progresiva y patrones de entrenamiento funcional. Nuestro enfoque desarrolla la fuerza que se traduce en las actividades diarias y el rendimiento deportivo. Flexibilidad y movilidadMejora el rango de movimiento, reduce el riesgo de lesiones y mejora la calidad del movimiento a trav\u00e9s de estiramientos espec\u00edficos y trabajo de movilidad. Esencial tanto para los trabajadores de oficina como para las personas activas. Orientaci\u00f3n nutricionalRecibe consejos pr\u00e1cticos sobre la planificaci\u00f3n de comidas y estrategias de nutrici\u00f3n que se adapten a tu estilo de vida. Sin dietas extremas, solo h\u00e1bitos alimenticios sostenibles que apoyen tus objetivos de entrenamiento. El enfoque de Titan academy Aplicamos la disciplina de las artes marciales al entrenamiento f\u00edsico. Esto significa una progresi\u00f3n estructurada, atenci\u00f3n a la t\u00e9cnica y respeto por el proceso. Aprender\u00e1s a superar las barreras mentales manteniendo la forma adecuada y evitando lesiones. Nuestras instalaciones ofrecen equipos profesionales en un entorno limpio y centrado. A diferencia de los gimnasios abarrotados, entrenar\u00e1s en un espacio dise\u00f1ado para el desarrollo serio del fitness. Tu entrenamiento incluye: Programas de entrenamiento disponibles Base de fitness para principiantesPerfecto para aquellos que son nuevos en el ejercicio estructurado. Aprende los patrones de movimiento adecuados, construye una base de fitness y desarrolla la confianza en un entorno de apoyo. Desarrollo de la fuerzaConc\u00e9ntrate en construir m\u00fasculo, aumentar la densidad \u00f3sea y mejorar la potencia general a trav\u00e9s del entrenamiento de resistencia progresiva. Control de pesoCombina el entrenamiento de fuerza con el acondicionamiento cardiovascular para lograr una p\u00e9rdida de peso sostenible y una mejor composici\u00f3n corporal. Rendimiento atl\u00e9ticoMejora la velocidad, la agilidad y el acondicionamiento espec\u00edfico para el deporte para atletas o personas activas que desean mejorar su juego. Fitness funcionalDesarrolla la fuerza y la movilidad para las actividades diarias, la prevenci\u00f3n de lesiones y la salud a largo plazo. Empezando Paso 1: consulta inicial Hablaremos de tus objetivos, evaluaremos tu nivel de forma f\u00edsica actual y responderemos a cualquier pregunta sobre nuestro enfoque de entrenamiento. Paso 2: dise\u00f1o del programa Tu entrenador crea un programa personalizado basado en tus objetivos, horario y preferencias. Paso 3: empezar a entrenar Comienza tu transformaci\u00f3n con orientaci\u00f3n profesional y apoyo continuo. Paso 4: Progreso y adaptaci\u00f3n Las evaluaciones peri\u00f3dicas garantizan que tu programa evolucione con la mejora de tu nivel de forma f\u00edsica. Lugares de entrenamiento personal Ubicaci\u00f3n conveniente para los residentes de Campamento Situada en Gibraltar, a pocos minutos de la frontera de La L\u00ednea, Titan Academy es f\u00e1cilmente accesible para los residentes de Campamento. Nuestro horario flexible se adapta a los horarios de trabajo y a los desplazamientos transfronterizos. Muchos de nuestros clientes provienen de la zona del Campo de Gibraltar, creando una comunidad diversa y solidaria de personas comprometidas con el fitness y el crecimiento personal. M\u00e1s que un simple entrenamiento personal Como miembro de Titan Academy, tendr\u00e1s la oportunidad de explorar las clases de Jiu-Jitsu brasile\u00f1o, unirte a los eventos de nuestra comunidad acad\u00e9mica y continuar tu viaje de fitness con varias opciones de entrenamiento. Nuestro enfoque de familia acad\u00e9mica significa que nunca entrenar\u00e1s solo. Ya sea en sesiones de entrenamiento personal o en clases grupales, encontrar\u00e1s \u00e1nimo y motivaci\u00f3n por parte de otros miembros e instructores. \u00bfListo para transformar tu forma f\u00edsica? El entrenamiento personal profesional en Titan Academy combina la instrucci\u00f3n experta con la disciplina de las artes marciales para ofrecer resultados reales. Nuestros entrenadores certificados est\u00e1n listos para guiar tu viaje de fitness con programas estructurados dise\u00f1ados para tu \u00e9xito. Ponte en contacto con Titan Academy Gibraltar hoy mismo para programar tu consulta de entrenamiento personal. Descubre c\u00f3mo el fitness basado en las artes marciales puede transformar no solo tu cuerpo, sino tambi\u00e9n tu confianza y tu fuerza mental. Reserva tu consulta ahora y da el primer paso para alcanzar tus objetivos de fitness con la principal academia de artes marciales de Gibraltar.<\/p>\n","protected":false},"author":9108,"featured_media":0,"parent":5438,"menu_order":0,"comment_status":"closed","ping_status":"closed","template":"","meta":{"_monsterinsights_skip_tracking":false,"_monsterinsights_sitenote_active":false,"_monsterinsights_sitenote_note":"","_monsterinsights_sitenote_category":0,"footnotes":""},"categories":[83],"tags":[],"class_list":["post-5453","page","type-page","status-publish","hentry","category-entrenamiento-personal-cat"],"_links":{"self":[{"href":"https:\/\/titanacademy.eu\/es\/wp-json\/wp\/v2\/pages\/5453","targetHints":{"allow":["GET"]}}],"collection":[{"href":"https:\/\/titanacademy.eu\/es\/wp-json\/wp\/v2\/pages"}],"about":[{"href":"https:\/\/titanacademy.eu\/es\/wp-json\/wp\/v2\/types\/page"}],"author":[{"embeddable":true,"href":"https:\/\/titanacademy.eu\/es\/wp-json\/wp\/v2\/users\/9108"}],"replies":[{"embeddable":true,"href":"https:\/\/titanacademy.eu\/es\/wp-json\/wp\/v2\/comments?post=5453"}],"version-history":[{"count":3,"href":"https:\/\/titanacademy.eu\/es\/wp-json\/wp\/v2\/pages\/5453\/revisions"}],"predecessor-version":[{"id":5605,"href":"https:\/\/titanacademy.eu\/es\/wp-json\/wp\/v2\/pages\/5453\/revisions\/5605"}],"up":[{"embeddable":true,"href":"https:\/\/titanacademy.eu\/es\/wp-json\/wp\/v2\/pages\/5438"}],"wp:attachment":[{"href":"https:\/\/titanacademy.eu\/es\/wp-json\/wp\/v2\/media?parent=5453"}],"wp:term":[{"taxonomy":"category","embeddable":true,"href":"https:\/\/titanacademy.eu\/es\/wp-json\/wp\/v2\/categories?post=5453"},{"taxonomy":"post_tag","embeddable":true,"href":"https:\/\/titanacademy.eu\/es\/wp-json\/wp\/v2\/tags?post=5453"}],"curies":[{"name":"wp","href":"https:\/\/api.w.org\/{rel}","templated":true}]}}