{"id":5418,"date":"2024-01-29T11:26:05","date_gmt":"2024-01-29T10:26:05","guid":{"rendered":"https:\/\/titanacademy.eu\/buscar-clase\/"},"modified":"2025-08-11T19:30:21","modified_gmt":"2025-08-11T17:30:21","slug":"buscar-clase","status":"publish","type":"page","link":"https:\/\/titanacademy.eu\/es\/buscar-clase\/","title":{"rendered":"Buscar clase"},"content":{"rendered":"\t\t<div data-elementor-type=\"wp-page\" data-elementor-id=\"5418\" class=\"elementor elementor-5418 elementor-2422\" data-elementor-post-type=\"page\">\n\t\t\t\t<div class=\"elementor-element elementor-element-8e675cc e-con-full e-flex wpr-particle-no wpr-jarallax-no wpr-parallax-no wpr-sticky-section-no e-con e-parent\" data-id=\"8e675cc\" data-element_type=\"container\">\n\t\t<div class=\"elementor-element elementor-element-825280f e-flex e-con-boxed wpr-particle-no wpr-jarallax-no wpr-parallax-no wpr-sticky-section-no e-con e-child\" data-id=\"825280f\" data-element_type=\"container\">\n\t\t\t\t\t<div class=\"e-con-inner\">\n\t\t\t\t<div class=\"elementor-element elementor-element-7ca17f0 elementor-widget elementor-widget-heading\" data-id=\"7ca17f0\" data-element_type=\"widget\" data-widget_type=\"heading.default\">\n\t\t\t\t<div class=\"elementor-widget-container\">\n\t\t\t\t\t<h1 class=\"elementor-heading-title elementor-size-default\">Buscar una clase<\/h1>\t\t\t\t<\/div>\n\t\t\t\t<\/div>\n\t\t\t\t<div class=\"elementor-element elementor-element-10266cc elementor-alert-warning elementor-widget elementor-widget-alert\" data-id=\"10266cc\" data-element_type=\"widget\" data-widget_type=\"alert.default\">\n\t\t\t\t<div class=\"elementor-widget-container\">\n\t\t\t\t\t\t\t<div class=\"elementor-alert\" role=\"alert\">\n\n\t\t\t\t\t\t<span class=\"elementor-alert-title\">Recordatorio<\/span>\n\t\t\t\n\t\t\t\t\t\t<span class=\"elementor-alert-description\">Por favor, tenga en cuenta nuestra pol\u00edtica de cancelaci\u00f3n. Le rogamos que nos avise con un m\u00ednimo de 24 horas de antelaci\u00f3n si desea cancelar una clase programada. Esto nos ayuda a garantizar una experiencia agradable y sin problemas para todos.  \n\nSi necesita cancelar o reprogramar, simplemente dir\u00edjase a su panel de cliente. \u00a1Es r\u00e1pido y f\u00e1cil!  <\/span>\n\t\t\t\n\t\t\t\t\t\t<button type=\"button\" class=\"elementor-alert-dismiss\" aria-label=\"Descartar esta alerta.\">\n\t\t\t\t\t\t\t\t\t<span aria-hidden=\"true\">&times;<\/span>\n\t\t\t\t\t\t\t<\/button>\n\t\t\t\n\t\t<\/div>\n\t\t\t\t\t\t<\/div>\n\t\t\t\t<\/div>\n\t\t\t\t\t<\/div>\n\t\t\t\t<\/div>\n\t\t\t\t<\/div>\n\t\t\t\t<\/div>\n\t\t","protected":false},"excerpt":{"rendered":"<p>Buscar una clase Recordatorio Por favor, tenga en cuenta nuestra pol\u00edtica de cancelaci\u00f3n. Le rogamos que nos avise con un m\u00ednimo de 24 horas de antelaci\u00f3n si desea cancelar una clase programada. Esto nos ayuda a garantizar una experiencia agradable y sin problemas para todos. Si necesita cancelar o reprogramar, simplemente dir\u00edjase a su panel de cliente. \u00a1Es r\u00e1pido y f\u00e1cil! &times;<\/p>\n","protected":false},"author":2,"featured_media":0,"parent":0,"menu_order":0,"comment_status":"closed","ping_status":"closed","template":"elementor_header_footer","meta":{"_monsterinsights_skip_tracking":false,"_monsterinsights_sitenote_active":false,"_monsterinsights_sitenote_note":"","_monsterinsights_sitenote_category":0,"footnotes":""},"categories":[],"tags":[],"class_list":["post-5418","page","type-page","status-publish","hentry"],"_links":{"self":[{"href":"https:\/\/titanacademy.eu\/es\/wp-json\/wp\/v2\/pages\/5418","targetHints":{"allow":["GET"]}}],"collection":[{"href":"https:\/\/titanacademy.eu\/es\/wp-json\/wp\/v2\/pages"}],"about":[{"href":"https:\/\/titanacademy.eu\/es\/wp-json\/wp\/v2\/types\/page"}],"author":[{"embeddable":true,"href":"https:\/\/titanacademy.eu\/es\/wp-json\/wp\/v2\/users\/2"}],"replies":[{"embeddable":true,"href":"https:\/\/titanacademy.eu\/es\/wp-json\/wp\/v2\/comments?post=5418"}],"version-history":[{"count":4,"href":"https:\/\/titanacademy.eu\/es\/wp-json\/wp\/v2\/pages\/5418\/revisions"}],"predecessor-version":[{"id":6301,"href":"https:\/\/titanacademy.eu\/es\/wp-json\/wp\/v2\/pages\/5418\/revisions\/6301"}],"wp:attachment":[{"href":"https:\/\/titanacademy.eu\/es\/wp-json\/wp\/v2\/media?parent=5418"}],"wp:term":[{"taxonomy":"category","embeddable":true,"href":"https:\/\/titanacademy.eu\/es\/wp-json\/wp\/v2\/categories?post=5418"},{"taxonomy":"post_tag","embeddable":true,"href":"https:\/\/titanacademy.eu\/es\/wp-json\/wp\/v2\/tags?post=5418"}],"curies":[{"name":"wp","href":"https:\/\/api.w.org\/{rel}","templated":true}]}}