{"id":5312,"date":"2025-07-31T16:40:26","date_gmt":"2025-07-31T14:40:26","guid":{"rendered":"https:\/\/titanacademy.eu\/coaching-y-planificacion-nutricional-en-sotogrande\/"},"modified":"2025-08-06T14:03:37","modified_gmt":"2025-08-06T12:03:37","slug":"sotogrande","status":"publish","type":"page","link":"https:\/\/titanacademy.eu\/es\/planificacion-de-entrenamiento-y-nutricion\/sotogrande\/","title":{"rendered":"Coaching y planificaci\u00f3n nutricional en Sotogrande"},"content":{"rendered":"\n<div class=\"wp-block-columns is-layout-flex wp-container-core-columns-is-layout-9d6595d7 wp-block-columns-is-layout-flex\">\n<div class=\"wp-block-column is-layout-flow wp-block-column-is-layout-flow\">\n<p>Sotogrande ofrece una vida de lujo y un estilo de vida activo y soleado, presentando oportunidades y desaf\u00edos para optimizar tu salud. <\/p>\n\n\n\n<p>Ve m\u00e1s all\u00e1 de las modas pasajeras de las dietas y descubre c\u00f3mo un enfoque de coaching nutricional personalizado, adaptado a tus necesidades individuales, puede desbloquear una versi\u00f3n m\u00e1s vibrante y en\u00e9rgica de ti. <\/p>\n<\/div>\n\n\n\n<div class=\"wp-block-column is-vertically-aligned-center is-layout-flow wp-block-column-is-layout-flow\">\n<p>Los estudios indican que las personas que siguen planes de nutrici\u00f3n personalizados experimentan una tasa de \u00e9xito significativamente mayor en comparaci\u00f3n con aquellas que se adhieren a dietas gen\u00e9ricas.<\/p>\n<\/div>\n<\/div>\n\n\n\n<div style=\"height:31px\" aria-hidden=\"true\" class=\"wp-block-spacer\"><\/div>\n\n\n\n<h2 class=\"wp-block-heading has-text-align-center\"><strong>Comprender tus necesidades nutricionales individuales<\/strong><\/h2>\n\n\n\n<p class=\"has-text-align-center\">\u00bfEst\u00e1s cansado de consejos nutricionales contradictorios? \u00bfTe cuesta mantener niveles de energ\u00eda constantes a lo largo de d\u00edas exigentes?  <\/p>\n\n\n\n<p class=\"has-text-align-center\">Lograr una salud \u00f3ptima requiere claridad. El coaching nutricional personalizado ofrece un plan con respaldo cient\u00edfico adaptado a tus necesidades.  <\/p>\n\n\n\n<p class=\"has-text-align-center\">Cada vez m\u00e1s personas en Sotogrande reconocen el poder transformador de trabajar con entrenadores experimentados que entienden de alimentaci\u00f3n y bienestar. Esto es importante al equilibrar una vida social activa con compromisos profesionales. <\/p>\n\n\n\n<div style=\"height:31px\" aria-hidden=\"true\" class=\"wp-block-spacer\"><\/div>\n\n\n\n<div class=\"wp-block-columns is-layout-flex wp-container-core-columns-is-layout-9d6595d7 wp-block-columns-is-layout-flex\">\n<div class=\"wp-block-column is-layout-flow wp-block-column-is-layout-flow\">\n<h3 class=\"wp-block-heading\"><strong>Creaci\u00f3n de un plan personalizado: evaluaci\u00f3n y acci\u00f3n<\/strong><\/h3>\n\n\n\n<p>Los planes de comidas gen\u00e9ricos est\u00e1n desactualizados. Tu viaje comienza con una evaluaci\u00f3n exhaustiva para explorar tus h\u00e1bitos alimenticios, estilo de vida y aspiraciones.  <\/p>\n\n\n\n<p>Un coach nutricional certificado colabora contigo para desarrollar un plan adaptado a tus necesidades. <\/p>\n\n\n\n<p>Una evaluaci\u00f3n exhaustiva incluye un historial diet\u00e9tico detallado, un an\u00e1lisis del estilo de vida y pruebas de biomarcadores para identificar posibles deficiencias o intolerancias de nutrientes.<\/p>\n\n\n\n<p>A trav\u00e9s de consultas, tu coach te ayuda a identificar \u00e1reas de mejora y a establecer objetivos realistas.<\/p>\n\n\n\n<p>Ya sea que tu objetivo sea controlar tu peso, optimizar los niveles de energ\u00eda, mejorar tu rendimiento en deportes como el golf o el polo, o abordar un problema de salud espec\u00edfico, tu plan de nutrici\u00f3n personalizado act\u00faa como una hoja de ruta. <\/p>\n\n\n\n<p>Los coaches nutricionales certificados poseen t\u00edtulos avanzados en ciencia de la nutrici\u00f3n y experiencia trabajando con personas motivadas.<\/p>\n<\/div>\n\n\n\n<div class=\"wp-block-column is-layout-flow wp-block-column-is-layout-flow\">\n<h2 class=\"wp-block-heading\"><strong>Educaci\u00f3n nutricional m\u00e1s all\u00e1 del plato<\/strong><\/h2>\n\n\n\n<p>El coaching nutricional te proporciona el conocimiento necesario para tomar decisiones informadas. <\/p>\n\n\n\n<p>Comprender\u00e1s la importancia de los nutrientes esenciales, dominar\u00e1s el control de las porciones y aprender\u00e1s c\u00f3mo los diferentes alimentos afectan el rendimiento y la recuperaci\u00f3n de tu cuerpo. <\/p>\n\n\n\n<p>Adquirir\u00e1s las habilidades necesarias para desenvolverte con confianza en el mundo de la alimentaci\u00f3n.<\/p>\n\n\n\n<p>Imag\u00ednate movi\u00e9ndote sin esfuerzo por las tiendas de comestibles, creando comidas nutritivas y seleccionando con confianza opciones saludables, incluso cuando cenas fuera en Sotogrande. <\/p>\n\n\n\n<p>Identifica opciones m\u00e1s saludables en restaurantes locales o adapta recetas tradicionales espa\u00f1olas para que se ajusten a tus necesidades diet\u00e9ticas. <\/p>\n\n\n\n<p>Tu coach te proporciona consejos pr\u00e1cticos para la planificaci\u00f3n de comidas, transformando los desaf\u00edos cotidianos en oportunidades para una alimentaci\u00f3n consciente.<\/p>\n<\/div>\n<\/div>\n\n\n\n<div style=\"height:31px\" aria-hidden=\"true\" class=\"wp-block-spacer\"><\/div>\n\n\n\n<figure class=\"wp-block-image size-full is-resized\"><img fetchpriority=\"high\" decoding=\"async\" width=\"720\" height=\"1080\" src=\"https:\/\/titanacademy.eu\/wp-content\/uploads\/2024\/01\/IMG_6064.jpg\" alt=\"\" class=\"wp-image-2025\" style=\"object-fit:cover;width:1200px;height:500px\" title=\"\" srcset=\"https:\/\/titanacademy.eu\/wp-content\/uploads\/2024\/01\/IMG_6064.jpg 720w, https:\/\/titanacademy.eu\/wp-content\/uploads\/2024\/01\/IMG_6064-200x300.jpg 200w, https:\/\/titanacademy.eu\/wp-content\/uploads\/2024\/01\/IMG_6064-683x1024.jpg 683w, https:\/\/titanacademy.eu\/wp-content\/uploads\/2024\/01\/IMG_6064-768x1152.jpg 768w, https:\/\/titanacademy.eu\/wp-content\/uploads\/2024\/01\/IMG_6064-1024x1536.jpg 1024w, https:\/\/titanacademy.eu\/wp-content\/uploads\/2024\/01\/IMG_6064-1x2.jpg 1w\" sizes=\"(max-width: 720px) 100vw, 720px\" \/><\/figure>\n\n\n\n<div style=\"height:31px\" aria-hidden=\"true\" class=\"wp-block-spacer\"><\/div>\n\n\n\n<h3 class=\"wp-block-heading has-text-align-center\"><strong>Apoyo personalizado y responsabilidad<\/strong><\/h3>\n\n\n\n<p>La responsabilidad y el apoyo son cruciales. Tu coach act\u00faa como tu socio dedicado, ofreci\u00e9ndote \u00e1nimo y orientaci\u00f3n. Las llamadas de control semanales, las consultas en persona y el soporte por correo electr\u00f3nico garantizan que te mantengas motivado.  <\/p>\n\n\n\n<p class=\"has-text-align-left\">Las sesiones de seguimiento peri\u00f3dicas te permiten realizar un seguimiento del progreso, abordar los obst\u00e1culos y ajustar tu plan. Durante estas sesiones, se revisar\u00e1n tus registros de alimentos, se analizar\u00e1 tu progreso y se abordar\u00e1n los desaf\u00edos. El apoyo de tu coach te ayuda a mantenerte comprometido y a desarrollar una mentalidad positiva, fomentando la independencia y capacit\u00e1ndote para tomar el control de tu salud.  <\/p>\n\n\n\t\t<div data-elementor-type=\"container\" data-elementor-id=\"5387\" class=\"elementor elementor-5387 elementor-4227\" data-elementor-post-type=\"elementor_library\">\n\t\t\t\t<div class=\"elementor-element elementor-element-63f97d37 e-con-full e-flex wpr-particle-no wpr-jarallax-no wpr-parallax-no wpr-sticky-section-no e-con e-child\" data-id=\"63f97d37\" data-element_type=\"container\" data-settings=\"{&quot;background_background&quot;:&quot;classic&quot;}\">\n\t\t\t\t<div class=\"elementor-element elementor-element-e7d278c elementor-align-right elementor-tablet-align-left elementor-widget__width-initial elementor-widget elementor-widget-button\" data-id=\"e7d278c\" data-element_type=\"widget\" data-widget_type=\"button.default\">\n\t\t\t\t<div class=\"elementor-widget-container\">\n\t\t\t\t\t\t\t\t\t<div class=\"elementor-button-wrapper\">\n\t\t\t\t\t<a class=\"elementor-button elementor-button-link elementor-size-sm\" href=\"https:\/\/titanacademy.eu\/es\/contacto\/\" target=\"_blank\">\n\t\t\t\t\t\t<span class=\"elementor-button-content-wrapper\">\n\t\t\t\t\t\t\t\t\t<span class=\"elementor-button-text\">Cont\u00e1ctenos ahora<\/span>\n\t\t\t\t\t<\/span>\n\t\t\t\t\t<\/a>\n\t\t\t\t<\/div>\n\t\t\t\t\t\t\t\t<\/div>\n\t\t\t\t<\/div>\n\t\t<div class=\"elementor-element elementor-element-21a7eafd e-con-full e-flex wpr-particle-no wpr-jarallax-no wpr-parallax-no wpr-sticky-section-no e-con e-child\" data-id=\"21a7eafd\" data-element_type=\"container\">\n\t\t\t\t<div class=\"elementor-element elementor-element-186a18ba elementor-widget elementor-widget-heading\" data-id=\"186a18ba\" data-element_type=\"widget\" data-widget_type=\"heading.default\">\n\t\t\t\t<div class=\"elementor-widget-container\">\n\t\t\t\t\t<h3 class=\"elementor-heading-title elementor-size-default\">Deje de adivinar: controle los cambios reales de su cuerpo<\/h3>\t\t\t\t<\/div>\n\t\t\t\t<\/div>\n\t\t\t\t<div class=\"elementor-element elementor-element-55ba8bef elementor-widget elementor-widget-text-editor\" data-id=\"55ba8bef\" data-element_type=\"widget\" data-widget_type=\"text-editor.default\">\n\t\t\t\t<div class=\"elementor-widget-container\">\n\t\t\t\t\t\t\t\t\tDeje de adivinar si su programa de ejercicios est\u00e1 funcionando. Nuestro an\u00e1lisis preciso de la composici\u00f3n corporal revela las ganancias musculares y la p\u00e9rdida de grasa que las b\u00e1sculas no pueden mostrar, lo que le brinda los datos para optimizar su nutrici\u00f3n y celebrar el progreso real.\t\t\t\t\t\t\t\t<\/div>\n\t\t\t\t<\/div>\n\t\t\t\t<\/div>\n\t\t\t\t<\/div>\n\t\t\t\t<\/div>\n\t\t\n\n\n\n<div style=\"height:31px\" aria-hidden=\"true\" class=\"wp-block-spacer\"><\/div>\n\n\n\n<h2 class=\"wp-block-heading has-text-align-center\"><strong>Integraci\u00f3n de cuerpo, mente y esp\u00edritu<\/strong><\/h2>\n\n\n\n<p>El coaching nutricional abarca el bienestar, reconociendo la interconexi\u00f3n de la mente, el cuerpo y el esp\u00edritu. Se trata de comprender c\u00f3mo la nutrici\u00f3n, el ejercicio, el manejo del estr\u00e9s y otros factores del estilo de vida se sinergizan. Las t\u00e9cnicas de mindfulness, las estrategias de reducci\u00f3n del estr\u00e9s y las recomendaciones de ejercicio se incorporan a tu plan para promover el bienestar.  <\/p>\n\n\n\n<p>Al abordar todos los aspectos, el coaching nutricional promueve un estilo de vida equilibrado, nutriendo tu cuerpo, mente y alma. Esto se extiende m\u00e1s all\u00e1 de la cocina, impactando tu bienestar f\u00edsico, mental y emocional. Se pueden desarrollar estrategias para controlar el estr\u00e9s y mantener el equilibrio.  <\/p>\n\n\n\n<div style=\"height:31px\" aria-hidden=\"true\" class=\"wp-block-spacer\"><\/div>\n\n\n\n<div class=\"wp-block-columns is-layout-flex wp-container-core-columns-is-layout-9d6595d7 wp-block-columns-is-layout-flex\">\n<div class=\"wp-block-column is-layout-flow wp-block-column-is-layout-flow\">\n<h2 class=\"wp-block-heading\"><strong>Beneficios del coaching nutricional personalizado<\/strong><\/h2>\n\n\n\n<p>El coaching nutricional personalizado ofrece servicios dise\u00f1ados para satisfacer tus necesidades y objetivos:<\/p>\n\n\n\n<ul class=\"wp-block-list\">\n<li><strong>Evaluaci\u00f3n inicial en profundidad:<\/strong> Una evaluaci\u00f3n exhaustiva de tu salud actual, h\u00e1bitos alimenticios, estilo de vida y objetivos. Esto incluye un cuestionario detallado, un an\u00e1lisis de la composici\u00f3n corporal y una discusi\u00f3n de tu historial de salud, estilo de vida y objetivos. Se pueden recomendar an\u00e1lisis de sangre espec\u00edficos u otras evaluaciones.  <br><\/li>\n\n\n\n<li><strong>Planes de nutrici\u00f3n personalizados:<\/strong> Planes de nutrici\u00f3n personalizados adaptados a tus necesidades, preferencias y objetivos diet\u00e9ticos. Estos planes se basan en tus necesidades de macronutrientes, preferencias alimentarias y restricciones diet\u00e9ticas. Una variedad de opciones de comidas, recetas y listas de compras facilitan el seguimiento de tu plan. Esto puede incluir estrategias para el control del peso, el aumento de masa muscular o el manejo de condiciones de salud espec\u00edficas, e incorporar ajustes en el estilo de vida para el \u00e9xito a largo plazo.   <\/li>\n<\/ul>\n<\/div>\n\n\n\n<div class=\"wp-block-column is-layout-flow wp-block-column-is-layout-flow\">\n<ul class=\"wp-block-list\">\n<li><strong>Orientaci\u00f3n nutricional experta:<\/strong> Orientaci\u00f3n sobre macro y micronutrientes, tama\u00f1os de las porciones, comprensi\u00f3n de las etiquetas de los alimentos y toma de decisiones diet\u00e9ticas informadas. <br><br>Se proporcionan recomendaciones basadas en la evidencia sobre temas como el control de las porciones, la alimentaci\u00f3n consciente y la interpretaci\u00f3n de las etiquetas de los alimentos.<br><\/li>\n\n\n\n<li><strong>Estrategias de planificaci\u00f3n y preparaci\u00f3n de comidas:<\/strong> Aprende a planificar y preparar comidas saludables que se adapten a tu estilo de vida y te ayuden a alcanzar tus objetivos. <br><br>Se ofrecen consejos sobre la compra de alimentos, la preparaci\u00f3n de comidas y las cenas fuera de casa. Esto incluye consejos personalizados para la planificaci\u00f3n de comidas y opciones de refrigerios saludables. <\/li>\n<\/ul>\n\n\n\n<p><strong>Seguimiento continuo del progreso y ajustes:<\/strong> Las sesiones de seguimiento peri\u00f3dicas rastrean tu progreso, abordan cualquier desaf\u00edo y ajustan tu plan de nutrici\u00f3n. <\/p>\n\n\n\n<p>Tu progreso se rastrea a trav\u00e9s de pesajes regulares, an\u00e1lisis de la composici\u00f3n corporal y revisiones del diario de alimentos.<\/p>\n<\/div>\n<\/div>\n\n\n\n<div style=\"height:31px\" aria-hidden=\"true\" class=\"wp-block-spacer\"><\/div>\n\n\n\n<h2 class=\"wp-block-heading has-text-align-center\" id=\"-fYdlKfGAgUNR0Nt6xhG2\"><strong>Seleccionar al coach nutricional adecuado en Sotogrande<\/strong><\/h2>\n\n\n\n<p>Elegir al coach nutricional adecuado es primordial. Busca un profesional certificado con una s\u00f3lida base en ciencia de la nutrici\u00f3n y un historial probado. Considera sus \u00e1reas de especializaci\u00f3n, estilo de coaching y personalidad.  <\/p>\n\n\n\n<p>Durante tu consulta inicial, pregunta a los posibles coaches sobre su experiencia con clientes que tienen objetivos similares, su enfoque para manejar los contratiempos y su estilo de comunicaci\u00f3n. Programa una consulta para reunirte con los posibles coaches, discutir tus objetivos y ver si te sientes c\u00f3modo trabajando con ellos. <\/p>\n\n\n\n<h2 class=\"wp-block-heading\"><strong>Comienza tu viaje hacia un mayor bienestar<\/strong><\/h2>\n\n\n\n<p class=\"has-text-align-left\">\u00bfListo para desbloquear tu m\u00e1ximo rendimiento y experimentar el estilo de vida de Sotogrande? Cont\u00e1ctanos hoy mismo para una consulta y descubre c\u00f3mo la nutrici\u00f3n personalizada puede transformar tu vida. <\/p>\n\n\n\t\t<div data-elementor-type=\"container\" data-elementor-id=\"5387\" class=\"elementor elementor-5387 elementor-4227\" data-elementor-post-type=\"elementor_library\">\n\t\t\t\t<div class=\"elementor-element elementor-element-63f97d37 e-con-full e-flex wpr-particle-no wpr-jarallax-no wpr-parallax-no wpr-sticky-section-no e-con e-child\" data-id=\"63f97d37\" data-element_type=\"container\" data-settings=\"{&quot;background_background&quot;:&quot;classic&quot;}\">\n\t\t\t\t<div class=\"elementor-element elementor-element-e7d278c elementor-align-right elementor-tablet-align-left elementor-widget__width-initial elementor-widget elementor-widget-button\" data-id=\"e7d278c\" data-element_type=\"widget\" data-widget_type=\"button.default\">\n\t\t\t\t<div class=\"elementor-widget-container\">\n\t\t\t\t\t\t\t\t\t<div class=\"elementor-button-wrapper\">\n\t\t\t\t\t<a class=\"elementor-button elementor-button-link elementor-size-sm\" href=\"https:\/\/titanacademy.eu\/es\/contacto\/\" target=\"_blank\">\n\t\t\t\t\t\t<span class=\"elementor-button-content-wrapper\">\n\t\t\t\t\t\t\t\t\t<span class=\"elementor-button-text\">Cont\u00e1ctenos ahora<\/span>\n\t\t\t\t\t<\/span>\n\t\t\t\t\t<\/a>\n\t\t\t\t<\/div>\n\t\t\t\t\t\t\t\t<\/div>\n\t\t\t\t<\/div>\n\t\t<div class=\"elementor-element elementor-element-21a7eafd e-con-full e-flex wpr-particle-no wpr-jarallax-no wpr-parallax-no wpr-sticky-section-no e-con e-child\" data-id=\"21a7eafd\" data-element_type=\"container\">\n\t\t\t\t<div class=\"elementor-element elementor-element-186a18ba elementor-widget elementor-widget-heading\" data-id=\"186a18ba\" data-element_type=\"widget\" data-widget_type=\"heading.default\">\n\t\t\t\t<div class=\"elementor-widget-container\">\n\t\t\t\t\t<h3 class=\"elementor-heading-title elementor-size-default\">Deje de adivinar: controle los cambios reales de su cuerpo<\/h3>\t\t\t\t<\/div>\n\t\t\t\t<\/div>\n\t\t\t\t<div class=\"elementor-element elementor-element-55ba8bef elementor-widget elementor-widget-text-editor\" data-id=\"55ba8bef\" data-element_type=\"widget\" data-widget_type=\"text-editor.default\">\n\t\t\t\t<div class=\"elementor-widget-container\">\n\t\t\t\t\t\t\t\t\tDeje de adivinar si su programa de ejercicios est\u00e1 funcionando. Nuestro an\u00e1lisis preciso de la composici\u00f3n corporal revela las ganancias musculares y la p\u00e9rdida de grasa que las b\u00e1sculas no pueden mostrar, lo que le brinda los datos para optimizar su nutrici\u00f3n y celebrar el progreso real.\t\t\t\t\t\t\t\t<\/div>\n\t\t\t\t<\/div>\n\t\t\t\t<\/div>\n\t\t\t\t<\/div>\n\t\t\t\t<\/div>\n\t\t\n\n\n\n<h3 class=\"wp-block-heading\">Nuestras ubicaciones<\/h3>\n\n\n\n<ul class=\"wp-block-list\">\n<li><a href=\"https:\/\/titanacademy.eu\/es\/planificacion-de-entrenamiento-y-nutricion\/guadiaro\/\" title=\"\">Planificaci\u00f3n nutricional y entrenamiento en Guadiaro<\/a><\/li>\n\n\n\n<li><a href=\"https:\/\/titanacademy.eu\/es\/planificacion-de-entrenamiento-y-nutricion\/san-enrique-de-guadiaro\/\">Asesoramiento nutricional y en San Enrique de Guadiaro<\/a><\/li>\n\n\n\n<li><a href=\"https:\/\/titanacademy.eu\/es\/planificacion-de-entrenamiento-y-nutricion\/pueblo-nuevo-de-guadiaro\/\">Coaching y planificaci\u00f3n nutricional en Pueblo Nuevo de Guadiaro<\/a><\/li>\n\n\n\n<li><a href=\"https:\/\/titanacademy.eu\/es\/planificacion-de-entrenamiento-y-nutricion\/sotogrande\/\" title=\"\">Coaching y planificaci\u00f3n nutricional en Sotogrande<\/a><\/li>\n\n\n\n<li><a href=\"https:\/\/titanacademy.eu\/es\/planificacion-de-entrenamiento-y-nutricion\/campamento\/\">Entrenamiento y planificaci\u00f3n nutricional en Campamento<\/a><\/li>\n\n\n\n<li><a href=\"https:\/\/titanacademy.eu\/es\/planificacion-de-entrenamiento-y-nutricion\/la-alcaidesa\/\">Entrenamiento y planificaci\u00f3n nutricional en La Alcaidesa<\/a><\/li>\n\n\n\n<li><a href=\"https:\/\/titanacademy.eu\/es\/planificacion-de-entrenamiento-y-nutricion\/gibraltar\/\">Planificaci\u00f3n de entrenamiento y nutrici\u00f3n en Gibraltar<\/a><\/li>\n\n\n\n<li><a href=\"https:\/\/titanacademy.eu\/es\/planificacion-de-entrenamiento-y-nutricion\/san-roque\/\" title=\"\">Planificaci\u00f3n de entrenamiento y nutrici\u00f3n en San Roque<\/a><\/li>\n\n\n\n<li><a href=\"https:\/\/titanacademy.eu\/es\/planificacion-de-entrenamiento-y-nutricion\/torreguadiaro\/\" title=\"\">Planificaci\u00f3n de entrenamiento y nutrici\u00f3n en Torreguadiaro<\/a><\/li>\n<\/ul>\n","protected":false},"excerpt":{"rendered":"<p>Sotogrande ofrece una vida de lujo y un estilo de vida activo y soleado, presentando oportunidades y desaf\u00edos para optimizar tu salud. Ve m\u00e1s all\u00e1 de las modas pasajeras de las dietas y descubre c\u00f3mo un enfoque de coaching nutricional personalizado, adaptado a tus necesidades individuales, puede desbloquear una versi\u00f3n m\u00e1s vibrante y en\u00e9rgica de ti. Los estudios indican que las personas que siguen planes de nutrici\u00f3n personalizados experimentan una tasa de \u00e9xito significativamente mayor en comparaci\u00f3n con aquellas que se adhieren a dietas gen\u00e9ricas. Comprender tus necesidades nutricionales individuales \u00bfEst\u00e1s cansado de consejos nutricionales contradictorios? \u00bfTe cuesta mantener niveles de energ\u00eda constantes a lo largo de d\u00edas exigentes? Lograr una salud \u00f3ptima requiere claridad. El coaching nutricional personalizado ofrece un plan con respaldo cient\u00edfico adaptado a tus necesidades. Cada vez m\u00e1s personas en Sotogrande reconocen el poder transformador de trabajar con entrenadores experimentados que entienden de alimentaci\u00f3n y bienestar. Esto es importante al equilibrar una vida social activa con compromisos profesionales. Creaci\u00f3n de un plan personalizado: evaluaci\u00f3n y acci\u00f3n Los planes de comidas gen\u00e9ricos est\u00e1n desactualizados. Tu viaje comienza con una evaluaci\u00f3n exhaustiva para explorar tus h\u00e1bitos alimenticios, estilo de vida y aspiraciones. Un coach nutricional certificado colabora contigo para desarrollar un plan adaptado a tus necesidades. Una evaluaci\u00f3n exhaustiva incluye un historial diet\u00e9tico detallado, un an\u00e1lisis del estilo de vida y pruebas de biomarcadores para identificar posibles deficiencias o intolerancias de nutrientes. A trav\u00e9s de consultas, tu coach te ayuda a identificar \u00e1reas de mejora y a establecer objetivos realistas. Ya sea que tu objetivo sea controlar tu peso, optimizar los niveles de energ\u00eda, mejorar tu rendimiento en deportes como el golf o el polo, o abordar un problema de salud espec\u00edfico, tu plan de nutrici\u00f3n personalizado act\u00faa como una hoja de ruta. Los coaches nutricionales certificados poseen t\u00edtulos avanzados en ciencia de la nutrici\u00f3n y experiencia trabajando con personas motivadas. Educaci\u00f3n nutricional m\u00e1s all\u00e1 del plato El coaching nutricional te proporciona el conocimiento necesario para tomar decisiones informadas. Comprender\u00e1s la importancia de los nutrientes esenciales, dominar\u00e1s el control de las porciones y aprender\u00e1s c\u00f3mo los diferentes alimentos afectan el rendimiento y la recuperaci\u00f3n de tu cuerpo. Adquirir\u00e1s las habilidades necesarias para desenvolverte con confianza en el mundo de la alimentaci\u00f3n. Imag\u00ednate movi\u00e9ndote sin esfuerzo por las tiendas de comestibles, creando comidas nutritivas y seleccionando con confianza opciones saludables, incluso cuando cenas fuera en Sotogrande. Identifica opciones m\u00e1s saludables en restaurantes locales o adapta recetas tradicionales espa\u00f1olas para que se ajusten a tus necesidades diet\u00e9ticas. Tu coach te proporciona consejos pr\u00e1cticos para la planificaci\u00f3n de comidas, transformando los desaf\u00edos cotidianos en oportunidades para una alimentaci\u00f3n consciente. Apoyo personalizado y responsabilidad La responsabilidad y el apoyo son cruciales. Tu coach act\u00faa como tu socio dedicado, ofreci\u00e9ndote \u00e1nimo y orientaci\u00f3n. Las llamadas de control semanales, las consultas en persona y el soporte por correo electr\u00f3nico garantizan que te mantengas motivado. Las sesiones de seguimiento peri\u00f3dicas te permiten realizar un seguimiento del progreso, abordar los obst\u00e1culos y ajustar tu plan. Durante estas sesiones, se revisar\u00e1n tus registros de alimentos, se analizar\u00e1 tu progreso y se abordar\u00e1n los desaf\u00edos. El apoyo de tu coach te ayuda a mantenerte comprometido y a desarrollar una mentalidad positiva, fomentando la independencia y capacit\u00e1ndote para tomar el control de tu salud. Integraci\u00f3n de cuerpo, mente y esp\u00edritu El coaching nutricional abarca el bienestar, reconociendo la interconexi\u00f3n de la mente, el cuerpo y el esp\u00edritu. Se trata de comprender c\u00f3mo la nutrici\u00f3n, el ejercicio, el manejo del estr\u00e9s y otros factores del estilo de vida se sinergizan. Las t\u00e9cnicas de mindfulness, las estrategias de reducci\u00f3n del estr\u00e9s y las recomendaciones de ejercicio se incorporan a tu plan para promover el bienestar. Al abordar todos los aspectos, el coaching nutricional promueve un estilo de vida equilibrado, nutriendo tu cuerpo, mente y alma. Esto se extiende m\u00e1s all\u00e1 de la cocina, impactando tu bienestar f\u00edsico, mental y emocional. Se pueden desarrollar estrategias para controlar el estr\u00e9s y mantener el equilibrio. Beneficios del coaching nutricional personalizado El coaching nutricional personalizado ofrece servicios dise\u00f1ados para satisfacer tus necesidades y objetivos: Seguimiento continuo del progreso y ajustes: Las sesiones de seguimiento peri\u00f3dicas rastrean tu progreso, abordan cualquier desaf\u00edo y ajustan tu plan de nutrici\u00f3n. Tu progreso se rastrea a trav\u00e9s de pesajes regulares, an\u00e1lisis de la composici\u00f3n corporal y revisiones del diario de alimentos. Seleccionar al coach nutricional adecuado en Sotogrande Elegir al coach nutricional adecuado es primordial. Busca un profesional certificado con una s\u00f3lida base en ciencia de la nutrici\u00f3n y un historial probado. Considera sus \u00e1reas de especializaci\u00f3n, estilo de coaching y personalidad. Durante tu consulta inicial, pregunta a los posibles coaches sobre su experiencia con clientes que tienen objetivos similares, su enfoque para manejar los contratiempos y su estilo de comunicaci\u00f3n. Programa una consulta para reunirte con los posibles coaches, discutir tus objetivos y ver si te sientes c\u00f3modo trabajando con ellos. Comienza tu viaje hacia un mayor bienestar \u00bfListo para desbloquear tu m\u00e1ximo rendimiento y experimentar el estilo de vida de Sotogrande? Cont\u00e1ctanos hoy mismo para una consulta y descubre c\u00f3mo la nutrici\u00f3n personalizada puede transformar tu vida. Nuestras ubicaciones<\/p>\n","protected":false},"author":9108,"featured_media":0,"parent":5314,"menu_order":0,"comment_status":"closed","ping_status":"closed","template":"","meta":{"_monsterinsights_skip_tracking":false,"_monsterinsights_sitenote_active":false,"_monsterinsights_sitenote_note":"","_monsterinsights_sitenote_category":0,"footnotes":""},"categories":[82],"tags":[],"class_list":["post-5312","page","type-page","status-publish","hentry","category-planificacion-y-entrenamiento-nutricional"],"_links":{"self":[{"href":"https:\/\/titanacademy.eu\/es\/wp-json\/wp\/v2\/pages\/5312","targetHints":{"allow":["GET"]}}],"collection":[{"href":"https:\/\/titanacademy.eu\/es\/wp-json\/wp\/v2\/pages"}],"about":[{"href":"https:\/\/titanacademy.eu\/es\/wp-json\/wp\/v2\/types\/page"}],"author":[{"embeddable":true,"href":"https:\/\/titanacademy.eu\/es\/wp-json\/wp\/v2\/users\/9108"}],"replies":[{"embeddable":true,"href":"https:\/\/titanacademy.eu\/es\/wp-json\/wp\/v2\/comments?post=5312"}],"version-history":[{"count":2,"href":"https:\/\/titanacademy.eu\/es\/wp-json\/wp\/v2\/pages\/5312\/revisions"}],"predecessor-version":[{"id":5754,"href":"https:\/\/titanacademy.eu\/es\/wp-json\/wp\/v2\/pages\/5312\/revisions\/5754"}],"up":[{"embeddable":true,"href":"https:\/\/titanacademy.eu\/es\/wp-json\/wp\/v2\/pages\/5314"}],"wp:attachment":[{"href":"https:\/\/titanacademy.eu\/es\/wp-json\/wp\/v2\/media?parent=5312"}],"wp:term":[{"taxonomy":"category","embeddable":true,"href":"https:\/\/titanacademy.eu\/es\/wp-json\/wp\/v2\/categories?post=5312"},{"taxonomy":"post_tag","embeddable":true,"href":"https:\/\/titanacademy.eu\/es\/wp-json\/wp\/v2\/tags?post=5312"}],"curies":[{"name":"wp","href":"https:\/\/api.w.org\/{rel}","templated":true}]}}